{"id":6126,"date":"2025-10-23T23:29:47","date_gmt":"2025-10-23T21:29:47","guid":{"rendered":"http:\/\/torzokom.com\/?post_type=product&#038;p=6126"},"modified":"2026-03-13T12:47:59","modified_gmt":"2026-03-13T11:47:59","slug":"torzokom-ba-proizvod-minox-allrounder-1-5x24","status":"publish","type":"product","link":"https:\/\/torzokom.com\/ba\/proizvod\/torzokom-ba-proizvod-minox-allrounder-1-5x24\/","title":{"rendered":"Minox Allounder 1-5&#215;24 Optika"},"content":{"rendered":"<h2 class=\"otQkpb\" role=\"heading\" aria-level=\"3\" data-complete=\"true\" data-processed=\"true\"><strong class=\"Yjhzub\" data-sfc-cb=\"\" data-complete=\"true\">MINOX Allrounder 1-5&#215;24 \u2013 Kralj pogonskog lova i brzih reakcija<\/strong><\/h2>\n<div class=\"Y3BBE\" data-sfc-cp=\"\" data-sfc-cb=\"\" data-hveid=\"CAEIBBAA\" data-complete=\"true\" data-processed=\"true\"><strong class=\"Yjhzub\" data-sfc-cb=\"\" data-complete=\"true\" data-processed=\"true\">MINOX Allrounder 1-5&#215;24<\/strong>\u00a0je vrhunski opti\u010dki ni\u0161an dizajniran za najdinami\u010dnije lova\u010dke situacije. Bilo da se radi o pogonskom lovu na divlje svinje ili situacijama gdje je svaki djeli\u0107 sekunde presudan, ovaj ni\u0161an pru\u017ea neuporedivu brzinu i preglednost. Sa pravim\u00a0<strong class=\"Yjhzub\" data-sfc-cb=\"\" data-complete=\"true\" data-processed=\"true\">1x uve\u0107anjem<\/strong>, omogu\u0107ava vam da ciljate sa oba oka otvorena, zadr\u017eavaju\u0107i maksimalnu svjesnost o okolini.<\/div>\n<div class=\"Fsg96\" data-sfc-cp=\"\" data-sfc-cb=\"\" data-complete=\"true\" data-processed=\"true\"><\/div>\n<div class=\"AdPoic\" role=\"heading\" aria-level=\"3\" data-animation-nesting=\"\" data-sfc-cp=\"\" data-sfc-cb=\"\" data-complete=\"true\" data-processed=\"true\" data-sae=\"\"><strong class=\"Yjhzub\" data-sfc-cb=\"\" data-complete=\"true\">Za\u0161to odabrati MINOX Allrounder 1-5&#215;24?<\/strong><\/div>\n<div role=\"heading\" aria-level=\"3\" data-animation-nesting=\"\" data-sfc-cp=\"\" data-sfc-cb=\"\" data-complete=\"true\" data-processed=\"true\" data-sae=\"\"><\/div>\n<ul class=\"KsbFXc U6u95\" data-sfc-cb=\"\" data-complete=\"true\" data-processed=\"true\">\n<li class=\"dF3vjf\" data-sfc-cb=\"\" data-hveid=\"CAEIBhAA\" data-complete=\"true\" data-sae=\"\"><span class=\"T286Pc\" data-sfc-cp=\"\" data-sfc-cb=\"\" data-complete=\"true\"><strong class=\"Yjhzub\" data-sfc-cb=\"\" data-complete=\"true\">FTA (Fast Target Acquisition) tehnologija:<\/strong>\u00a0Zahvaljuju\u0107i ogromnoj izlaznoj pupili i opti\u010dkom dizajnu koji &#8220;smje\u0161ta&#8221; oko direktno u centar slike, pronala\u017eenje cilja je trenutno. FTA elimini\u0161e crne rubove i omogu\u0107ava vam da reagujete br\u017ee od divlja\u010di.<\/span><\/li>\n<li class=\"dF3vjf\" data-sfc-cb=\"\" data-hveid=\"CAEIBhAB\" data-complete=\"true\" data-sae=\"\"><span class=\"T286Pc\" data-sfc-cp=\"\" data-sfc-cb=\"\" data-complete=\"true\"><strong class=\"Yjhzub\" data-sfc-cb=\"\" data-complete=\"true\">Izuzetno \u0161iroko vidno polje:<\/strong>\u00a0Sa vidnim poljem od\u00a0<strong class=\"Yjhzub\" data-sfc-cb=\"\" data-complete=\"true\">37 metara na 100 m<\/strong>\u00a0(pri 1x uve\u0107anju), ovaj ni\u0161an vam daje panoramski pregled terena, \u0161to je klju\u010dno za sigurnost i preciznost u gustim \u0161umama.<\/span><\/li>\n<li class=\"dF3vjf\" data-sfc-cb=\"\" data-hveid=\"CAEIBhAC\" data-complete=\"true\" data-sae=\"\"><span class=\"T286Pc\" data-sfc-cp=\"\" data-sfc-cb=\"\" data-complete=\"true\"><strong class=\"Yjhzub\" data-sfc-cb=\"\" data-complete=\"true\">Fiber-Optic crvena ta\u010dka:<\/strong>\u00a0Ultra-fina crvena ta\u010dka sa pode\u0161avanjem intenziteta vidljiva je i na najja\u010dem dnevnom suncu. Integrisani\u00a0<strong class=\"Yjhzub\" data-sfc-cb=\"\" data-complete=\"true\">senzor polo\u017eaja<\/strong>\u00a0automatski gasi osvjetljenje \u010dim pu\u0161ku odlo\u017eite, \u010duvaju\u0107i bateriju za odlu\u010duju\u0107i trenutak.<\/span><\/li>\n<li class=\"dF3vjf\" data-sfc-cb=\"\" data-hveid=\"CAEIBhAD\" data-complete=\"true\" data-sae=\"\"><span class=\"T286Pc\" data-sfc-cp=\"\" data-sfc-cb=\"\" data-complete=\"true\"><strong class=\"Yjhzub\" data-sfc-cb=\"\" data-complete=\"true\">Njema\u010dka opti\u010dka \u010disto\u0107a:<\/strong>\u00a0Vi\u0161eslojni\u00a0<em class=\"eujQNb\" data-sfc-cb=\"\" data-complete=\"true\">M\u00a0premazi<\/em>* so\u010diva osiguravaju kristalno jasnu sliku, visok kontrast i vjerne boje, \u010dak i u uslovima sjenovite \u0161ume ili lo\u0161eg vremena.<\/span><\/li>\n<li class=\"dF3vjf\" data-sfc-cb=\"\" data-hveid=\"CAEIBhAE\" data-complete=\"true\" data-sae=\"\"><span class=\"T286Pc\" data-sfc-cp=\"\" data-sfc-cb=\"\" data-complete=\"true\"><strong class=\"Yjhzub\" data-sfc-cb=\"\" data-complete=\"true\">Robusna i kompaktna izrada:<\/strong>\u00a0Sa tubusom od\u00a0<strong class=\"Yjhzub\" data-sfc-cb=\"\" data-complete=\"true\">30 mm<\/strong> od anodiziranog aluminijuma, Allrounder 1-5&#215;24 je vodootporan, punjen argonom protiv magljenja i spreman za najja\u010de trzaje.<\/span><\/li>\n<\/ul>\n<div class=\"Fsg96\" data-sfc-cp=\"\" data-sfc-cb=\"\" data-complete=\"true\" data-processed=\"true\"><\/div>","protected":false},"excerpt":{"rendered":"<div class=\"Y3BBE\" data-sfc-cp=\"\" data-sfc-cb=\"\" data-hveid=\"CAEIAxAA\" data-complete=\"true\" data-processed=\"true\"><strong class=\"Yjhzub\" data-sfc-cb=\"\" data-complete=\"true\" data-processed=\"true\">MINOX Allrounder 1-5&#215;24<\/strong>\u00a0je vrhunski njema\u010dki opti\u010dki ni\u0161an projektovan za maksimalnu brzinu i preglednost u najdinami\u010dnijim lova\u010dkim situacijama. Sa\u00a0<strong class=\"Yjhzub\" data-sfc-cb=\"\" data-complete=\"true\" data-processed=\"true\">pravim 1x uve\u0107anjem<\/strong>\u00a0i revolucionarnom\u00a0<strong class=\"Yjhzub\" data-sfc-cb=\"\" data-complete=\"true\" data-processed=\"true\">FTA (Fast Target Acquisition)<\/strong>\u00a0tehnologijom, ovaj model omogu\u0107ava munjevito nani\u0161anjivanje sa oba otvorena oka. Idealno rje\u0161enje za pogonski lov gdje \u0161iroko vidno polje od\u00a0<strong class=\"Yjhzub\" data-sfc-cb=\"\" data-complete=\"true\" data-processed=\"true\">37m<\/strong> \u010dini razliku izme\u0111u uspjeha i proma\u0161aja.<\/div>\n<div data-sfc-cp=\"\" data-sfc-cb=\"\" data-hveid=\"CAEIAxAA\" data-complete=\"true\" data-processed=\"true\"><\/div>\n<div class=\"Y3BBE\" data-sfc-cp=\"\" data-sfc-cb=\"\" data-hveid=\"CAEIBBAA\" data-complete=\"true\" data-processed=\"true\"><strong class=\"Yjhzub\" data-sfc-cb=\"\" data-complete=\"true\" data-processed=\"true\">Klju\u010dne prednosti:<\/strong><\/div>\n<ul class=\"KsbFXc U6u95\" data-sfc-cb=\"\" data-complete=\"true\" data-processed=\"true\">\n<li class=\"dF3vjf\" data-sfc-cb=\"\" data-hveid=\"CAEIBRAA\" data-complete=\"true\" data-sae=\"\"><span class=\"T286Pc\" data-sfc-cp=\"\" data-sfc-cb=\"\" data-complete=\"true\"><strong class=\"Yjhzub\" data-sfc-cb=\"\" data-complete=\"true\">FTA tehnologija:<\/strong>\u00a0Trenutno &#8220;hvatanje&#8221; cilja bez crnih rubova u slici.<\/span><\/li>\n<li class=\"dF3vjf\" data-sfc-cb=\"\" data-hveid=\"CAEIBRAB\" data-complete=\"true\" data-sae=\"\"><span class=\"T286Pc\" data-sfc-cp=\"\" data-sfc-cb=\"\" data-complete=\"true\"><strong class=\"Yjhzub\" data-sfc-cb=\"\" data-complete=\"true\">\u0160iroko vidno polje:<\/strong>\u00a0Panoramski pregled terena od 37,1 m na 100 m.<\/span><\/li>\n<li class=\"dF3vjf\" data-sfc-cb=\"\" data-hveid=\"CAEIBRAC\" data-complete=\"true\" data-sae=\"\"><span class=\"T286Pc\" data-sfc-cp=\"\" data-sfc-cb=\"\" data-complete=\"true\"><strong class=\"Yjhzub\" data-sfc-cb=\"\" data-complete=\"true\">Fiber-Optic ta\u010dka:<\/strong>\u00a0Ultra-precizno osvjetljenje sa senzorom polo\u017eaja i auto-ga\u0161enjem.<\/span><\/li>\n<li class=\"dF3vjf\" data-sfc-cb=\"\" data-hveid=\"CAEIBRAD\" data-complete=\"true\" data-sae=\"\"><span class=\"T286Pc\" data-sfc-cp=\"\" data-sfc-cb=\"\" data-complete=\"true\"><strong class=\"Yjhzub\" data-sfc-cb=\"\" data-complete=\"true\">Njema\u010dki in\u017eenjering:<\/strong>\u00a0Argon punjenje protiv magljenja i otpornost na najja\u010de trzaje.<\/span><\/li>\n<li class=\"dF3vjf\" data-sfc-cb=\"\" data-hveid=\"CAEIBRAE\" data-complete=\"true\" data-sae=\"\"><span class=\"T286Pc\" data-sfc-cp=\"\" data-sfc-cb=\"\" data-complete=\"true\"><strong class=\"Yjhzub\" data-sfc-cb=\"\" data-complete=\"true\">Ultra-lagan dizajn:<\/strong> Te\u017eina od samo 480 g za vrhunsku mobilnost.<\/span><\/li>\n<\/ul>\n<div class=\"Y3BBE\" data-sfc-cp=\"\" data-sfc-cb=\"\" data-hveid=\"CAEIBhAA\" data-complete=\"true\" data-processed=\"true\"><strong class=\"Yjhzub\" data-sfc-cb=\"\" data-complete=\"true\" data-processed=\"true\">Sadr\u017eaj pakovanja:<\/strong> Za\u0161titni poklopci, krpica za so\u010diva, baterija i uputstvo.<\/div>\n<div class=\"Fsg96\" data-sfc-cp=\"\" data-sfc-cb=\"\" data-complete=\"true\" data-processed=\"true\"><\/div>\n<hr class=\"j3tEEe\" data-sfc-pl=\"|[]\" data-sfc-cb=\"\" data-complete=\"true\" data-processed=\"true\" data-sae=\"\" \/>\n<div class=\"Fsg96\" data-sfc-cp=\"\" data-sfc-cb=\"\" data-complete=\"true\" data-processed=\"true\"><\/div>","protected":false},"featured_media":6183,"template":"","meta":[],"product_cat":[105,106],"product_tag":[],"class_list":{"0":"post-6126","1":"product","2":"type-product","3":"status-publish","4":"has-post-thumbnail","6":"product_brand-minox","7":"product_cat-optika","8":"product_cat-opticki-nisani","10":"first","11":"instock","12":"sale","13":"taxable","14":"shipping-taxable","15":"purchasable","16":"product-type-simple"},"_links":{"self":[{"href":"https:\/\/torzokom.com\/ba\/wp-json\/wp\/v2\/product\/6126","targetHints":{"allow":["GET"]}}],"collection":[{"href":"https:\/\/torzokom.com\/ba\/wp-json\/wp\/v2\/product"}],"about":[{"href":"https:\/\/torzokom.com\/ba\/wp-json\/wp\/v2\/types\/product"}],"version-history":[{"count":3,"href":"https:\/\/torzokom.com\/ba\/wp-json\/wp\/v2\/product\/6126\/revisions"}],"predecessor-version":[{"id":10127,"href":"https:\/\/torzokom.com\/ba\/wp-json\/wp\/v2\/product\/6126\/revisions\/10127"}],"wp:featuredmedia":[{"embeddable":true,"href":"https:\/\/torzokom.com\/ba\/wp-json\/wp\/v2\/media\/6183"}],"wp:attachment":[{"href":"https:\/\/torzokom.com\/ba\/wp-json\/wp\/v2\/media?parent=6126"}],"wp:term":[{"taxonomy":"product_cat","embeddable":true,"href":"https:\/\/torzokom.com\/ba\/wp-json\/wp\/v2\/product_cat?post=6126"},{"taxonomy":"product_tag","embeddable":true,"href":"https:\/\/torzokom.com\/ba\/wp-json\/wp\/v2\/product_tag?post=6126"}],"curies":[{"name":"wp","href":"https:\/\/api.w.org\/{rel}","templated":true}]}}