{"id":6127,"date":"2025-10-23T23:34:09","date_gmt":"2025-10-23T21:34:09","guid":{"rendered":"http:\/\/torzokom.com\/?post_type=product&#038;p=6127"},"modified":"2025-11-27T01:26:23","modified_gmt":"2025-11-27T00:26:23","slug":"minox-allrounder-3-15x56-s-fra","status":"publish","type":"product","link":"https:\/\/torzokom.com\/ba\/proizvod\/minox-allrounder-3-15x56-s-fra\/","title":{"rendered":"Minox Allrounder-3-15X56 S FRA"},"content":{"rendered":"<h2>Minox Allrounder-15X56 S FRA<\/h2>\n<p>Svijetlo i brzo na meti &#8211; danju i no\u0107u. Zahvaljuju\u0107i novim opti\u010dkim premazima, linija ROMSKIH pisca MINOX pru\u017ea izvanredan prenos do 94%* &#8211; za sjajno gledanje. Brza ciljana akvizicija (FTA) pru\u017ea pobolj\u0161anu jednostavnost gledi\u0161ta kako biste osigurali da se vi\u0161e postignete cilj. Za dan i lov na sumrak, svjetlovodna repetika mo\u017ee se fino prigu\u0161iti. Dodatno niska prilago\u0111avanja daju optimalan pregled u svakoj situaciji. A osvijetljena ta\u010dka sa senzorom polo\u017eaja ima automatsku deaktivaciju. I sve to po nevjerovatnoj cijeni!<\/p>","protected":false},"excerpt":{"rendered":"<p>Minox Allrounder-15X56 S FRA Svijetlo i brzo na meti &#8211; danju i no\u0107u. Zahvaljuju\u0107i novim opti\u010dkim premazima, linija ROMSKIH pisca MINOX pru\u017ea izvanredan prenos do 94%* &#8211; za sjajno gledanje. Brza ciljana akvizicija (FTA) pru\u017ea pobolj\u0161anu jednostavnost gledi\u0161ta kako biste osigurali da se vi\u0161e postignete cilj. Za dan i lov na sumrak, svjetlovodna repetika mo\u017ee [&hellip;]<\/p>\n","protected":false},"featured_media":6223,"template":"","meta":[],"product_cat":[105,106],"product_tag":[],"class_list":{"0":"post-6127","1":"product","2":"type-product","3":"status-publish","4":"has-post-thumbnail","6":"product_brand-minox","7":"product_cat-optika","8":"product_cat-opticki-nisani","10":"first","11":"instock","12":"sale","13":"taxable","14":"shipping-taxable","15":"purchasable","16":"product-type-simple"},"_links":{"self":[{"href":"https:\/\/torzokom.com\/ba\/wp-json\/wp\/v2\/product\/6127","targetHints":{"allow":["GET"]}}],"collection":[{"href":"https:\/\/torzokom.com\/ba\/wp-json\/wp\/v2\/product"}],"about":[{"href":"https:\/\/torzokom.com\/ba\/wp-json\/wp\/v2\/types\/product"}],"version-history":[{"count":0,"href":"https:\/\/torzokom.com\/ba\/wp-json\/wp\/v2\/product\/6127\/revisions"}],"wp:featuredmedia":[{"embeddable":true,"href":"https:\/\/torzokom.com\/ba\/wp-json\/wp\/v2\/media\/6223"}],"wp:attachment":[{"href":"https:\/\/torzokom.com\/ba\/wp-json\/wp\/v2\/media?parent=6127"}],"wp:term":[{"taxonomy":"product_cat","embeddable":true,"href":"https:\/\/torzokom.com\/ba\/wp-json\/wp\/v2\/product_cat?post=6127"},{"taxonomy":"product_tag","embeddable":true,"href":"https:\/\/torzokom.com\/ba\/wp-json\/wp\/v2\/product_tag?post=6127"}],"curies":[{"name":"wp","href":"https:\/\/api.w.org\/{rel}","templated":true}]}}