{"id":6128,"date":"2025-10-23T23:37:46","date_gmt":"2025-10-23T21:37:46","guid":{"rendered":"http:\/\/torzokom.com\/?post_type=product&#038;p=6128"},"modified":"2026-03-13T12:30:44","modified_gmt":"2026-03-13T11:30:44","slug":"minox-allrounder-2-10x50","status":"publish","type":"product","link":"https:\/\/torzokom.com\/ba\/proizvod\/minox-allrounder-2-10x50\/","title":{"rendered":"MINOX ALLROUNDER 2-10X50 Optika"},"content":{"rendered":"<h2 class=\"otQkpb\" role=\"heading\" aria-level=\"3\" data-complete=\"true\" data-processed=\"true\"><strong class=\"Yjhzub\" data-sfc-cb=\"\" data-complete=\"true\">MINOX Allrounder 2-10&#215;50 \u2013 Vrhunska njema\u010dka svestranost za svaki lov<\/strong><span class=\"uJ19be notranslate\" data-wiz-uids=\"GQrE_l,GQrE_m\" data-sfc-cb=\"\" data-complete=\"true\"><span class=\"vKEkVd\" data-animation-atomic=\"\" data-wiz-attrbind=\"class=GQrE_k\/TKHnVd\" data-sae=\"\"><span aria-hidden=\"true\">\u00a0<\/span><\/span><\/span><\/h2>\n<div class=\"Y3BBE\" data-sfc-cp=\"\" data-sfc-cb=\"\" data-hveid=\"CAEIBBAA\" data-complete=\"true\" data-processed=\"true\"><strong class=\"Yjhzub\" data-sfc-cb=\"\" data-complete=\"true\" data-processed=\"true\">MINOX Allrounder 2-10&#215;50<\/strong>\u00a0je opti\u010dki ni\u0161an nove generacije koji opravdava svoje ime \u2013 on je zaista &#8220;allrounder&#8221; (svestran) alat za svakog lovca. Sa rasponom uve\u0107anja od\u00a0<strong class=\"Yjhzub\" data-sfc-cb=\"\" data-complete=\"true\" data-processed=\"true\">2x do 10x<\/strong>\u00a0i objektivom od\u00a0<strong class=\"Yjhzub\" data-sfc-cb=\"\" data-complete=\"true\" data-processed=\"true\">50 mm<\/strong>, ovaj ni\u0161an briljira u svim situacijama: od brzog lova u pogonu na malim uve\u0107anjima, do preciznog ga\u0111anja sa \u010deke u duboki sumrak.<\/div>\n<div class=\"Fsg96\" data-sfc-cp=\"\" data-sfc-cb=\"\" data-complete=\"true\" data-processed=\"true\"><\/div>\n<div class=\"AdPoic\" role=\"heading\" aria-level=\"3\" data-animation-nesting=\"\" data-sfc-cp=\"\" data-sfc-cb=\"\" data-complete=\"true\" data-processed=\"true\" data-sae=\"\"><strong class=\"Yjhzub\" data-sfc-cb=\"\" data-complete=\"true\">Za\u0161to odabrati MINOX Allrounder seriju?<\/strong><\/div>\n<div role=\"heading\" aria-level=\"3\" data-animation-nesting=\"\" data-sfc-cp=\"\" data-sfc-cb=\"\" data-complete=\"true\" data-processed=\"true\" data-sae=\"\"><\/div>\n<ul class=\"KsbFXc U6u95\" data-sfc-cb=\"\" data-complete=\"true\" data-processed=\"true\">\n<li class=\"dF3vjf\" data-sfc-cb=\"\" data-hveid=\"CAEIBhAA\" data-complete=\"true\" data-sae=\"\"><span class=\"T286Pc\" data-sfc-cp=\"\" data-sfc-cb=\"\" data-complete=\"true\"><strong class=\"Yjhzub\" data-sfc-cb=\"\" data-complete=\"true\">Izuzetna opti\u010dka transmisija:<\/strong>\u00a0Zahvaljuju\u0107i specijalnom\u00a0<em class=\"eujQNb\" data-sfc-cb=\"\" data-complete=\"true\">M\u00a0vi\u0161eslojnom premazu<\/em>* so\u010diva i visokokvalitetnom staklu, ovaj ni\u0161an pru\u017ea izuzetno visoku transmisiju svjetlosti. Slika je kristalno \u010dista, sa prirodnim bojama i visokim kontrastom, \u010dak i kada vidljivost postane kriti\u010dna.<\/span><\/li>\n<li class=\"dF3vjf\" data-sfc-cb=\"\" data-hveid=\"CAEIBhAB\" data-complete=\"true\" data-sae=\"\"><span class=\"T286Pc\" data-sfc-cp=\"\" data-sfc-cb=\"\" data-complete=\"true\"><strong class=\"Yjhzub\" data-sfc-cb=\"\" data-complete=\"true\">Inovativna FTA (Fast Target Acquisition) tehnologija:<\/strong>\u00a0MINOX je razvio opti\u010dki sistem koji zna\u010dajno olak\u0161ava &#8220;hvatanje&#8221; cilja. Velika izlazna pupila i \u0161iroko vidno polje omogu\u0107avaju vam da se trenutno fokusirate na divlja\u010d, \u0161to je presudno u dinami\u010dnim lova\u010dkim situacijama.<\/span><\/li>\n<li class=\"dF3vjf\" data-sfc-cb=\"\" data-hveid=\"CAEIBhAC\" data-complete=\"true\" data-sae=\"\"><span class=\"T286Pc\" data-sfc-cp=\"\" data-sfc-cb=\"\" data-complete=\"true\"><strong class=\"Yjhzub\" data-sfc-cb=\"\" data-complete=\"true\">Pametna kon\u010danica sa senzorom polo\u017eaja:<\/strong>\u00a0Opremljen je izuzetno finom\u00a0<strong class=\"Yjhzub\" data-sfc-cb=\"\" data-complete=\"true\">Fiber-Optic<\/strong>\u00a0crvenom ta\u010dkom. Inteligentni senzor automatski isklju\u010duje osvjetljenje kada pu\u0161ku odlo\u017eite ili je postavite vertikalno, \u010dime dramati\u010dno produ\u017eava vijek trajanja baterije.<\/span><\/li>\n<li class=\"dF3vjf\" data-sfc-cb=\"\" data-hveid=\"CAEIBhAD\" data-complete=\"true\" data-sae=\"\"><span class=\"T286Pc\" data-sfc-cp=\"\" data-sfc-cb=\"\" data-complete=\"true\" aria-owns=\"action-menu-parent-container\"><strong class=\"Yjhzub\" data-sfc-cb=\"\" data-complete=\"true\">Robusnost i elegancija:<\/strong>\u00a0Sa tubusom od\u00a0<strong class=\"Yjhzub\" data-sfc-cb=\"\" data-complete=\"true\">30 mm<\/strong>\u00a0izra\u0111enim od avionskog aluminijuma, Allrounder je potpuno vodootporan, punjen argonom protiv magljenja i otporan na trzaj najja\u010dih kalibara. Njegov niski profil i elegantan dizajn savr\u0161eno dopunjuju svaku lova\u010dku pu\u0161ku.<\/span><\/li>\n<\/ul>","protected":false},"excerpt":{"rendered":"<h2 class=\"otQkpb\" role=\"heading\" aria-level=\"3\" data-complete=\"true\" data-processed=\"true\"><strong class=\"Yjhzub\" data-sfc-cb=\"\" data-complete=\"true\">MINOX Allrounder 2-10&#215;50 \u2013 Njema\u010dka preciznost za sve uslove lova<\/strong><\/h2>\n<div role=\"heading\" aria-level=\"3\" data-animation-nesting=\"\" data-sfc-cp=\"\" data-sfc-cb=\"\" data-complete=\"true\" data-processed=\"true\" data-sae=\"\"><\/div>\n<div class=\"Y3BBE\" data-sfc-cp=\"\" data-sfc-cb=\"\" data-hveid=\"CAEIBBAA\" data-complete=\"true\" data-processed=\"true\">Sinonim za svestranost i vrhunski kvalitet iz Wetzlara. Sa inovativnom <strong class=\"Yjhzub\" data-sfc-cb=\"\" data-complete=\"true\" data-processed=\"true\">FTA (Fast Target Acquisition)<\/strong>\u00a0tehnologijom za munjevito pronala\u017eenje cilja i sna\u017enim objektivom od\u00a0<strong class=\"Yjhzub\" data-sfc-cb=\"\" data-complete=\"true\" data-processed=\"true\">50 mm<\/strong>, ovaj ni\u0161an pru\u017ea kristalno \u010distu sliku od ranog jutra do dubokog sumraka. Idealno rje\u0161enje za lovce koji tra\u017ee jednu optiku za sve \u2013 od pogona do precizne \u010deke.<\/div>\n<div class=\"Y3BBE\" data-sfc-cp=\"\" data-sfc-cb=\"\" data-hveid=\"CAEIBRAA\" data-complete=\"true\" data-processed=\"true\"><strong class=\"Yjhzub\" data-sfc-cb=\"\" data-complete=\"true\" data-processed=\"true\">Glavne prednosti:<\/strong><\/div>\n<ul class=\"KsbFXc U6u95\" data-sfc-cb=\"\" data-processed=\"true\" data-complete=\"true\">\n<li class=\"dF3vjf\" data-sfc-cb=\"\" data-hveid=\"CAEIBhAA\" data-complete=\"true\" data-sae=\"\"><span class=\"T286Pc\" data-sfc-cp=\"\" data-sfc-cb=\"\" data-complete=\"true\"><strong class=\"Yjhzub\" data-sfc-cb=\"\" data-complete=\"true\">FTA tehnologija:<\/strong>\u00a0Ekstremno brza stabilizacija slike i \u0161iroko vidno polje.<\/span><\/li>\n<li class=\"dF3vjf\" data-sfc-cb=\"\" data-hveid=\"CAEIBhAB\" data-complete=\"true\" data-sae=\"\"><span class=\"T286Pc\" data-sfc-cp=\"\" data-sfc-cb=\"\" data-complete=\"true\"><strong class=\"Yjhzub\" data-sfc-cb=\"\" data-complete=\"true\">Superiorna optika:<\/strong>\u00a0M* vi\u0161eslojni premazi za maksimalnu transmisiju svjetlosti.<\/span><\/li>\n<li class=\"dF3vjf\" data-sfc-cb=\"\" data-hveid=\"CAEIBhAC\" data-complete=\"true\" data-sae=\"\"><span class=\"T286Pc\" data-sfc-cp=\"\" data-sfc-cb=\"\" data-complete=\"true\"><strong class=\"Yjhzub\" data-sfc-cb=\"\" data-complete=\"true\">Pametna kon\u010danica:<\/strong>\u00a0Fiber-opti\u010dka crvena ta\u010dka sa senzorom polo\u017eaja i auto-ga\u0161enjem.<\/span><\/li>\n<li class=\"dF3vjf\" data-sfc-cb=\"\" data-hveid=\"CAEIBhAD\" data-complete=\"true\" data-sae=\"\"><span class=\"T286Pc\" data-sfc-cp=\"\" data-sfc-cb=\"\" data-complete=\"true\"><strong class=\"Yjhzub\" data-sfc-cb=\"\" data-complete=\"true\">Argon punjenje:<\/strong>\u00a0Maksimalna za\u0161tita od unutra\u0161njeg magljenja i vlage.<\/span><\/li>\n<li class=\"dF3vjf\" data-sfc-cb=\"\" data-hveid=\"CAEIBhAE\" data-sae=\"\" data-complete=\"true\"><span class=\"T286Pc\" data-sfc-cp=\"\" data-sfc-cb=\"\" data-complete=\"true\"><strong class=\"Yjhzub\" data-sfc-cb=\"\" data-complete=\"true\">Robusna izrada:<\/strong> Tubus od 30 mm, otporan na najja\u010de magnum kalibre.<\/span><\/li>\n<\/ul>\n<div class=\"Y3BBE\" data-sfc-cp=\"\" data-sfc-cb=\"\" data-hveid=\"CAEIBxAA\" data-complete=\"true\" data-processed=\"true\"><strong class=\"Yjhzub\" data-sfc-cb=\"\" data-complete=\"true\" data-processed=\"true\">Sadr\u017eaj pakovanja:<\/strong> Opti\u010dki ni\u0161an, za\u0161titni poklopci, baterija i krpica za so\u010diva.<\/div>\n<div class=\"Fsg96\" data-sfc-cp=\"\" data-sfc-cb=\"\" data-complete=\"true\" data-processed=\"true\"><\/div>\n<hr class=\"j3tEEe\" data-sfc-pl=\"|[]\" data-sfc-cb=\"\" data-complete=\"true\" data-processed=\"true\" data-sae=\"\" \/>","protected":false},"featured_media":6253,"template":"","meta":[],"product_cat":[105,106],"product_tag":[],"class_list":{"0":"post-6128","1":"product","2":"type-product","3":"status-publish","4":"has-post-thumbnail","6":"product_brand-minox","7":"product_cat-optika","8":"product_cat-opticki-nisani","10":"first","11":"instock","12":"sale","13":"taxable","14":"shipping-taxable","15":"purchasable","16":"product-type-simple"},"_links":{"self":[{"href":"https:\/\/torzokom.com\/ba\/wp-json\/wp\/v2\/product\/6128","targetHints":{"allow":["GET"]}}],"collection":[{"href":"https:\/\/torzokom.com\/ba\/wp-json\/wp\/v2\/product"}],"about":[{"href":"https:\/\/torzokom.com\/ba\/wp-json\/wp\/v2\/types\/product"}],"version-history":[{"count":3,"href":"https:\/\/torzokom.com\/ba\/wp-json\/wp\/v2\/product\/6128\/revisions"}],"predecessor-version":[{"id":10124,"href":"https:\/\/torzokom.com\/ba\/wp-json\/wp\/v2\/product\/6128\/revisions\/10124"}],"wp:featuredmedia":[{"embeddable":true,"href":"https:\/\/torzokom.com\/ba\/wp-json\/wp\/v2\/media\/6253"}],"wp:attachment":[{"href":"https:\/\/torzokom.com\/ba\/wp-json\/wp\/v2\/media?parent=6128"}],"wp:term":[{"taxonomy":"product_cat","embeddable":true,"href":"https:\/\/torzokom.com\/ba\/wp-json\/wp\/v2\/product_cat?post=6128"},{"taxonomy":"product_tag","embeddable":true,"href":"https:\/\/torzokom.com\/ba\/wp-json\/wp\/v2\/product_tag?post=6128"}],"curies":[{"name":"wp","href":"https:\/\/api.w.org\/{rel}","templated":true}]}}