{"id":6131,"date":"2025-10-23T23:50:59","date_gmt":"2025-10-23T21:50:59","guid":{"rendered":"http:\/\/torzokom.com\/?post_type=product&#038;p=6131"},"modified":"2025-10-24T13:44:46","modified_gmt":"2025-10-24T11:44:46","slug":"minox-75x44-rapid","status":"publish","type":"product","link":"https:\/\/torzokom.com\/ba\/proizvod\/minox-75x44-rapid\/","title":{"rendered":"MINOX 7,5X44 RAPID"},"content":{"rendered":"<h2>MINOX 7,5X44 RAPID<\/h2>\n<p>Uho\u0111enje na neravnom terenu ili u planinama izazov je za lovce i njihovu opremu. MINOX 7.5&#215;44 RAPID s jednim oklopom je pravo za te\u0161ke lovne situacije. Njegova prava snaga izlazi kada se objekti moraju brzo vidjeti i biti u o\u0161trom fokusu na udaljenosti od 20 metara ili vi\u0161e. To spa\u0161ava zamorno fokusiranje i nepotrebne pokrete za koje nema vremena u tom klju\u010dnom trenutku. U isto vrijeme, RAPID mo\u017ee se prakti\u010dno operisati s jednom rukom. Kako bi se sprije\u010dilo prodor vlage i prljav\u0161tine, opremljen je gumenim usnama za brisa\u010de umjesto brtvljenja prstenova. A po\u0161tene cijene sprije\u010davaju besmislene izdatke. I tako je to s dalekozorima ovih dana!<\/p>","protected":false},"excerpt":{"rendered":"<p>MINOX 7,5X44 RAPID Uho\u0111enje na neravnom terenu ili u planinama izazov je za lovce i njihovu opremu. MINOX 7.5&#215;44 RAPID s jednim oklopom je pravo za te\u0161ke lovne situacije. Njegova prava snaga izlazi kada se objekti moraju brzo vidjeti i biti u o\u0161trom fokusu na udaljenosti od 20 metara ili vi\u0161e. To spa\u0161ava zamorno fokusiranje [&hellip;]<\/p>\n","protected":false},"featured_media":6230,"template":"","meta":[],"product_cat":[105,41],"product_tag":[],"class_list":{"0":"post-6131","1":"product","2":"type-product","3":"status-publish","4":"has-post-thumbnail","6":"product_brand-minox","7":"product_cat-optika","8":"product_cat-dvogledi","10":"first","11":"instock","12":"sale","13":"taxable","14":"shipping-taxable","15":"purchasable","16":"product-type-simple"},"_links":{"self":[{"href":"https:\/\/torzokom.com\/ba\/wp-json\/wp\/v2\/product\/6131","targetHints":{"allow":["GET"]}}],"collection":[{"href":"https:\/\/torzokom.com\/ba\/wp-json\/wp\/v2\/product"}],"about":[{"href":"https:\/\/torzokom.com\/ba\/wp-json\/wp\/v2\/types\/product"}],"version-history":[{"count":0,"href":"https:\/\/torzokom.com\/ba\/wp-json\/wp\/v2\/product\/6131\/revisions"}],"wp:featuredmedia":[{"embeddable":true,"href":"https:\/\/torzokom.com\/ba\/wp-json\/wp\/v2\/media\/6230"}],"wp:attachment":[{"href":"https:\/\/torzokom.com\/ba\/wp-json\/wp\/v2\/media?parent=6131"}],"wp:term":[{"taxonomy":"product_cat","embeddable":true,"href":"https:\/\/torzokom.com\/ba\/wp-json\/wp\/v2\/product_cat?post=6131"},{"taxonomy":"product_tag","embeddable":true,"href":"https:\/\/torzokom.com\/ba\/wp-json\/wp\/v2\/product_tag?post=6131"}],"curies":[{"name":"wp","href":"https:\/\/api.w.org\/{rel}","templated":true}]}}