{"id":6140,"date":"2025-10-24T00:51:16","date_gmt":"2025-10-23T22:51:16","guid":{"rendered":"http:\/\/torzokom.com\/?post_type=product&#038;p=6140"},"modified":"2025-12-11T15:26:53","modified_gmt":"2025-12-11T14:26:53","slug":"nocpix-rico-2-h75r-termalni-monokular-sa-daljinomjerom","status":"publish","type":"product","link":"https:\/\/torzokom.com\/ba\/proizvod\/nocpix-rico-2-h75r-termalni-monokular-sa-daljinomjerom\/","title":{"rendered":"Nocpix Rico 2 H75R Termalni Monokular sa Daljinomjerom"},"content":{"rendered":"<h2>Nocpix Rico 2 H75R Termalni Monokular sa Daljinomjerom<\/h2>\n<p><span class=\"group\/language-learning cursor-pointer\"><span class=\"group-hover\/language-learning:border-foreground border-subtle cursor-pointer hyphens-auto break-words border-b-2 border-dotted outline-none transition-colors duration-200 ease-out font-sans text-base font-medium text-foreground selection:bg-super\/50 selection:text-foreground dark:selection:bg-super\/10 dark:selection:text-super\">RICO2 series thermal imaging riflescope<\/span><\/span> je dizajniran za lovce koji zahtijevaju najbolje u jasno\u0107i, dometu i udobnosti. Projektovan sa senzonom za termi\u010dki prikaz vode\u0107im u industriji i visokim brojem frejmova, pru\u017ea ultra-premijum kvalitet slike koji olak\u0161ava identifikaciju i opa\u017eanje mete. Njegova duga \u017ei\u017ena daljina i ugra\u0111eni <span class=\"group\/language-learning cursor-pointer\"><span class=\"group-hover\/language-learning:border-foreground border-subtle cursor-pointer hyphens-auto break-words border-b-2 border-dotted outline-none transition-colors duration-200 ease-out font-sans text-base font-medium text-foreground selection:bg-super\/50 selection:text-foreground dark:selection:bg-super\/10 dark:selection:text-super\">LRF<\/span><\/span> osiguravaju precizno ciljanje udaljenih mete, dok napredni opti\u010dki dizajn pru\u017ea prikaz bez izobli\u010denja i imerzivno iskustvo gledanja. Sa polugom za zum bez stepeni i izuzetnim olak\u0161anjem za oko, <span class=\"group\/language-learning cursor-pointer\"><span class=\"group-hover\/language-learning:border-foreground border-subtle cursor-pointer hyphens-auto break-words border-b-2 border-dotted outline-none transition-colors duration-200 ease-out font-sans text-base font-medium text-foreground selection:bg-super\/50 selection:text-foreground dark:selection:bg-super\/10 dark:selection:text-super\">The RICO2 series<\/span><\/span> omogu\u0107ava lovcima da lako pode\u0161avaju uve\u0107anje i ostanu udobni tokom du\u017eih lovova. Sa inovativnim tehnologijama i korisni\u010dki orijentisanim dizajnom, <span class=\"group\/language-learning cursor-pointer\"><span class=\"group-hover\/language-learning:border-foreground border-subtle cursor-pointer hyphens-auto break-words border-b-2 border-dotted outline-none transition-colors duration-200 ease-out font-sans text-base font-medium text-foreground selection:bg-super\/50 selection:text-foreground dark:selection:bg-super\/10 dark:selection:text-super\">The RICO2 series <\/span><\/span>zaista omogu\u0107ava da \u201eLovite bez granica.\u201c<\/p>\n<p>&nbsp;<\/p>\n<p>&nbsp;<\/p>\n<p>&nbsp;<\/p>","protected":false},"excerpt":{"rendered":"<p>Nocpix Rico 2 H75R Termalni Monokular sa Daljinomjerom RICO2 series thermal imaging riflescope je dizajniran za lovce koji zahtijevaju najbolje u jasno\u0107i, dometu i udobnosti. Projektovan sa senzonom za termi\u010dki prikaz vode\u0107im u industriji i visokim brojem frejmova, pru\u017ea ultra-premijum kvalitet slike koji olak\u0161ava identifikaciju i opa\u017eanje mete. Njegova duga \u017ei\u017ena daljina i ugra\u0111eni LRF [&hellip;]<\/p>\n","protected":false},"featured_media":6252,"template":"","meta":[],"product_cat":[109,177],"product_tag":[],"class_list":{"0":"post-6140","1":"product","2":"type-product","3":"status-publish","4":"has-post-thumbnail","6":"product_brand-nocpix","7":"product_cat-monokulari","8":"product_cat-termalni-uredjaji","10":"first","11":"instock","12":"sale","13":"taxable","14":"shipping-taxable","15":"purchasable","16":"product-type-simple"},"_links":{"self":[{"href":"https:\/\/torzokom.com\/ba\/wp-json\/wp\/v2\/product\/6140","targetHints":{"allow":["GET"]}}],"collection":[{"href":"https:\/\/torzokom.com\/ba\/wp-json\/wp\/v2\/product"}],"about":[{"href":"https:\/\/torzokom.com\/ba\/wp-json\/wp\/v2\/types\/product"}],"version-history":[{"count":0,"href":"https:\/\/torzokom.com\/ba\/wp-json\/wp\/v2\/product\/6140\/revisions"}],"wp:featuredmedia":[{"embeddable":true,"href":"https:\/\/torzokom.com\/ba\/wp-json\/wp\/v2\/media\/6252"}],"wp:attachment":[{"href":"https:\/\/torzokom.com\/ba\/wp-json\/wp\/v2\/media?parent=6140"}],"wp:term":[{"taxonomy":"product_cat","embeddable":true,"href":"https:\/\/torzokom.com\/ba\/wp-json\/wp\/v2\/product_cat?post=6140"},{"taxonomy":"product_tag","embeddable":true,"href":"https:\/\/torzokom.com\/ba\/wp-json\/wp\/v2\/product_tag?post=6140"}],"curies":[{"name":"wp","href":"https:\/\/api.w.org\/{rel}","templated":true}]}}