{"id":6141,"date":"2025-10-24T00:56:29","date_gmt":"2025-10-23T22:56:29","guid":{"rendered":"http:\/\/torzokom.com\/?post_type=product&#038;p=6141"},"modified":"2026-04-16T14:57:48","modified_gmt":"2026-04-16T12:57:48","slug":"nocpix-lumi-h35-termalni-monokular","status":"publish","type":"product","link":"https:\/\/torzokom.com\/ba\/proizvod\/nocpix-lumi-h35-termalni-monokular\/","title":{"rendered":"Nocpix LUMI H35 Termalni Monokular"},"content":{"rendered":"<h2>Nocpix LUMI H35 Termalni Monokular<\/h2>\n<p>Serija Lumi ostavlja sna\u017ean prvi utisak svojim kompaktim, mini tijelom i vrhunskim mogu\u0107nostima. Sa senzorskom tehnologijom razvijenom u ku\u0107i i naprednim Reality+ AI algoritmima za sliku, pru\u017ea izuzetnu kvalitetu slike koja se izdvaja u svojoj klasi. Ure\u0111aj je izuzetno prakti\u010dan za no\u0161enje i upotrebu, sa prenosivom veli\u010dinom \u010dak manjom od mobilnog telefona.<\/p>\n<p>&nbsp;<\/p>","protected":false},"excerpt":{"rendered":"<p>Nocpix LUMI H35 Termalni Monokular Serija Lumi ostavlja sna\u017ean prvi utisak svojim kompaktim, mini tijelom i vrhunskim mogu\u0107nostima. Sa senzorskom tehnologijom razvijenom u ku\u0107i i naprednim Reality+ AI algoritmima za sliku, pru\u017ea izuzetnu kvalitetu slike koja se izdvaja u svojoj klasi. Ure\u0111aj je izuzetno prakti\u010dan za no\u0161enje i upotrebu, sa prenosivom veli\u010dinom \u010dak manjom od [&hellip;]<\/p>\n","protected":false},"featured_media":6249,"template":"","meta":[],"product_cat":[109,177],"product_tag":[],"class_list":{"0":"post-6141","1":"product","2":"type-product","3":"status-publish","4":"has-post-thumbnail","6":"product_brand-nocpix","7":"product_cat-monokulari","8":"product_cat-termalni-uredjaji","10":"first","11":"outofstock","12":"sale","13":"taxable","14":"shipping-taxable","15":"purchasable","16":"product-type-simple"},"_links":{"self":[{"href":"https:\/\/torzokom.com\/ba\/wp-json\/wp\/v2\/product\/6141","targetHints":{"allow":["GET"]}}],"collection":[{"href":"https:\/\/torzokom.com\/ba\/wp-json\/wp\/v2\/product"}],"about":[{"href":"https:\/\/torzokom.com\/ba\/wp-json\/wp\/v2\/types\/product"}],"version-history":[{"count":1,"href":"https:\/\/torzokom.com\/ba\/wp-json\/wp\/v2\/product\/6141\/revisions"}],"predecessor-version":[{"id":10203,"href":"https:\/\/torzokom.com\/ba\/wp-json\/wp\/v2\/product\/6141\/revisions\/10203"}],"wp:featuredmedia":[{"embeddable":true,"href":"https:\/\/torzokom.com\/ba\/wp-json\/wp\/v2\/media\/6249"}],"wp:attachment":[{"href":"https:\/\/torzokom.com\/ba\/wp-json\/wp\/v2\/media?parent=6141"}],"wp:term":[{"taxonomy":"product_cat","embeddable":true,"href":"https:\/\/torzokom.com\/ba\/wp-json\/wp\/v2\/product_cat?post=6141"},{"taxonomy":"product_tag","embeddable":true,"href":"https:\/\/torzokom.com\/ba\/wp-json\/wp\/v2\/product_tag?post=6141"}],"curies":[{"name":"wp","href":"https:\/\/api.w.org\/{rel}","templated":true}]}}