{"id":6142,"date":"2025-10-24T01:08:12","date_gmt":"2025-10-23T23:08:12","guid":{"rendered":"http:\/\/torzokom.com\/?post_type=product&#038;p=6142"},"modified":"2025-12-11T15:23:39","modified_gmt":"2025-12-11T14:23:39","slug":"nocpix-lumi-h35r-termalni-monokular-sa-daljinomjerom","status":"publish","type":"product","link":"https:\/\/torzokom.com\/ba\/proizvod\/nocpix-lumi-h35r-termalni-monokular-sa-daljinomjerom\/","title":{"rendered":"Nocpix Lumi H35R Termalni Monokular sa daljinomjerom"},"content":{"rendered":"<h2>Nocpix Lumi H35R Termalni Monokular sa daljinomjerom<\/h2>\n<p>Nocpix Lumi H35R Termalni Monokular sa daljinomjerom\u00a0 \u2013 Va\u0161 neizostavni pratilac svih aplikacija<\/p>\n<p>Mjera\u010di za toplinsko snimanje serije LUMI dizajnirani su za dnevno i za no\u0107no kori\u0161tenje i nude vam iodli\u010dnu kvalitetu slike \u010dak iu te\u0161kim vremenskim uslovima kao \u0161to su magla, smog ili ki\u0161a. \u010cak i ako prepreke kao \u0161to su grane, visoka trava ili gusto li\u0161\u0107e ote\u017eavaju gledanje, ova tehnologija vam omogu\u0107uje da uvijek jasno vidite \u0161to je ispred vas. Oni su tako\u0111e toliko kompaktni i lagani da ih mo\u017eete lako ponijeti bilo gdje.<br \/>\nNepobjedive izvedbe slike za o\u0161tre slike<\/p>\n<p>LUMI serija postavlja nove standarde u smislu kvalitete slike. Opremljena najsavremenijim algoritmima slike i sna\u017enim toplinskim senzorom s NETD \u2264 18 mK, kamera pru\u017ea o\u0161tre i realisti\u010dne slike. AMOLED zaslon s rezolucijom od 1024 \u00d7 768 piksela osigurava izvanredan prikaz slike, dok na\u010din Ultra Clear dodatno optimizuje jasno\u0107u slike posebno za te\u0161ke vremenske uslove<br \/>\nIndividualizovano iskustvo slike \u2013 savr\u0161eno prilagodite svoj Nocpix LUMI H35R<\/p>\n<p>Zahvaljuju\u0107i velikom senzoru od 640 \u00d7 512 piksela i raznim opcijama postavki, ure\u0111aj mo\u017eete ta\u010dno prilagoditi svojim potrebama. Odaberite izme\u0111u 5 na\u010dina boja i optimizuje svoj pogled s 10 razina za svjetlinu, o\u0161trinu i kontrast &#8211; tako da nijedan detalj ne prolazi nezapa\u017eeno.<br \/>\nVisoka ta\u010dnost zahvaljuju\u0107i plemenu za domet<\/p>\n<p>Uz Lumi-R seriju, Nocpix je \u010duo poziv za mali, kompaktan ure\u0111aj s dometom. Prakti\u010dan ure\u0111aj sada ima integrirani, sna\u017ean le\u0161inaranu ravnicom s rasponom od 800 m i preciznu to\u010dnost.<\/p>","protected":false},"excerpt":{"rendered":"<p>Nocpix Lumi H35R Termalni Monokular sa daljinomjerom Nocpix Lumi H35R Termalni Monokular sa daljinomjerom\u00a0 \u2013 Va\u0161 neizostavni pratilac svih aplikacija Mjera\u010di za toplinsko snimanje serije LUMI dizajnirani su za dnevno i za no\u0107no kori\u0161tenje i nude vam iodli\u010dnu kvalitetu slike \u010dak iu te\u0161kim vremenskim uslovima kao \u0161to su magla, smog ili ki\u0161a. \u010cak i ako [&hellip;]<\/p>\n","protected":false},"featured_media":6186,"template":"","meta":[],"product_cat":[109,177],"product_tag":[],"class_list":{"0":"post-6142","1":"product","2":"type-product","3":"status-publish","4":"has-post-thumbnail","6":"product_brand-nocpix","7":"product_cat-monokulari","8":"product_cat-termalni-uredjaji","10":"first","11":"instock","12":"sale","13":"taxable","14":"shipping-taxable","15":"purchasable","16":"product-type-simple"},"_links":{"self":[{"href":"https:\/\/torzokom.com\/ba\/wp-json\/wp\/v2\/product\/6142","targetHints":{"allow":["GET"]}}],"collection":[{"href":"https:\/\/torzokom.com\/ba\/wp-json\/wp\/v2\/product"}],"about":[{"href":"https:\/\/torzokom.com\/ba\/wp-json\/wp\/v2\/types\/product"}],"version-history":[{"count":0,"href":"https:\/\/torzokom.com\/ba\/wp-json\/wp\/v2\/product\/6142\/revisions"}],"wp:featuredmedia":[{"embeddable":true,"href":"https:\/\/torzokom.com\/ba\/wp-json\/wp\/v2\/media\/6186"}],"wp:attachment":[{"href":"https:\/\/torzokom.com\/ba\/wp-json\/wp\/v2\/media?parent=6142"}],"wp:term":[{"taxonomy":"product_cat","embeddable":true,"href":"https:\/\/torzokom.com\/ba\/wp-json\/wp\/v2\/product_cat?post=6142"},{"taxonomy":"product_tag","embeddable":true,"href":"https:\/\/torzokom.com\/ba\/wp-json\/wp\/v2\/product_tag?post=6142"}],"curies":[{"name":"wp","href":"https:\/\/api.w.org\/{rel}","templated":true}]}}