{"id":6509,"date":"2025-10-26T18:47:04","date_gmt":"2025-10-26T17:47:04","guid":{"rendered":"http:\/\/torzokom.com\/?post_type=product&#038;p=6509"},"modified":"2025-10-27T16:33:52","modified_gmt":"2025-10-27T15:33:52","slug":"blaser-kofer-za-oruzje-r8-tip-c","status":"publish","type":"product","link":"https:\/\/torzokom.com\/ba\/proizvod\/blaser-kofer-za-oruzje-r8-tip-c\/","title":{"rendered":"Blaser Kofer za Oru\u017eje R8 Tip C"},"content":{"rendered":"<h2>Blaser Kofer za Oru\u017eje R8 Tip C<\/h2>\n<p>Blaser Kofer za Oru\u017eje R8 Tip C je bezbjedan, udoban i diskretan kofer idealan za no\u0161enje lova\u010dke pu\u0161ke, napravljen od dvostruke ABS \u0161koljke koja pouzdano \u0161titi oru\u017eje od udaraca. Kofer ima zaobljene ivice oblo\u017eene ko\u017eom i unutra\u0161njost od finog somota, sa tri kombinacione brave za dodatnu sigurnost.<br \/>\nOvaj kofer je vrlo prakti\u010dan za transport i \u010duvanje oru\u017eja u automobilu ili avionu zbog svoje lagane, ali \u010dvrste konstrukcije.<\/p>","protected":false},"excerpt":{"rendered":"<p>Blaser Kofer za Oru\u017eje R8 Tip C Blaser Kofer za Oru\u017eje R8 Tip C je bezbjedan, udoban i diskretan kofer idealan za no\u0161enje lova\u010dke pu\u0161ke, napravljen od dvostruke ABS \u0161koljke koja pouzdano \u0161titi oru\u017eje od udaraca. Kofer ima zaobljene ivice oblo\u017eene ko\u017eom i unutra\u0161njost od finog somota, sa tri kombinacione brave za dodatnu sigurnost. Ovaj [&hellip;]<\/p>\n","protected":false},"featured_media":6714,"template":"","meta":[],"product_cat":[83,212],"product_tag":[],"class_list":{"0":"post-6509","1":"product","2":"type-product","3":"status-publish","4":"has-post-thumbnail","6":"product_brand-blaser","7":"product_cat-dodatna-oprema","8":"product_cat-futrole-i-koferi","10":"first","11":"instock","12":"taxable","13":"shipping-taxable","14":"purchasable","15":"product-type-simple"},"_links":{"self":[{"href":"https:\/\/torzokom.com\/ba\/wp-json\/wp\/v2\/product\/6509","targetHints":{"allow":["GET"]}}],"collection":[{"href":"https:\/\/torzokom.com\/ba\/wp-json\/wp\/v2\/product"}],"about":[{"href":"https:\/\/torzokom.com\/ba\/wp-json\/wp\/v2\/types\/product"}],"version-history":[{"count":0,"href":"https:\/\/torzokom.com\/ba\/wp-json\/wp\/v2\/product\/6509\/revisions"}],"wp:featuredmedia":[{"embeddable":true,"href":"https:\/\/torzokom.com\/ba\/wp-json\/wp\/v2\/media\/6714"}],"wp:attachment":[{"href":"https:\/\/torzokom.com\/ba\/wp-json\/wp\/v2\/media?parent=6509"}],"wp:term":[{"taxonomy":"product_cat","embeddable":true,"href":"https:\/\/torzokom.com\/ba\/wp-json\/wp\/v2\/product_cat?post=6509"},{"taxonomy":"product_tag","embeddable":true,"href":"https:\/\/torzokom.com\/ba\/wp-json\/wp\/v2\/product_tag?post=6509"}],"curies":[{"name":"wp","href":"https:\/\/api.w.org\/{rel}","templated":true}]}}