{"id":6511,"date":"2025-10-26T19:00:01","date_gmt":"2025-10-26T18:00:01","guid":{"rendered":"http:\/\/torzokom.com\/?post_type=product&#038;p=6511"},"modified":"2025-10-27T16:50:59","modified_gmt":"2025-10-27T15:50:59","slug":"blaser-transportni-kofer-za-oruzje","status":"publish","type":"product","link":"https:\/\/torzokom.com\/ba\/proizvod\/blaser-transportni-kofer-za-oruzje\/","title":{"rendered":"Blaser Transportni Kofer za Oru\u017eje"},"content":{"rendered":"<h2>Blaser Transportni Kofer za Oru\u017eje<\/h2>\n<p>Sigurno, udobno, diskretno: savr\u0161en, lagani kofer za no\u0161enje u automobilu i avionu. Dvostruka ABS pregrada pru\u017ea pouzdanu za\u0161titu vatrenog oru\u017eja od udaraca. Dodatne zna\u010dajke ku\u0107i\u0161ta su ko\u017eom oblozeni,\u00a0 zaobljeni rubovi zajedno s finom bar\u0161unastom unutra\u0161njosti koja je osigurana s 3 kombinovane brave.<\/p>","protected":false},"excerpt":{"rendered":"<p>Blaser Transportni Kofer za Oru\u017eje Sigurno, udobno, diskretno: savr\u0161en, lagani kofer za no\u0161enje u automobilu i avionu. Dvostruka ABS pregrada pru\u017ea pouzdanu za\u0161titu vatrenog oru\u017eja od udaraca. Dodatne zna\u010dajke ku\u0107i\u0161ta su ko\u017eom oblozeni,\u00a0 zaobljeni rubovi zajedno s finom bar\u0161unastom unutra\u0161njosti koja je osigurana s 3 kombinovane brave.<\/p>","protected":false},"featured_media":6716,"template":"","meta":[],"product_cat":[83,212],"product_tag":[],"class_list":{"0":"post-6511","1":"product","2":"type-product","3":"status-publish","4":"has-post-thumbnail","6":"product_brand-blaser","7":"product_cat-dodatna-oprema","8":"product_cat-futrole-i-koferi","10":"first","11":"instock","12":"taxable","13":"shipping-taxable","14":"purchasable","15":"product-type-simple"},"_links":{"self":[{"href":"https:\/\/torzokom.com\/ba\/wp-json\/wp\/v2\/product\/6511","targetHints":{"allow":["GET"]}}],"collection":[{"href":"https:\/\/torzokom.com\/ba\/wp-json\/wp\/v2\/product"}],"about":[{"href":"https:\/\/torzokom.com\/ba\/wp-json\/wp\/v2\/types\/product"}],"version-history":[{"count":0,"href":"https:\/\/torzokom.com\/ba\/wp-json\/wp\/v2\/product\/6511\/revisions"}],"wp:featuredmedia":[{"embeddable":true,"href":"https:\/\/torzokom.com\/ba\/wp-json\/wp\/v2\/media\/6716"}],"wp:attachment":[{"href":"https:\/\/torzokom.com\/ba\/wp-json\/wp\/v2\/media?parent=6511"}],"wp:term":[{"taxonomy":"product_cat","embeddable":true,"href":"https:\/\/torzokom.com\/ba\/wp-json\/wp\/v2\/product_cat?post=6511"},{"taxonomy":"product_tag","embeddable":true,"href":"https:\/\/torzokom.com\/ba\/wp-json\/wp\/v2\/product_tag?post=6511"}],"curies":[{"name":"wp","href":"https:\/\/api.w.org\/{rel}","templated":true}]}}