{"id":6520,"date":"2025-10-26T19:12:43","date_gmt":"2025-10-26T18:12:43","guid":{"rendered":"http:\/\/torzokom.com\/?post_type=product&#038;p=6520"},"modified":"2025-10-27T17:08:49","modified_gmt":"2025-10-27T16:08:49","slug":"blaser-remnik-koza-braon","status":"publish","type":"product","link":"https:\/\/torzokom.com\/ba\/proizvod\/blaser-remnik-koza-braon\/","title":{"rendered":"Blaser Remnik Koza Braon"},"content":{"rendered":"<h2>Blaser Remnik Koza Braon<\/h2>\n<div class=\"prose dark:prose-invert inline leading-relaxed break-words min-w-0 [word-break:break-word] prose-strong:font-medium\">\n<p class=\"my-2 [&amp;+p]:mt-4 [&amp;_strong:has(+br)]:inline-block [&amp;_strong:has(+br)]:pb-2\"><span class=\"group\/language-learning cursor-pointer\"><span class=\"group-hover\/language-learning:border-foreground border-subtle cursor-pointer hyphens-auto break-words border-b-2 border-dotted outline-none transition-colors duration-200 ease-out font-sans text-base font-medium text-foreground selection:bg-super\/50 selection:text-foreground dark:selection:bg-super\/10 dark:selection:text-super\">Stilski remen za pu\u0161ku napravljen od braon ko\u017ee. Municija je uvijek pri ruci zahvaljuju\u0107i integrisanoj futroli za dve metke svih uobi\u010dajenih lova\u010dkih kalibara. Sa \u0161irokom, mekanom podlogom za rame, odvojivim okretljivim dr\u017ea\u010dima za remen i prakti\u010dnim kop\u010dama za brzo otpu\u0161tanje. Neklizaju\u0107i, elasti\u010dan i fleksibilno podesiv po du\u017eini. Savr\u0161en pratilac za plemeniti lov.<\/span><\/span><\/p>\n<\/div>\n","protected":false},"excerpt":{"rendered":"<p>Blaser Remnik Koza Braon Stilski remen za pu\u0161ku napravljen od braon ko\u017ee. Municija je uvijek pri ruci zahvaljuju\u0107i integrisanoj futroli za dve metke svih uobi\u010dajenih lova\u010dkih kalibara. Sa \u0161irokom, mekanom podlogom za rame, odvojivim okretljivim dr\u017ea\u010dima za remen i prakti\u010dnim kop\u010dama za brzo otpu\u0161tanje. Neklizaju\u0107i, elasti\u010dan i fleksibilno podesiv po du\u017eini. Savr\u0161en pratilac za plemeniti [&hellip;]<\/p>\n","protected":false},"featured_media":6725,"template":"","meta":[],"product_cat":[83,206],"product_tag":[],"class_list":{"0":"post-6520","1":"product","2":"type-product","3":"status-publish","4":"has-post-thumbnail","6":"product_brand-blaser","7":"product_cat-dodatna-oprema","8":"product_cat-remnici-za-puske","10":"first","11":"instock","12":"taxable","13":"shipping-taxable","14":"purchasable","15":"product-type-simple"},"_links":{"self":[{"href":"https:\/\/torzokom.com\/ba\/wp-json\/wp\/v2\/product\/6520","targetHints":{"allow":["GET"]}}],"collection":[{"href":"https:\/\/torzokom.com\/ba\/wp-json\/wp\/v2\/product"}],"about":[{"href":"https:\/\/torzokom.com\/ba\/wp-json\/wp\/v2\/types\/product"}],"version-history":[{"count":0,"href":"https:\/\/torzokom.com\/ba\/wp-json\/wp\/v2\/product\/6520\/revisions"}],"wp:featuredmedia":[{"embeddable":true,"href":"https:\/\/torzokom.com\/ba\/wp-json\/wp\/v2\/media\/6725"}],"wp:attachment":[{"href":"https:\/\/torzokom.com\/ba\/wp-json\/wp\/v2\/media?parent=6520"}],"wp:term":[{"taxonomy":"product_cat","embeddable":true,"href":"https:\/\/torzokom.com\/ba\/wp-json\/wp\/v2\/product_cat?post=6520"},{"taxonomy":"product_tag","embeddable":true,"href":"https:\/\/torzokom.com\/ba\/wp-json\/wp\/v2\/product_tag?post=6520"}],"curies":[{"name":"wp","href":"https:\/\/api.w.org\/{rel}","templated":true}]}}