{"id":6522,"date":"2025-10-26T19:13:44","date_gmt":"2025-10-26T18:13:44","guid":{"rendered":"http:\/\/torzokom.com\/?post_type=product&#038;p=6522"},"modified":"2025-10-27T17:17:31","modified_gmt":"2025-10-27T16:17:31","slug":"blaser-remnik-koza-crni","status":"publish","type":"product","link":"https:\/\/torzokom.com\/ba\/proizvod\/blaser-remnik-koza-crni\/","title":{"rendered":"Blaser Remnik Koza Crni"},"content":{"rendered":"<h2>Blaser Remnik Koza Crni<\/h2>\n<p>Blaser crni remen za pu\u0161ku je visokokvalitetan, elasti\u010dan i podesiv po du\u017eini, napravljen od ko\u017ee sa fleksibilnim i nekli\u017ee\u0107im karakteristikama. Ima \u0161iroku, mekanu jastu\u010di\u0107 za rame za maksimalnu udobnost, a opremljen je integrisanom futrolom za dve patrona svih uobi\u010dajenih lova\u010dkih kalibara. Ovaj remen \u010desto dolazi s odvojivim okretnim dr\u017ea\u010dima za remen i prakti\u010dnim kop\u010dama za brzo uklanjanje.<\/p>","protected":false},"excerpt":{"rendered":"<p>Blaser Remnik Koza Crni Blaser crni remen za pu\u0161ku je visokokvalitetan, elasti\u010dan i podesiv po du\u017eini, napravljen od ko\u017ee sa fleksibilnim i nekli\u017ee\u0107im karakteristikama. Ima \u0161iroku, mekanu jastu\u010di\u0107 za rame za maksimalnu udobnost, a opremljen je integrisanom futrolom za dve patrona svih uobi\u010dajenih lova\u010dkih kalibara. Ovaj remen \u010desto dolazi s odvojivim okretnim dr\u017ea\u010dima za remen [&hellip;]<\/p>\n","protected":false},"featured_media":6729,"template":"","meta":[],"product_cat":[83,206],"product_tag":[],"class_list":{"0":"post-6522","1":"product","2":"type-product","3":"status-publish","4":"has-post-thumbnail","6":"product_brand-blaser","7":"product_cat-dodatna-oprema","8":"product_cat-remnici-za-puske","10":"first","11":"instock","12":"taxable","13":"shipping-taxable","14":"purchasable","15":"product-type-simple"},"_links":{"self":[{"href":"https:\/\/torzokom.com\/ba\/wp-json\/wp\/v2\/product\/6522","targetHints":{"allow":["GET"]}}],"collection":[{"href":"https:\/\/torzokom.com\/ba\/wp-json\/wp\/v2\/product"}],"about":[{"href":"https:\/\/torzokom.com\/ba\/wp-json\/wp\/v2\/types\/product"}],"version-history":[{"count":0,"href":"https:\/\/torzokom.com\/ba\/wp-json\/wp\/v2\/product\/6522\/revisions"}],"wp:featuredmedia":[{"embeddable":true,"href":"https:\/\/torzokom.com\/ba\/wp-json\/wp\/v2\/media\/6729"}],"wp:attachment":[{"href":"https:\/\/torzokom.com\/ba\/wp-json\/wp\/v2\/media?parent=6522"}],"wp:term":[{"taxonomy":"product_cat","embeddable":true,"href":"https:\/\/torzokom.com\/ba\/wp-json\/wp\/v2\/product_cat?post=6522"},{"taxonomy":"product_tag","embeddable":true,"href":"https:\/\/torzokom.com\/ba\/wp-json\/wp\/v2\/product_tag?post=6522"}],"curies":[{"name":"wp","href":"https:\/\/api.w.org\/{rel}","templated":true}]}}