{"id":6526,"date":"2025-10-26T19:15:10","date_gmt":"2025-10-26T18:15:10","guid":{"rendered":"http:\/\/torzokom.com\/?post_type=product&#038;p=6526"},"modified":"2026-02-18T10:01:12","modified_gmt":"2026-02-18T09:01:12","slug":"blaser-remnik-monza","status":"publish","type":"product","link":"https:\/\/torzokom.com\/ba\/proizvod\/blaser-remnik-monza\/","title":{"rendered":"Blaser Remnik Monza"},"content":{"rendered":"<h2>Blaser Remnik Monza<\/h2>\n<p><span class=\"group\/language-learning cursor-pointer\"><span class=\"group-hover\/language-learning:border-foreground border-subtle cursor-pointer hyphens-auto break-words border-b-2 border-dotted outline-none transition-colors duration-200 ease-out font-sans text-base font-medium text-foreground selection:bg-super\/50 selection:text-foreground dark:selection:bg-super\/10 dark:selection:text-super\">Udoban remen za pu\u0161ku od ko\u017ee i Cordure sa mekanom, \u0161irokom podlogom za rame radi maksimalne udobnosti. Neklizaju\u0107i, rastegljiv i podesiv po du\u017eini. Integrisana futrola za dve metka. Odvojivi okre\u0107ivi dr\u017ea\u010di za remen sa kop\u010dom za brzo otpu\u0161tanje. Elegantni crveni \u0161avovi na tamno crnom pravom ko\u017enom remenu zaokru\u017euju dinami\u010dan izgled va\u0161eg lova\u010dkog oru\u017eja.<\/span><\/span><\/p>","protected":false},"excerpt":{"rendered":"<p>Blaser Remnik Monza Udoban remen za pu\u0161ku od ko\u017ee i Cordure sa mekanom, \u0161irokom podlogom za rame radi maksimalne udobnosti. Neklizaju\u0107i, rastegljiv i podesiv po du\u017eini. Integrisana futrola za dve metka. Odvojivi okre\u0107ivi dr\u017ea\u010di za remen sa kop\u010dom za brzo otpu\u0161tanje. Elegantni crveni \u0161avovi na tamno crnom pravom ko\u017enom remenu zaokru\u017euju dinami\u010dan izgled va\u0161eg lova\u010dkog [&hellip;]<\/p>\n","protected":false},"featured_media":6733,"template":"","meta":[],"product_cat":[83,206],"product_tag":[],"class_list":{"0":"post-6526","1":"product","2":"type-product","3":"status-publish","4":"has-post-thumbnail","6":"product_brand-blaser","7":"product_cat-dodatna-oprema","8":"product_cat-remnici-za-puske","10":"first","11":"outofstock","12":"taxable","13":"shipping-taxable","14":"purchasable","15":"product-type-simple"},"_links":{"self":[{"href":"https:\/\/torzokom.com\/ba\/wp-json\/wp\/v2\/product\/6526","targetHints":{"allow":["GET"]}}],"collection":[{"href":"https:\/\/torzokom.com\/ba\/wp-json\/wp\/v2\/product"}],"about":[{"href":"https:\/\/torzokom.com\/ba\/wp-json\/wp\/v2\/types\/product"}],"version-history":[{"count":0,"href":"https:\/\/torzokom.com\/ba\/wp-json\/wp\/v2\/product\/6526\/revisions"}],"wp:featuredmedia":[{"embeddable":true,"href":"https:\/\/torzokom.com\/ba\/wp-json\/wp\/v2\/media\/6733"}],"wp:attachment":[{"href":"https:\/\/torzokom.com\/ba\/wp-json\/wp\/v2\/media?parent=6526"}],"wp:term":[{"taxonomy":"product_cat","embeddable":true,"href":"https:\/\/torzokom.com\/ba\/wp-json\/wp\/v2\/product_cat?post=6526"},{"taxonomy":"product_tag","embeddable":true,"href":"https:\/\/torzokom.com\/ba\/wp-json\/wp\/v2\/product_tag?post=6526"}],"curies":[{"name":"wp","href":"https:\/\/api.w.org\/{rel}","templated":true}]}}