{"id":6530,"date":"2025-10-26T19:25:04","date_gmt":"2025-10-26T18:25:04","guid":{"rendered":"http:\/\/torzokom.com\/?post_type=product&#038;p=6530"},"modified":"2025-10-27T17:42:53","modified_gmt":"2025-10-27T16:42:53","slug":"blaser-remnik-loden-leder","status":"publish","type":"product","link":"https:\/\/torzokom.com\/ba\/proizvod\/blaser-remnik-loden-leder\/","title":{"rendered":"Blaser Remnik Loden\/Leder"},"content":{"rendered":"<h2>Blaser Remnik Loden\/Leder<\/h2>\n<p><span class=\"group\/language-learning cursor-pointer\"><span class=\"group-hover\/language-learning:border-foreground border-subtle cursor-pointer hyphens-auto break-words border-b-2 border-dotted outline-none transition-colors duration-200 ease-out font-sans text-base font-medium text-foreground selection:bg-super\/50 selection:text-foreground dark:selection:bg-super\/10 dark:selection:text-super\">Blaser remen za pu\u0161ku odu\u0161evljava najfinijom gove\u0111om ko\u017eom i elegantnim tamno sivim lodenom. Njegova \u0161iroka povr\u0161ina za no\u0161enje ne samo da obezbje\u0111uje pobolj\u0161anu udobnost no\u0161enja, ve\u0107 je i savr\u0161eno pogodna kao oslonac za kundak pu\u0161ke R8 Silence. Zahvaljuju\u0107i neoprenu i gumi iznutra, remen za pu\u0161ku je elasti\u010dan i neklizaju\u0107i. Za optimalno rukovanje posjeduje provereni Blaser kop\u010du za brzo otpu\u0161tanje i futrolu za dve \u010daure za pu\u0161ku.<\/span><\/span><\/p>","protected":false},"excerpt":{"rendered":"<p>Blaser Remnik Loden\/Leder Blaser remen za pu\u0161ku odu\u0161evljava najfinijom gove\u0111om ko\u017eom i elegantnim tamno sivim lodenom. Njegova \u0161iroka povr\u0161ina za no\u0161enje ne samo da obezbje\u0111uje pobolj\u0161anu udobnost no\u0161enja, ve\u0107 je i savr\u0161eno pogodna kao oslonac za kundak pu\u0161ke R8 Silence. Zahvaljuju\u0107i neoprenu i gumi iznutra, remen za pu\u0161ku je elasti\u010dan i neklizaju\u0107i. Za optimalno rukovanje [&hellip;]<\/p>\n","protected":false},"featured_media":6738,"template":"","meta":[],"product_cat":[83,206],"product_tag":[],"class_list":{"0":"post-6530","1":"product","2":"type-product","3":"status-publish","4":"has-post-thumbnail","6":"product_brand-blaser","7":"product_cat-dodatna-oprema","8":"product_cat-remnici-za-puske","10":"first","11":"instock","12":"taxable","13":"shipping-taxable","14":"purchasable","15":"product-type-simple"},"_links":{"self":[{"href":"https:\/\/torzokom.com\/ba\/wp-json\/wp\/v2\/product\/6530","targetHints":{"allow":["GET"]}}],"collection":[{"href":"https:\/\/torzokom.com\/ba\/wp-json\/wp\/v2\/product"}],"about":[{"href":"https:\/\/torzokom.com\/ba\/wp-json\/wp\/v2\/types\/product"}],"version-history":[{"count":0,"href":"https:\/\/torzokom.com\/ba\/wp-json\/wp\/v2\/product\/6530\/revisions"}],"wp:featuredmedia":[{"embeddable":true,"href":"https:\/\/torzokom.com\/ba\/wp-json\/wp\/v2\/media\/6738"}],"wp:attachment":[{"href":"https:\/\/torzokom.com\/ba\/wp-json\/wp\/v2\/media?parent=6530"}],"wp:term":[{"taxonomy":"product_cat","embeddable":true,"href":"https:\/\/torzokom.com\/ba\/wp-json\/wp\/v2\/product_cat?post=6530"},{"taxonomy":"product_tag","embeddable":true,"href":"https:\/\/torzokom.com\/ba\/wp-json\/wp\/v2\/product_tag?post=6530"}],"curies":[{"name":"wp","href":"https:\/\/api.w.org\/{rel}","templated":true}]}}