{"id":6534,"date":"2025-10-26T19:41:41","date_gmt":"2025-10-26T18:41:41","guid":{"rendered":"http:\/\/torzokom.com\/?post_type=product&#038;p=6534"},"modified":"2025-10-27T17:44:44","modified_gmt":"2025-10-27T16:44:44","slug":"blaser-noz-professional","status":"publish","type":"product","link":"https:\/\/torzokom.com\/ba\/proizvod\/blaser-noz-professional\/","title":{"rendered":"Blaser No\u017e Professional"},"content":{"rendered":"<h2>Blaser No\u017e Professional<\/h2>\n<p>Blaser Professional No\u017e je klasi\u010dni univerzalni lova\u010dki no\u017e koji se isti\u010de svojim modernim dizajnom dr\u0161ke. Stil i oblik dr\u0161ke imitiraju dizajn Blaser obraznih panela. Plasti\u010dna dr\u0161ka je udobna za dr\u017eanje i izdr\u017eljiva. O\u0161trica je dugotrajna i idealna za lov, obi\u010dno izra\u0111ena od kvalitetnog \u010delika koji odr\u017eava o\u0161trinu.<\/p>","protected":false},"excerpt":{"rendered":"<p>Blaser No\u017e Professional Blaser Professional No\u017e je klasi\u010dni univerzalni lova\u010dki no\u017e koji se isti\u010de svojim modernim dizajnom dr\u0161ke. Stil i oblik dr\u0161ke imitiraju dizajn Blaser obraznih panela. Plasti\u010dna dr\u0161ka je udobna za dr\u017eanje i izdr\u017eljiva. O\u0161trica je dugotrajna i idealna za lov, obi\u010dno izra\u0111ena od kvalitetnog \u010delika koji odr\u017eava o\u0161trinu.<\/p>","protected":false},"featured_media":6741,"template":"","meta":[],"product_cat":[83,47],"product_tag":[],"class_list":{"0":"post-6534","1":"product","2":"type-product","3":"status-publish","4":"has-post-thumbnail","6":"product_brand-blaser","7":"product_cat-dodatna-oprema","8":"product_cat-nozevi","10":"first","11":"instock","12":"taxable","13":"shipping-taxable","14":"purchasable","15":"product-type-simple"},"_links":{"self":[{"href":"https:\/\/torzokom.com\/ba\/wp-json\/wp\/v2\/product\/6534","targetHints":{"allow":["GET"]}}],"collection":[{"href":"https:\/\/torzokom.com\/ba\/wp-json\/wp\/v2\/product"}],"about":[{"href":"https:\/\/torzokom.com\/ba\/wp-json\/wp\/v2\/types\/product"}],"version-history":[{"count":0,"href":"https:\/\/torzokom.com\/ba\/wp-json\/wp\/v2\/product\/6534\/revisions"}],"wp:featuredmedia":[{"embeddable":true,"href":"https:\/\/torzokom.com\/ba\/wp-json\/wp\/v2\/media\/6741"}],"wp:attachment":[{"href":"https:\/\/torzokom.com\/ba\/wp-json\/wp\/v2\/media?parent=6534"}],"wp:term":[{"taxonomy":"product_cat","embeddable":true,"href":"https:\/\/torzokom.com\/ba\/wp-json\/wp\/v2\/product_cat?post=6534"},{"taxonomy":"product_tag","embeddable":true,"href":"https:\/\/torzokom.com\/ba\/wp-json\/wp\/v2\/product_tag?post=6534"}],"curies":[{"name":"wp","href":"https:\/\/api.w.org\/{rel}","templated":true}]}}