{"id":6553,"date":"2025-10-26T23:12:54","date_gmt":"2025-10-26T22:12:54","guid":{"rendered":"http:\/\/torzokom.com\/?post_type=product&#038;p=6553"},"modified":"2025-10-27T15:10:18","modified_gmt":"2025-10-27T14:10:18","slug":"blaser-ostrac-nozeva","status":"publish","type":"product","link":"https:\/\/torzokom.com\/ba\/proizvod\/blaser-ostrac-nozeva\/","title":{"rendered":"Blaser O\u0161tra\u010d No\u017eeva"},"content":{"rendered":"","protected":false},"excerpt":{"rendered":"","protected":false},"featured_media":6704,"template":"","meta":[],"product_cat":[83,47],"product_tag":[],"class_list":{"0":"post-6553","1":"product","2":"type-product","3":"status-publish","4":"has-post-thumbnail","6":"product_brand-blaser","7":"product_cat-dodatna-oprema","8":"product_cat-nozevi","10":"first","11":"instock","12":"taxable","13":"shipping-taxable","14":"purchasable","15":"product-type-simple"},"_links":{"self":[{"href":"https:\/\/torzokom.com\/ba\/wp-json\/wp\/v2\/product\/6553","targetHints":{"allow":["GET"]}}],"collection":[{"href":"https:\/\/torzokom.com\/ba\/wp-json\/wp\/v2\/product"}],"about":[{"href":"https:\/\/torzokom.com\/ba\/wp-json\/wp\/v2\/types\/product"}],"version-history":[{"count":0,"href":"https:\/\/torzokom.com\/ba\/wp-json\/wp\/v2\/product\/6553\/revisions"}],"wp:featuredmedia":[{"embeddable":true,"href":"https:\/\/torzokom.com\/ba\/wp-json\/wp\/v2\/media\/6704"}],"wp:attachment":[{"href":"https:\/\/torzokom.com\/ba\/wp-json\/wp\/v2\/media?parent=6553"}],"wp:term":[{"taxonomy":"product_cat","embeddable":true,"href":"https:\/\/torzokom.com\/ba\/wp-json\/wp\/v2\/product_cat?post=6553"},{"taxonomy":"product_tag","embeddable":true,"href":"https:\/\/torzokom.com\/ba\/wp-json\/wp\/v2\/product_tag?post=6553"}],"curies":[{"name":"wp","href":"https:\/\/api.w.org\/{rel}","templated":true}]}}