{"id":6555,"date":"2025-10-26T23:17:28","date_gmt":"2025-10-26T22:17:28","guid":{"rendered":"http:\/\/torzokom.com\/?post_type=product&#038;p=6555"},"modified":"2025-10-27T17:50:28","modified_gmt":"2025-10-27T16:50:28","slug":"blaser-nosac-za-aimpoint-h2","status":"publish","type":"product","link":"https:\/\/torzokom.com\/ba\/proizvod\/blaser-nosac-za-aimpoint-h2\/","title":{"rendered":"Blaser nosa\u010d za Aimpoint H2"},"content":{"rendered":"<h2>Blaser nosa\u010d za Aimpoint H2<\/h2>\n<p>Blaser nosa\u010d za Aimpoint H2 je originalni Blaser nosa\u010d za ni\u0161an Aimpoint Micro H-2, posebno dizajniran da se montira na Blaser pu\u0161ke koje imaju Blaser saddle mount interfejs. Ovaj nosa\u010d koristi obe ta\u010dke za monta\u017eu na cijevi pu\u0161ke i omogu\u0107ava brzo skidanje i postavljanje ni\u0161ana bez gubitka nule. Nosa\u010d je izra\u0111en od aluminijuma visoke \u010dvrsto\u0107e, sa anodisanim polumat zavr\u0161nim slojem, \u0161to mu daje izdr\u017eljivost i otpornost.<\/p>","protected":false},"excerpt":{"rendered":"<p>Blaser nosa\u010d za Aimpoint H2 Blaser nosa\u010d za Aimpoint H2 je originalni Blaser nosa\u010d za ni\u0161an Aimpoint Micro H-2, posebno dizajniran da se montira na Blaser pu\u0161ke koje imaju Blaser saddle mount interfejs. Ovaj nosa\u010d koristi obe ta\u010dke za monta\u017eu na cijevi pu\u0161ke i omogu\u0107ava brzo skidanje i postavljanje ni\u0161ana bez gubitka nule. Nosa\u010d je [&hellip;]<\/p>\n","protected":false},"featured_media":6747,"template":"","meta":[],"product_cat":[105,204],"product_tag":[],"class_list":{"0":"post-6555","1":"product","2":"type-product","3":"status-publish","4":"has-post-thumbnail","6":"product_brand-blaser","7":"product_cat-optika","8":"product_cat-nosaci-montaze-optika","10":"first","11":"instock","12":"taxable","13":"shipping-taxable","14":"purchasable","15":"product-type-simple"},"_links":{"self":[{"href":"https:\/\/torzokom.com\/ba\/wp-json\/wp\/v2\/product\/6555","targetHints":{"allow":["GET"]}}],"collection":[{"href":"https:\/\/torzokom.com\/ba\/wp-json\/wp\/v2\/product"}],"about":[{"href":"https:\/\/torzokom.com\/ba\/wp-json\/wp\/v2\/types\/product"}],"version-history":[{"count":0,"href":"https:\/\/torzokom.com\/ba\/wp-json\/wp\/v2\/product\/6555\/revisions"}],"wp:featuredmedia":[{"embeddable":true,"href":"https:\/\/torzokom.com\/ba\/wp-json\/wp\/v2\/media\/6747"}],"wp:attachment":[{"href":"https:\/\/torzokom.com\/ba\/wp-json\/wp\/v2\/media?parent=6555"}],"wp:term":[{"taxonomy":"product_cat","embeddable":true,"href":"https:\/\/torzokom.com\/ba\/wp-json\/wp\/v2\/product_cat?post=6555"},{"taxonomy":"product_tag","embeddable":true,"href":"https:\/\/torzokom.com\/ba\/wp-json\/wp\/v2\/product_tag?post=6555"}],"curies":[{"name":"wp","href":"https:\/\/api.w.org\/{rel}","templated":true}]}}