{"id":6564,"date":"2025-10-26T23:40:04","date_gmt":"2025-10-26T22:40:04","guid":{"rendered":"http:\/\/torzokom.com\/?post_type=product&#038;p=6564"},"modified":"2025-10-27T17:55:25","modified_gmt":"2025-10-27T16:55:25","slug":"blaser-fiseklija-80200559","status":"publish","type":"product","link":"https:\/\/torzokom.com\/ba\/proizvod\/blaser-fiseklija-80200559\/","title":{"rendered":"Blaser Fi\u0161eklija"},"content":{"rendered":"<h2>Blaser Fi\u0161eklija<\/h2>\n<div class=\"prose dark:prose-invert inline leading-relaxed break-words min-w-0 [word-break:break-word] prose-strong:font-medium\">\n<p class=\"my-2 [&amp;+p]:mt-4 [&amp;_strong:has(+br)]:inline-block [&amp;_strong:has(+br)]:pb-2\"><span class=\"group\/language-learning cursor-pointer\"><span class=\"group-hover\/language-learning:border-foreground border-subtle cursor-pointer hyphens-auto break-words border-b-2 border-dotted outline-none transition-colors duration-200 ease-out font-sans text-base font-medium text-foreground selection:bg-super\/50 selection:text-foreground dark:selection:bg-super\/10 dark:selection:text-super\">Udobna futrola za pojas sa integrisanom futrolom za \u0161est metaka. Futrola se mo\u017ee odvojiti i ima podesivu petlju i velkro traku za fleksibilno pri\u010dvr\u0161\u0107ivanje na ruku ili oru\u017eje. Tab od prave ko\u017ee za tiho otvaranje i zatvaranje. Me\u0161avina materijala Cordura i neoprena pouzdano \u0161titi municiju od oksidacije. Fina ko\u017ena obrada. Pogodna za sve kalibre od 5,6 x 52 R do 500 NE.<\/span><\/span><\/p>\n<\/div>\n","protected":false},"excerpt":{"rendered":"<p>Blaser Fi\u0161eklija Udobna futrola za pojas sa integrisanom futrolom za \u0161est metaka. Futrola se mo\u017ee odvojiti i ima podesivu petlju i velkro traku za fleksibilno pri\u010dvr\u0161\u0107ivanje na ruku ili oru\u017eje. Tab od prave ko\u017ee za tiho otvaranje i zatvaranje. Me\u0161avina materijala Cordura i neoprena pouzdano \u0161titi municiju od oksidacije. Fina ko\u017ena obrada. Pogodna za sve [&hellip;]<\/p>\n","protected":false},"featured_media":6751,"template":"","meta":[],"product_cat":[83,33],"product_tag":[],"class_list":{"0":"post-6564","1":"product","2":"type-product","3":"status-publish","4":"has-post-thumbnail","6":"product_brand-blaser","7":"product_cat-dodatna-oprema","8":"product_cat-torbe-ruksaci","10":"first","11":"instock","12":"taxable","13":"shipping-taxable","14":"purchasable","15":"product-type-simple"},"_links":{"self":[{"href":"https:\/\/torzokom.com\/ba\/wp-json\/wp\/v2\/product\/6564","targetHints":{"allow":["GET"]}}],"collection":[{"href":"https:\/\/torzokom.com\/ba\/wp-json\/wp\/v2\/product"}],"about":[{"href":"https:\/\/torzokom.com\/ba\/wp-json\/wp\/v2\/types\/product"}],"version-history":[{"count":0,"href":"https:\/\/torzokom.com\/ba\/wp-json\/wp\/v2\/product\/6564\/revisions"}],"wp:featuredmedia":[{"embeddable":true,"href":"https:\/\/torzokom.com\/ba\/wp-json\/wp\/v2\/media\/6751"}],"wp:attachment":[{"href":"https:\/\/torzokom.com\/ba\/wp-json\/wp\/v2\/media?parent=6564"}],"wp:term":[{"taxonomy":"product_cat","embeddable":true,"href":"https:\/\/torzokom.com\/ba\/wp-json\/wp\/v2\/product_cat?post=6564"},{"taxonomy":"product_tag","embeddable":true,"href":"https:\/\/torzokom.com\/ba\/wp-json\/wp\/v2\/product_tag?post=6564"}],"curies":[{"name":"wp","href":"https:\/\/api.w.org\/{rel}","templated":true}]}}