{"id":6627,"date":"2025-10-27T02:40:42","date_gmt":"2025-10-27T01:40:42","guid":{"rendered":"http:\/\/torzokom.com\/?post_type=product&#038;p=6627"},"modified":"2025-10-29T08:42:38","modified_gmt":"2025-10-29T07:42:38","slug":"blaser-r8-silverstone","status":"publish","type":"product","link":"https:\/\/torzokom.com\/ba\/proizvod\/blaser-r8-silverstone\/","title":{"rendered":"Blaser R8 Ultimate Silverstone"},"content":{"rendered":"<h2>Blaser R8 Ultimate Silverstone<\/h2>\n<p>Brzina, preciznost i dizajn u stilu britanske decentnosti \u2013 R8 Silverstone je oma\u017e savr\u0161enstvu. Prvi nastup na Silverstoneu: James Littlejohn, voza\u010d trka\u0107ih automobila, trener vo\u017enje i \u010dlan elitnog Britanskog kluba trka\u0107ih voza\u010da, predstavlja R8 Ultimate Silverstone na pravoj stazi start-cilj.<br \/>\nS obzirom na njegovu strast prema klasi\u010dnim sportskim automobilima i modernim vozilima visokih performansi, pu\u0161ka je uvjerila entuzijasti\u010dnog lovca na streli\u0161tu i u lovu.<\/p>","protected":false},"excerpt":{"rendered":"<p>Blaser R8 Ultimate Silverstone Brzina, preciznost i dizajn u stilu britanske decentnosti \u2013 R8 Silverstone je oma\u017e savr\u0161enstvu. Prvi nastup na Silverstoneu: James Littlejohn, voza\u010d trka\u0107ih automobila, trener vo\u017enje i \u010dlan elitnog Britanskog kluba trka\u0107ih voza\u010da, predstavlja R8 Ultimate Silverstone na pravoj stazi start-cilj. S obzirom na njegovu strast prema klasi\u010dnim sportskim automobilima i modernim [&hellip;]<\/p>\n","protected":false},"featured_media":6681,"template":"","meta":[],"product_cat":[46,199],"product_tag":[],"class_list":{"0":"post-6627","1":"product","2":"type-product","3":"status-publish","4":"has-post-thumbnail","6":"product_brand-blaser","7":"product_cat-oruzje","8":"product_cat-lovacki-karabini","10":"first","11":"instock","12":"taxable","13":"shipping-taxable","14":"purchasable","15":"product-type-simple"},"_links":{"self":[{"href":"https:\/\/torzokom.com\/ba\/wp-json\/wp\/v2\/product\/6627","targetHints":{"allow":["GET"]}}],"collection":[{"href":"https:\/\/torzokom.com\/ba\/wp-json\/wp\/v2\/product"}],"about":[{"href":"https:\/\/torzokom.com\/ba\/wp-json\/wp\/v2\/types\/product"}],"version-history":[{"count":0,"href":"https:\/\/torzokom.com\/ba\/wp-json\/wp\/v2\/product\/6627\/revisions"}],"wp:featuredmedia":[{"embeddable":true,"href":"https:\/\/torzokom.com\/ba\/wp-json\/wp\/v2\/media\/6681"}],"wp:attachment":[{"href":"https:\/\/torzokom.com\/ba\/wp-json\/wp\/v2\/media?parent=6627"}],"wp:term":[{"taxonomy":"product_cat","embeddable":true,"href":"https:\/\/torzokom.com\/ba\/wp-json\/wp\/v2\/product_cat?post=6627"},{"taxonomy":"product_tag","embeddable":true,"href":"https:\/\/torzokom.com\/ba\/wp-json\/wp\/v2\/product_tag?post=6627"}],"curies":[{"name":"wp","href":"https:\/\/api.w.org\/{rel}","templated":true}]}}