{"id":6631,"date":"2025-10-27T02:45:08","date_gmt":"2025-10-27T01:45:08","guid":{"rendered":"http:\/\/torzokom.com\/?post_type=product&#038;p=6631"},"modified":"2026-02-09T12:51:46","modified_gmt":"2026-02-09T11:51:46","slug":"blaser-r8-ultimate-x-lovacki-karabin","status":"publish","type":"product","link":"https:\/\/torzokom.com\/ba\/proizvod\/blaser-r8-ultimate-x-lovacki-karabin\/","title":{"rendered":"Blaser R8 Ultimate X &#8211; premijum modularni lovacki karabin"},"content":{"rendered":"<h5>Blaser R8 Ultimate X je premium lovacki karabin sa direktnim sistemom akcije (straight-pull sistem), maksimalnom sigurnoscu, modularnim dizajnom i vrhunskom preciznoscu. Idealan je za sve vrste lova.<\/h5>\n<h5 id=\"m_-3815709865230061770AppleMailSignature\" dir=\"ltr\">Blaser R8 Ultimate X \u2013 vrhunski modularni lova\u010dki karabin bez kompromisa<\/h5>\n<div id=\"m_-3815709865230061770AppleMailSignature\" dir=\"ltr\"><\/div>\n<div id=\"m_-3815709865230061770AppleMailSignature\" dir=\"ltr\">Blaser R8 Ultimate X predstavlja vrhunac moderne lova\u010dke tehnologije i ergonomije. Ovaj model je dizajniran za lovce koji tra\u017ee maksimalnu kontrolu, sigurnost i prilagodljivost, bez obzira na teren, vremenske uslove ili vrstu lova.<\/div>\n<div id=\"m_-3815709865230061770AppleMailSignature\" dir=\"ltr\"><\/div>\n<div id=\"m_-3815709865230061770AppleMailSignature\" dir=\"ltr\">Kao dio R8 porodice, Ultimate X zadr\u017eava sve klju\u010dne prednosti Blaser sistema, uz dodatno unaprije\u0111enu ergonomiju i savremeni dizajn.<\/div>\n<div id=\"m_-3815709865230061770AppleMailSignature\" dir=\"ltr\"><\/div>\n<div id=\"m_-3815709865230061770AppleMailSignature\" dir=\"ltr\">&#8212;&#8212;&#8212;&#8212;&#8212;&#8212;&#8212;&#8212;&#8212;&#8212;<wbr \/>&#8212;&#8212;&#8212;&#8212;&#8212;&#8212;&#8211;<\/div>\n<h5 id=\"m_-3815709865230061770AppleMailSignature\" dir=\"ltr\"><span style=\"font-family: Georgia, 'Times New Roman', 'Bitstream Charter', Times, serif;\">Straight-pull sistem \u2013 brzina i kontrola u svakoj situaciji<\/span><\/h5>\n<div id=\"m_-3815709865230061770AppleMailSignature\" dir=\"ltr\"><\/div>\n<div id=\"m_-3815709865230061770AppleMailSignature\" dir=\"ltr\">Blaser R8 Ultimate X koristi zatvara\u010d direktne akcije, koji omogu\u0107ava izuzetno brzo repetiranje\u00a0 bez pomjeranja ruke sa kundaka ili gubitka cilja u ni\u0161anu.<\/div>\n<div id=\"m_-3815709865230061770AppleMailSignature\" dir=\"ltr\"><\/div>\n<div id=\"m_-3815709865230061770AppleMailSignature\" dir=\"ltr\">Prednosti ovog sistema:<\/div>\n<div id=\"m_-3815709865230061770AppleMailSignature\" dir=\"ltr\">&#8211; znatno br\u017ee ponovno punjenje u odnosu na klasi\u010dne repetirke<\/div>\n<div id=\"m_-3815709865230061770AppleMailSignature\" dir=\"ltr\">&#8211; bolja kontrola oru\u017eja<\/div>\n<div id=\"m_-3815709865230061770AppleMailSignature\" dir=\"ltr\">&#8211; idealno za pogon i dinami\u010dne situacije<\/div>\n<div id=\"m_-3815709865230061770AppleMailSignature\" dir=\"ltr\">&#8211; ve\u0107a preciznost kod brzih hitaca<\/div>\n<div id=\"m_-3815709865230061770AppleMailSignature\" dir=\"ltr\"><\/div>\n<div id=\"m_-3815709865230061770AppleMailSignature\" dir=\"ltr\">Ovaj sistem \u010dini Blaser R8 jednim od najbr\u017eih i najefikasnijih lova\u010dkih karabina na svijetu.<\/div>\n<div id=\"m_-3815709865230061770AppleMailSignature\" dir=\"ltr\"><\/div>\n<div id=\"m_-3815709865230061770AppleMailSignature\" dir=\"ltr\">&#8212;&#8212;&#8212;&#8212;&#8212;&#8212;&#8212;&#8212;&#8212;&#8212;<wbr \/>&#8212;&#8212;&#8212;&#8212;&#8212;&#8212;&#8211;<\/div>\n<div id=\"m_-3815709865230061770AppleMailSignature\" dir=\"ltr\"><\/div>\n<h5 id=\"m_-3815709865230061770AppleMailSignature\" dir=\"ltr\">Najvi\u0161i nivo sigurnosti u lovu<\/h5>\n<div id=\"m_-3815709865230061770AppleMailSignature\" dir=\"ltr\"><\/div>\n<div id=\"m_-3815709865230061770AppleMailSignature\" dir=\"ltr\">Sigurnost je jedan od glavnih razloga za\u0161to lovci biraju Blaser R8 Ultimate X.<\/div>\n<div id=\"m_-3815709865230061770AppleMailSignature\" dir=\"ltr\"><\/div>\n<div id=\"m_-3815709865230061770AppleMailSignature\" dir=\"ltr\">Klju\u010dni sigurnosni elementi:<\/div>\n<div id=\"m_-3815709865230061770AppleMailSignature\" dir=\"ltr\">&#8211; radijalni zatvara\u010d sa direktnim zaklju\u010davanjem u cijevi<\/div>\n<div id=\"m_-3815709865230061770AppleMailSignature\" dir=\"ltr\">&#8211; ru\u010dica za ru\u010dno natezanje udara\u010da<\/div>\n<div id=\"m_-3815709865230061770AppleMailSignature\" dir=\"ltr\">&#8211; oru\u017eje je napunjeno bez napetog udara\u010da dok se svjesno ne aktivira<\/div>\n<div id=\"m_-3815709865230061770AppleMailSignature\" dir=\"ltr\"><\/div>\n<div id=\"m_-3815709865230061770AppleMailSignature\" dir=\"ltr\">Ovakav sistem pru\u017ea maksimalnu sigurnost u pogonu, pri kretanju kroz \u0161umu i tokom transporta.<\/div>\n<div id=\"m_-3815709865230061770AppleMailSignature\" dir=\"ltr\"><\/div>\n<div id=\"m_-3815709865230061770AppleMailSignature\" dir=\"ltr\">&#8212;&#8212;&#8212;&#8212;&#8212;&#8212;&#8212;&#8212;&#8212;&#8212;<wbr \/>&#8212;&#8212;&#8212;&#8212;&#8212;&#8212;&#8211;<\/div>\n<div id=\"m_-3815709865230061770AppleMailSignature\" dir=\"ltr\"><\/div>\n<h5 id=\"m_-3815709865230061770AppleMailSignature\" dir=\"ltr\">Ultimate X kundak \u2013 ergonomija na najvi\u0161em nivou<\/h5>\n<div id=\"m_-3815709865230061770AppleMailSignature\" dir=\"ltr\"><\/div>\n<div id=\"m_-3815709865230061770AppleMailSignature\" dir=\"ltr\">Najve\u0107a razlika u odnosu na klasi\u010dne R8 modele je Ultimate X kundak, izra\u0111en od visoko otpornog polimera sa integrisanim mekim umecima.<\/div>\n<div id=\"m_-3815709865230061770AppleMailSignature\" dir=\"ltr\"><\/div>\n<div id=\"m_-3815709865230061770AppleMailSignature\" dir=\"ltr\">Prednosti Ultimate X kundaka:<\/div>\n<div id=\"m_-3815709865230061770AppleMailSignature\" dir=\"ltr\">&#8211; izuzetna ergonomija<\/div>\n<div id=\"m_-3815709865230061770AppleMailSignature\" dir=\"ltr\">&#8211; siguran hvat u svim vremenskim uslovima<\/div>\n<div id=\"m_-3815709865230061770AppleMailSignature\" dir=\"ltr\">&#8211; otpornost na vlagu, hladno\u0107u i udarce<\/div>\n<div id=\"m_-3815709865230061770AppleMailSignature\" dir=\"ltr\">&#8211; moderan, funkcionalan dizajn<\/div>\n<div id=\"m_-3815709865230061770AppleMailSignature\" dir=\"ltr\"><\/div>\n<div id=\"m_-3815709865230061770AppleMailSignature\" dir=\"ltr\">Ovaj kundak je idealan za lovce koji love u te\u0161kim uslovima i tra\u017ee maksimalnu pouzdanost.<\/div>\n<div id=\"m_-3815709865230061770AppleMailSignature\" dir=\"ltr\"><\/div>\n<div id=\"m_-3815709865230061770AppleMailSignature\" dir=\"ltr\">&#8212;&#8212;&#8212;&#8212;&#8212;&#8212;&#8212;&#8212;&#8212;&#8212;<wbr \/>&#8212;&#8212;&#8212;&#8212;&#8212;&#8212;&#8211;<\/div>\n<div id=\"m_-3815709865230061770AppleMailSignature\" dir=\"ltr\"><\/div>\n<h5 id=\"m_-3815709865230061770AppleMailSignature\" dir=\"ltr\">Modularni sistem \u2013 jedan karabin, vi\u0161e konfiguracija<\/h5>\n<div id=\"m_-3815709865230061770AppleMailSignature\" dir=\"ltr\"><\/div>\n<div id=\"m_-3815709865230061770AppleMailSignature\" dir=\"ltr\">Blaser R8 Ultimate X je dio poznatog Blaser modularnog sistema, koji omogu\u0107ava brzu prilagodbu razli\u010ditim vrstama lova.<\/div>\n<div id=\"m_-3815709865230061770AppleMailSignature\" dir=\"ltr\"><\/div>\n<div id=\"m_-3815709865230061770AppleMailSignature\" dir=\"ltr\">Mogu\u0107e je mijenjati:<\/div>\n<div id=\"m_-3815709865230061770AppleMailSignature\" dir=\"ltr\">&#8211; cijevi<\/div>\n<div id=\"m_-3815709865230061770AppleMailSignature\" dir=\"ltr\">&#8211; kalibre<\/div>\n<div id=\"m_-3815709865230061770AppleMailSignature\" dir=\"ltr\">&#8211; kundake<\/div>\n<div id=\"m_-3815709865230061770AppleMailSignature\" dir=\"ltr\">&#8211; zatvara\u010de<\/div>\n<div id=\"m_-3815709865230061770AppleMailSignature\" dir=\"ltr\">&#8211; optiku<\/div>\n<div id=\"m_-3815709865230061770AppleMailSignature\" dir=\"ltr\"><\/div>\n<div id=\"m_-3815709865230061770AppleMailSignature\" dir=\"ltr\"><\/div>\n<div id=\"m_-3815709865230061770AppleMailSignature\" dir=\"ltr\">Jedan karabin mo\u017ee pokriti lov na sitnu, srednju i krupnu divlja\u010d, kao lov pogonom a takodjer i lov na najduzim distancama.<\/div>\n<div id=\"m_-3815709865230061770AppleMailSignature\" dir=\"ltr\"><\/div>\n<div id=\"m_-3815709865230061770AppleMailSignature\" dir=\"ltr\">&#8212;&#8212;&#8212;&#8212;&#8212;&#8212;&#8212;&#8212;&#8212;&#8212;<wbr \/>&#8212;&#8212;&#8212;&#8212;&#8212;&#8212;&#8211;<\/div>\n<div id=\"m_-3815709865230061770AppleMailSignature\" dir=\"ltr\"><\/div>\n<h5 id=\"m_-3815709865230061770AppleMailSignature\" dir=\"ltr\">Preciznost i njema\u010dki kvalitet izrade<\/h5>\n<div id=\"m_-3815709865230061770AppleMailSignature\" dir=\"ltr\"><\/div>\n<div id=\"m_-3815709865230061770AppleMailSignature\" dir=\"ltr\">Blaser R8 Ultimate X proizvodi se u Njema\u010dkoj, uz najvi\u0161e standarde kontrole kvaliteta.<\/div>\n<div id=\"m_-3815709865230061770AppleMailSignature\" dir=\"ltr\">Hladno kovane cijevi i precizna izrada garantuju izuzetnu preciznost, dug vijek trajanja i pouzdanost u svim lovnim uslovima.<\/div>\n<div id=\"m_-3815709865230061770AppleMailSignature\" dir=\"ltr\"><\/div>\n<div id=\"m_-3815709865230061770AppleMailSignature\" dir=\"ltr\">&#8212;&#8212;&#8212;&#8212;&#8212;&#8212;&#8212;&#8212;&#8212;&#8212;<wbr \/>&#8212;&#8212;&#8212;&#8212;&#8212;&#8212;&#8211;<\/div>\n<div id=\"m_-3815709865230061770AppleMailSignature\" dir=\"ltr\"><\/div>\n<h5 id=\"m_-3815709865230061770AppleMailSignature\" dir=\"ltr\">Za\u0161to je Blaser R8 Ultimate X popularan ?<\/h5>\n<div id=\"m_-3815709865230061770AppleMailSignature\" dir=\"ltr\"><\/div>\n<div id=\"m_-3815709865230061770AppleMailSignature\" dir=\"ltr\">Sta lovci posebno cijene:<\/div>\n<div id=\"m_-3815709865230061770AppleMailSignature\" dir=\"ltr\">&#8211; sigurnost u pogonu<\/div>\n<div dir=\"ltr\">&#8211; vrhunsku preciznos u lovu na velikim daljinama<\/div>\n<div dir=\"ltr\">&#8211; veliki izbor razlicitih kalibara<\/div>\n<div id=\"m_-3815709865230061770AppleMailSignature\" dir=\"ltr\">&#8211; otpornost na vremenske uslove<\/div>\n<div id=\"m_-3815709865230061770AppleMailSignature\" dir=\"ltr\">&#8211; brzinu i preciznost<\/div>\n<div id=\"m_-3815709865230061770AppleMailSignature\" dir=\"ltr\">&#8211; premium kvalitet, modularnost i jednostavno rukovanje<\/div>\n<div dir=\"ltr\"><\/div>\n<div id=\"m_-3815709865230061770AppleMailSignature\" dir=\"ltr\">&#8212;&#8212;&#8212;&#8212;&#8212;&#8212;&#8212;&#8212;&#8212;&#8212;<wbr \/>&#8212;&#8212;&#8212;&#8212;&#8212;&#8212;&#8211;<\/div>\n<div id=\"m_-3815709865230061770AppleMailSignature\" dir=\"ltr\"><\/div>\n<h5 id=\"m_-3815709865230061770AppleMailSignature\" dir=\"ltr\">Za\u0161to odabrati Blaser R8 Ultimate X?<\/h5>\n<div id=\"m_-3815709865230061770AppleMailSignature\" dir=\"ltr\"><\/div>\n<div id=\"m_-3815709865230061770AppleMailSignature\" dir=\"ltr\">&#8211; straight-pull sistem za brze hitce<\/div>\n<div id=\"m_-3815709865230061770AppleMailSignature\" dir=\"ltr\">&#8211; maksimalna sigurnost<\/div>\n<div id=\"m_-3815709865230061770AppleMailSignature\" dir=\"ltr\">&#8211; Ultimate X ergonomski kundak<\/div>\n<div id=\"m_-3815709865230061770AppleMailSignature\" dir=\"ltr\">&#8211; modularni Blaser sistem<\/div>\n<div id=\"m_-3815709865230061770AppleMailSignature\" dir=\"ltr\">&#8211; njema\u010dki premium kvalitet<\/div>\n<div id=\"m_-3815709865230061770AppleMailSignature\" dir=\"ltr\">&#8211; idealan za sve vrste lova<\/div>\n<div id=\"m_-3815709865230061770AppleMailSignature\" dir=\"ltr\"><\/div>\n<h5 id=\"m_-3815709865230061770AppleMailSignature\" dir=\"ltr\">Blaser R8 Ultimate X je izbor lovaca koji ne prihvataju kompromis.<\/h5>","protected":false},"excerpt":{"rendered":"<p>Blaser R8 Ultimate X je lovacki karabin sa direktnim sistemom akcije , maksimalnom sigurnoscu, modularnim dizajnom i vrhunskom preciznoscu.<\/p>\n<p>&nbsp;<\/p>","protected":false},"featured_media":6680,"template":"","meta":[],"product_cat":[46,199],"product_tag":[284,285,286,287],"class_list":{"0":"post-6631","1":"product","2":"type-product","3":"status-publish","4":"has-post-thumbnail","6":"product_brand-blaser","7":"product_cat-oruzje","8":"product_cat-lovacki-karabini","9":"product_tag-blaser-r8","10":"product_tag-blaser-r8-ultimate-x","11":"product_tag-lovacki-karabin-bih","12":"product_tag-najbolji-lovacki-karabini","14":"first","15":"instock","16":"taxable","17":"shipping-taxable","18":"purchasable","19":"product-type-simple"},"_links":{"self":[{"href":"https:\/\/torzokom.com\/ba\/wp-json\/wp\/v2\/product\/6631","targetHints":{"allow":["GET"]}}],"collection":[{"href":"https:\/\/torzokom.com\/ba\/wp-json\/wp\/v2\/product"}],"about":[{"href":"https:\/\/torzokom.com\/ba\/wp-json\/wp\/v2\/types\/product"}],"version-history":[{"count":0,"href":"https:\/\/torzokom.com\/ba\/wp-json\/wp\/v2\/product\/6631\/revisions"}],"wp:featuredmedia":[{"embeddable":true,"href":"https:\/\/torzokom.com\/ba\/wp-json\/wp\/v2\/media\/6680"}],"wp:attachment":[{"href":"https:\/\/torzokom.com\/ba\/wp-json\/wp\/v2\/media?parent=6631"}],"wp:term":[{"taxonomy":"product_cat","embeddable":true,"href":"https:\/\/torzokom.com\/ba\/wp-json\/wp\/v2\/product_cat?post=6631"},{"taxonomy":"product_tag","embeddable":true,"href":"https:\/\/torzokom.com\/ba\/wp-json\/wp\/v2\/product_tag?post=6631"}],"curies":[{"name":"wp","href":"https:\/\/api.w.org\/{rel}","templated":true}]}}