{"id":6633,"date":"2025-10-27T02:46:46","date_gmt":"2025-10-27T01:46:46","guid":{"rendered":"http:\/\/torzokom.com\/?post_type=product&#038;p=6633"},"modified":"2025-10-29T08:37:42","modified_gmt":"2025-10-29T07:37:42","slug":"blaser-r8-ultimate-x-leather","status":"publish","type":"product","link":"https:\/\/torzokom.com\/ba\/proizvod\/blaser-r8-ultimate-x-leather\/","title":{"rendered":"Blaser R8 Ultimate X Leather"},"content":{"rendered":"<h2>Blaser R8 Ultimate X Leather<\/h2>\n<p>R8 Ultimate sadr\u017ei sve \u0161to je potrebno jednoj najsavremenijoj lova\u010dkoj pu\u0161ci \u2013 i, zahvaljuju\u0107i \u0161irokom rasponu opcija konfiguracije, ostavlja prostora za individualnost: Ergonomski savr\u0161en kundak s otvorom za palac, sistem za apsorpciju trzaja (RDS), podesivi \u010de\u0161alj (VSR), podesivi jastu\u010di\u0107 trzaja (VSK) ili kompaktni jastu\u010di\u0107 trzaja (SKC) \u2013 R8 Ultimate nudi modularne opcije kundaka, koje se mogu u potpunosti konfigurisati prema va\u0161im individualnim i lova\u010dkim zahtjevima i na taj na\u010din podr\u017eavaju na\u0161 cilj: pru\u017eiti ono \u0161to je potrebno za bolje pucanje u svakoj situaciji.<\/p>","protected":false},"excerpt":{"rendered":"<p>Blaser R8 Ultimate X Leather R8 Ultimate sadr\u017ei sve \u0161to je potrebno jednoj najsavremenijoj lova\u010dkoj pu\u0161ci \u2013 i, zahvaljuju\u0107i \u0161irokom rasponu opcija konfiguracije, ostavlja prostora za individualnost: Ergonomski savr\u0161en kundak s otvorom za palac, sistem za apsorpciju trzaja (RDS), podesivi \u010de\u0161alj (VSR), podesivi jastu\u010di\u0107 trzaja (VSK) ili kompaktni jastu\u010di\u0107 trzaja (SKC) \u2013 R8 Ultimate nudi [&hellip;]<\/p>\n","protected":false},"featured_media":6679,"template":"","meta":[],"product_cat":[46,199],"product_tag":[],"class_list":{"0":"post-6633","1":"product","2":"type-product","3":"status-publish","4":"has-post-thumbnail","6":"product_brand-blaser","7":"product_cat-oruzje","8":"product_cat-lovacki-karabini","10":"first","11":"instock","12":"taxable","13":"shipping-taxable","14":"purchasable","15":"product-type-simple"},"_links":{"self":[{"href":"https:\/\/torzokom.com\/ba\/wp-json\/wp\/v2\/product\/6633","targetHints":{"allow":["GET"]}}],"collection":[{"href":"https:\/\/torzokom.com\/ba\/wp-json\/wp\/v2\/product"}],"about":[{"href":"https:\/\/torzokom.com\/ba\/wp-json\/wp\/v2\/types\/product"}],"version-history":[{"count":0,"href":"https:\/\/torzokom.com\/ba\/wp-json\/wp\/v2\/product\/6633\/revisions"}],"wp:featuredmedia":[{"embeddable":true,"href":"https:\/\/torzokom.com\/ba\/wp-json\/wp\/v2\/media\/6679"}],"wp:attachment":[{"href":"https:\/\/torzokom.com\/ba\/wp-json\/wp\/v2\/media?parent=6633"}],"wp:term":[{"taxonomy":"product_cat","embeddable":true,"href":"https:\/\/torzokom.com\/ba\/wp-json\/wp\/v2\/product_cat?post=6633"},{"taxonomy":"product_tag","embeddable":true,"href":"https:\/\/torzokom.com\/ba\/wp-json\/wp\/v2\/product_tag?post=6633"}],"curies":[{"name":"wp","href":"https:\/\/api.w.org\/{rel}","templated":true}]}}