{"id":6826,"date":"2025-10-29T08:28:55","date_gmt":"2025-10-29T07:28:55","guid":{"rendered":"https:\/\/torzokom.com\/?post_type=product&#038;p=6826"},"modified":"2025-10-29T08:56:43","modified_gmt":"2025-10-29T07:56:43","slug":"aimpoint-red-dot-acro-s-2-9moa","status":"publish","type":"product","link":"https:\/\/torzokom.com\/ba\/proizvod\/aimpoint-red-dot-acro-s-2-9moa\/","title":{"rendered":"Aimpoint Red Dot Acro S-2 9MOA"},"content":{"rendered":"<h2>Aimpoint Red Dot Acro S-2 9MOA<\/h2>\n<ul>\n<li>50.000 sati (preko 5 godina) rada s jednom baterijom<\/li>\n<li>Odgovara ve\u0107ini ventilisanih rebara za sa\u010dmaricu na tr\u017ei\u0161tu<\/li>\n<li>Ultra nisko integrisani nosa\u010d za rebro za sa\u010dmaricu &#8211; Uklju\u010dene su zamjenjive osnovne plo\u010de za ve\u0107inu veli\u010dina rebara (0,24 do 0,47 in\u010da ili 6-12 mm)<\/li>\n<li>Visina opti\u010dke ose 15 mm (0,6 in\u010da) mjereno od gornje povr\u0161ine mehani\u010dkog interfejsa Veli\u010dina ta\u010dke 9 MOA<\/li>\n<li>Ultra nisko integrisani i karbonskim vlaknima oja\u010dani nosa\u010d za rebro<\/li>\n<li>Uklju\u010dene su zamjenjive osnovne plo\u010de za ve\u0107inu veli\u010dina rebara (6-12 mm) 10 postavki intenziteta s vi\u0161im maksimalnim postavkama za uslove svijetlog neba<\/li>\n<li>Vodootporno, lagano, kompaktno i potpuno zatvoreno za\u0161titno ku\u0107i\u0161te<\/li>\n<li>UKLJU\u010cUJE: Zamjenjive osnovne plo\u010de, Vodi\u010d za odabir osnovne plo\u010de, CR2032 bateriju, Aimpoint\u00ae alat<\/li>\n<\/ul>","protected":false},"excerpt":{"rendered":"<p>Aimpoint Red Dot Acro S-2 9MOA 50.000 sati (preko 5 godina) rada s jednom baterijom Odgovara ve\u0107ini ventilisanih rebara za sa\u010dmaricu na tr\u017ei\u0161tu Ultra nisko integrisani nosa\u010d za rebro za sa\u010dmaricu &#8211; Uklju\u010dene su zamjenjive osnovne plo\u010de za ve\u0107inu veli\u010dina rebara (0,24 do 0,47 in\u010da ili 6-12 mm) Visina opti\u010dke ose 15 mm (0,6 in\u010da) [&hellip;]<\/p>\n","protected":false},"featured_media":7174,"template":"","meta":[],"product_cat":[105,176],"product_tag":[],"class_list":{"0":"post-6826","1":"product","2":"type-product","3":"status-publish","4":"has-post-thumbnail","6":"product_brand-aimpoint","7":"product_cat-optika","8":"product_cat-reddot","10":"first","11":"instock","12":"taxable","13":"shipping-taxable","14":"purchasable","15":"product-type-simple"},"_links":{"self":[{"href":"https:\/\/torzokom.com\/ba\/wp-json\/wp\/v2\/product\/6826","targetHints":{"allow":["GET"]}}],"collection":[{"href":"https:\/\/torzokom.com\/ba\/wp-json\/wp\/v2\/product"}],"about":[{"href":"https:\/\/torzokom.com\/ba\/wp-json\/wp\/v2\/types\/product"}],"version-history":[{"count":0,"href":"https:\/\/torzokom.com\/ba\/wp-json\/wp\/v2\/product\/6826\/revisions"}],"wp:featuredmedia":[{"embeddable":true,"href":"https:\/\/torzokom.com\/ba\/wp-json\/wp\/v2\/media\/7174"}],"wp:attachment":[{"href":"https:\/\/torzokom.com\/ba\/wp-json\/wp\/v2\/media?parent=6826"}],"wp:term":[{"taxonomy":"product_cat","embeddable":true,"href":"https:\/\/torzokom.com\/ba\/wp-json\/wp\/v2\/product_cat?post=6826"},{"taxonomy":"product_tag","embeddable":true,"href":"https:\/\/torzokom.com\/ba\/wp-json\/wp\/v2\/product_tag?post=6826"}],"curies":[{"name":"wp","href":"https:\/\/api.w.org\/{rel}","templated":true}]}}