{"id":6945,"date":"2025-10-28T14:32:59","date_gmt":"2025-10-28T13:32:59","guid":{"rendered":"https:\/\/torzokom.com\/?post_type=product&#038;p=6945"},"modified":"2025-10-28T18:18:43","modified_gmt":"2025-10-28T17:18:43","slug":"blaser-ruksak-za-djecu-80414793","status":"publish","type":"product","link":"https:\/\/torzokom.com\/ba\/proizvod\/blaser-ruksak-za-djecu-80414793\/","title":{"rendered":"Blaser Ruksak za Djecu"},"content":{"rendered":"<h2>Blaser Ruksak za Djecu<\/h2>\n<p>Blaser ruksak za djecu dizajniran je posebno za mlade istra\u017eiva\u010de i nudi sve funkcije koje su im potrebne za njihova istra\u017eivanja. Podo\u0161eni sistem no\u0161enja i podesiva prsnica osiguravaju udobno no\u0161enje i savr\u0161en fit. Sa prakti\u010dnom ru\u010dkom za no\u0161enje, ruksak se mo\u017ee nositi ru\u010dno za kra\u0107e periode. Reflektivne povr\u0161ine na glavnom dijelu ruksaka i na naramenicama pru\u017eaju dodatnu vidljivost i time ve\u0107u sigurnost, posebno pri sumraku, zoru ili u uslovima slabog osvjetljenja. Dva fleksibilna mre\u017easta bo\u010dna d\u017eepa pru\u017eaju prostor za boce s vodom ili druge predmete. Spoljni prednji odjeljak sadr\u017ei otvorene d\u017eepove za organizovanje manjih stvari, poput baterijske lampe. Narand\u017easti argali logo dodaje vizualni pe\u010dat Blaser dje\u010dijem ruksaku. Blaser dje\u010diji ruksak je savr\u0161en pratilac za mlade istra\u017eiva\u010de prirode na igrali\u0161tu, u vrti\u0107u ili na pravom lova\u010dkom izletu.<\/p>","protected":false},"excerpt":{"rendered":"<p>Blaser Ruksak za Djecu Blaser ruksak za djecu dizajniran je posebno za mlade istra\u017eiva\u010de i nudi sve funkcije koje su im potrebne za njihova istra\u017eivanja. Podo\u0161eni sistem no\u0161enja i podesiva prsnica osiguravaju udobno no\u0161enje i savr\u0161en fit. Sa prakti\u010dnom ru\u010dkom za no\u0161enje, ruksak se mo\u017ee nositi ru\u010dno za kra\u0107e periode. Reflektivne povr\u0161ine na glavnom dijelu [&hellip;]<\/p>\n","protected":false},"featured_media":7056,"template":"","meta":[],"product_cat":[33],"product_tag":[],"class_list":{"0":"post-6945","1":"product","2":"type-product","3":"status-publish","4":"has-post-thumbnail","6":"product_brand-blaser","7":"product_cat-torbe-ruksaci","9":"first","10":"instock","11":"taxable","12":"shipping-taxable","13":"purchasable","14":"product-type-simple"},"_links":{"self":[{"href":"https:\/\/torzokom.com\/ba\/wp-json\/wp\/v2\/product\/6945","targetHints":{"allow":["GET"]}}],"collection":[{"href":"https:\/\/torzokom.com\/ba\/wp-json\/wp\/v2\/product"}],"about":[{"href":"https:\/\/torzokom.com\/ba\/wp-json\/wp\/v2\/types\/product"}],"version-history":[{"count":0,"href":"https:\/\/torzokom.com\/ba\/wp-json\/wp\/v2\/product\/6945\/revisions"}],"wp:featuredmedia":[{"embeddable":true,"href":"https:\/\/torzokom.com\/ba\/wp-json\/wp\/v2\/media\/7056"}],"wp:attachment":[{"href":"https:\/\/torzokom.com\/ba\/wp-json\/wp\/v2\/media?parent=6945"}],"wp:term":[{"taxonomy":"product_cat","embeddable":true,"href":"https:\/\/torzokom.com\/ba\/wp-json\/wp\/v2\/product_cat?post=6945"},{"taxonomy":"product_tag","embeddable":true,"href":"https:\/\/torzokom.com\/ba\/wp-json\/wp\/v2\/product_tag?post=6945"}],"curies":[{"name":"wp","href":"https:\/\/api.w.org\/{rel}","templated":true}]}}