{"id":6963,"date":"2025-10-28T19:01:27","date_gmt":"2025-10-28T18:01:27","guid":{"rendered":"https:\/\/torzokom.com\/?post_type=product&#038;p=6963"},"modified":"2025-10-28T19:01:28","modified_gmt":"2025-10-28T18:01:28","slug":"dijabola-coal-45-fx-400-0750g","status":"publish","type":"product","link":"https:\/\/torzokom.com\/ba\/proizvod\/dijabola-coal-45-fx-400-0750g\/","title":{"rendered":"Dijabola Coal 4,5 FX 400 0,750g"},"content":{"rendered":"<h2>Dijabola Coal 4,5 FX 400 0,750g<\/h2>\n<article class=\"text-token-text-primary w-full focus:outline-none [--shadow-height:45px] has-data-writing-block:pointer-events-none has-data-writing-block:-mt-(--shadow-height) has-data-writing-block:pt-(--shadow-height) [&amp;:has([data-writing-block])&gt;*]:pointer-events-auto [content-visibility:auto] supports-[content-visibility:auto]:[contain-intrinsic-size:auto_100lvh] scroll-mt-[calc(var(--header-height)+min(200px,max(70px,20svh)))]\" dir=\"auto\" tabindex=\"-1\" data-turn-id=\"15f6610c-6742-4c86-a995-87eaa9b53e3f\" data-testid=\"conversation-turn-30\" data-scroll-anchor=\"true\" data-turn=\"assistant\">\n<div class=\"text-base my-auto mx-auto pb-10 [--thread-content-margin:--spacing(4)] thread-sm:[--thread-content-margin:--spacing(6)] thread-lg:[--thread-content-margin:--spacing(16)] px-(--thread-content-margin)\">\n<div class=\"[--thread-content-max-width:40rem] thread-lg:[--thread-content-max-width:48rem] mx-auto max-w-(--thread-content-max-width) flex-1 group\/turn-messages focus-visible:outline-hidden relative flex w-full min-w-0 flex-col agent-turn\" tabindex=\"-1\">\n<div class=\"flex max-w-full flex-col grow\">\n<div class=\"min-h-8 text-message relative flex w-full flex-col items-end gap-2 text-start break-words whitespace-normal [.text-message+&amp;]:mt-1\" dir=\"auto\" data-message-author-role=\"assistant\" data-message-id=\"14fdc328-01e7-4991-8c1c-b31509295e2b\" data-message-model-slug=\"gpt-5-t-mini\">\n<div class=\"flex w-full flex-col gap-1 empty:hidden first:pt-[1px]\">\n<div class=\"markdown prose dark:prose-invert w-full break-words light markdown-new-styling\">\n<p data-start=\"0\" data-end=\"349\" data-is-last-node=\"\" data-is-only-node=\"\">Novi te\u0161ki diabolosi namijenjeni isklju\u010divo za ga\u0111anje sa zaista sna\u017enim opru\u017enim (spring\u2011operated), PCP i drugim vazdu\u0161nim pu\u0161kama. Pogodni su za srednje i duge distance preko 50 m. Te\u0161ki diabolosi sa parabolastim vrhom, precizni, sa dvostrukim FX krugom, te\u017eine 0,750 g (11,57 gr) po diabolu \u2014 prikladni za lov i daju ekstreman \u0161ok\u2011efekat na metu.<\/p>\n<\/div>\n<\/div>\n<\/div>\n<\/div>\n<\/div>\n<\/div>\n<\/article>\n","protected":false},"excerpt":{"rendered":"<p>Dijabola Coal 4,5 FX 400 0,750g Novi te\u0161ki diabolosi namijenjeni isklju\u010divo za ga\u0111anje sa zaista sna\u017enim opru\u017enim (spring\u2011operated), PCP i drugim vazdu\u0161nim pu\u0161kama. Pogodni su za srednje i duge distance preko 50 m. Te\u0161ki diabolosi sa parabolastim vrhom, precizni, sa dvostrukim FX krugom, te\u017eine 0,750 g (11,57 gr) po diabolu \u2014 prikladni za lov i [&hellip;]<\/p>\n","protected":false},"featured_media":7091,"template":"","meta":[],"product_cat":[61,15],"product_tag":[],"class_list":{"0":"post-6963","1":"product","2":"type-product","3":"status-publish","4":"has-post-thumbnail","6":"product_brand-coal","7":"product_cat-dijabole","8":"product_cat-municija","10":"first","11":"instock","12":"taxable","13":"shipping-taxable","14":"purchasable","15":"product-type-simple"},"_links":{"self":[{"href":"https:\/\/torzokom.com\/ba\/wp-json\/wp\/v2\/product\/6963","targetHints":{"allow":["GET"]}}],"collection":[{"href":"https:\/\/torzokom.com\/ba\/wp-json\/wp\/v2\/product"}],"about":[{"href":"https:\/\/torzokom.com\/ba\/wp-json\/wp\/v2\/types\/product"}],"version-history":[{"count":0,"href":"https:\/\/torzokom.com\/ba\/wp-json\/wp\/v2\/product\/6963\/revisions"}],"wp:featuredmedia":[{"embeddable":true,"href":"https:\/\/torzokom.com\/ba\/wp-json\/wp\/v2\/media\/7091"}],"wp:attachment":[{"href":"https:\/\/torzokom.com\/ba\/wp-json\/wp\/v2\/media?parent=6963"}],"wp:term":[{"taxonomy":"product_cat","embeddable":true,"href":"https:\/\/torzokom.com\/ba\/wp-json\/wp\/v2\/product_cat?post=6963"},{"taxonomy":"product_tag","embeddable":true,"href":"https:\/\/torzokom.com\/ba\/wp-json\/wp\/v2\/product_tag?post=6963"}],"curies":[{"name":"wp","href":"https:\/\/api.w.org\/{rel}","templated":true}]}}