{"id":6965,"date":"2025-10-28T18:50:07","date_gmt":"2025-10-28T17:50:07","guid":{"rendered":"https:\/\/torzokom.com\/?post_type=product&#038;p=6965"},"modified":"2025-10-28T18:50:07","modified_gmt":"2025-10-28T17:50:07","slug":"dijabola-coal-45-fx-450-062g","status":"publish","type":"product","link":"https:\/\/torzokom.com\/ba\/proizvod\/dijabola-coal-45-fx-450-062g\/","title":{"rendered":"Dijabola Coal 4,5 FX 450 0,62g"},"content":{"rendered":"<h2>Dijabola Coal 4,5 FX 450 0,62g<\/h2>\n<p>Diabole iz linije \u201eFenix\u201c u kalibru 4,5 mm\/.177 namijenjene su strelcima sa vazdu\u0161nim pu\u0161kama, posebno za lov, ali se mogu koristiti i za disciplinu Field Target. Novi, pa\u017eljivo dizajnirani i precizni diabolosi, sa izuzetnim balisti\u010dkim svojstvima, osiguravaju uspjeh za sve korisnike. Te\u017ea te\u017eina omogu\u0107ava preciznost na velikim udaljenostima. Savr\u0161eni diabolosi za lov.<\/p>","protected":false},"excerpt":{"rendered":"<p>Dijabola Coal 4,5 FX 450 0,62g Diabole iz linije \u201eFenix\u201c u kalibru 4,5 mm\/.177 namijenjene su strelcima sa vazdu\u0161nim pu\u0161kama, posebno za lov, ali se mogu koristiti i za disciplinu Field Target. Novi, pa\u017eljivo dizajnirani i precizni diabolosi, sa izuzetnim balisti\u010dkim svojstvima, osiguravaju uspjeh za sve korisnike. Te\u017ea te\u017eina omogu\u0107ava preciznost na velikim udaljenostima. Savr\u0161eni [&hellip;]<\/p>\n","protected":false},"featured_media":7088,"template":"","meta":[],"product_cat":[61,15],"product_tag":[],"class_list":{"0":"post-6965","1":"product","2":"type-product","3":"status-publish","4":"has-post-thumbnail","6":"product_brand-coal","7":"product_cat-dijabole","8":"product_cat-municija","10":"first","11":"instock","12":"taxable","13":"shipping-taxable","14":"purchasable","15":"product-type-simple"},"_links":{"self":[{"href":"https:\/\/torzokom.com\/ba\/wp-json\/wp\/v2\/product\/6965","targetHints":{"allow":["GET"]}}],"collection":[{"href":"https:\/\/torzokom.com\/ba\/wp-json\/wp\/v2\/product"}],"about":[{"href":"https:\/\/torzokom.com\/ba\/wp-json\/wp\/v2\/types\/product"}],"version-history":[{"count":0,"href":"https:\/\/torzokom.com\/ba\/wp-json\/wp\/v2\/product\/6965\/revisions"}],"wp:featuredmedia":[{"embeddable":true,"href":"https:\/\/torzokom.com\/ba\/wp-json\/wp\/v2\/media\/7088"}],"wp:attachment":[{"href":"https:\/\/torzokom.com\/ba\/wp-json\/wp\/v2\/media?parent=6965"}],"wp:term":[{"taxonomy":"product_cat","embeddable":true,"href":"https:\/\/torzokom.com\/ba\/wp-json\/wp\/v2\/product_cat?post=6965"},{"taxonomy":"product_tag","embeddable":true,"href":"https:\/\/torzokom.com\/ba\/wp-json\/wp\/v2\/product_tag?post=6965"}],"curies":[{"name":"wp","href":"https:\/\/api.w.org\/{rel}","templated":true}]}}