{"id":6967,"date":"2025-10-28T18:36:44","date_gmt":"2025-10-28T17:36:44","guid":{"rendered":"https:\/\/torzokom.com\/?post_type=product&#038;p=6967"},"modified":"2025-10-28T19:08:28","modified_gmt":"2025-10-28T18:08:28","slug":"dijabola-coal-45-hollow-p-500-054g","status":"publish","type":"product","link":"https:\/\/torzokom.com\/ba\/proizvod\/dijabola-coal-45-hollow-p-500-054g\/","title":{"rendered":"Dijabola Coal 4,5 Hollow P. 500 0,54g"},"content":{"rendered":"<h2>Dijabola Coal 4,5 Hollow P. 500 0,54g<\/h2>\n<p>Idealno za lov! Rije\u010d je o srednje te\u0161kom diabolu sa \u0161upljim vrhom (hollow point) i standardnim rebrastim obodom. Odlikuje se visokom precizno\u0161\u0107u na srednjim udaljenostima i ravnom putanjom. Zbog oblika vrha i velike deformacije pri udaru, ima sna\u017ean u\u010dinak na metu \u2014 idealan za lov.<\/p>","protected":false},"excerpt":{"rendered":"<p>Dijabola Coal 4,5 Hollow P. 500 0,54g Idealno za lov! Rije\u010d je o srednje te\u0161kom diabolu sa \u0161upljim vrhom (hollow point) i standardnim rebrastim obodom. Odlikuje se visokom precizno\u0161\u0107u na srednjim udaljenostima i ravnom putanjom. Zbog oblika vrha i velike deformacije pri udaru, ima sna\u017ean u\u010dinak na metu \u2014 idealan za lov.<\/p>","protected":false},"featured_media":7080,"template":"","meta":[],"product_cat":[61,15],"product_tag":[],"class_list":{"0":"post-6967","1":"product","2":"type-product","3":"status-publish","4":"has-post-thumbnail","6":"product_brand-coal","7":"product_cat-dijabole","8":"product_cat-municija","10":"first","11":"instock","12":"taxable","13":"shipping-taxable","14":"purchasable","15":"product-type-simple"},"_links":{"self":[{"href":"https:\/\/torzokom.com\/ba\/wp-json\/wp\/v2\/product\/6967","targetHints":{"allow":["GET"]}}],"collection":[{"href":"https:\/\/torzokom.com\/ba\/wp-json\/wp\/v2\/product"}],"about":[{"href":"https:\/\/torzokom.com\/ba\/wp-json\/wp\/v2\/types\/product"}],"version-history":[{"count":0,"href":"https:\/\/torzokom.com\/ba\/wp-json\/wp\/v2\/product\/6967\/revisions"}],"wp:featuredmedia":[{"embeddable":true,"href":"https:\/\/torzokom.com\/ba\/wp-json\/wp\/v2\/media\/7080"}],"wp:attachment":[{"href":"https:\/\/torzokom.com\/ba\/wp-json\/wp\/v2\/media?parent=6967"}],"wp:term":[{"taxonomy":"product_cat","embeddable":true,"href":"https:\/\/torzokom.com\/ba\/wp-json\/wp\/v2\/product_cat?post=6967"},{"taxonomy":"product_tag","embeddable":true,"href":"https:\/\/torzokom.com\/ba\/wp-json\/wp\/v2\/product_tag?post=6967"}],"curies":[{"name":"wp","href":"https:\/\/api.w.org\/{rel}","templated":true}]}}