{"id":6969,"date":"2025-10-28T19:11:46","date_gmt":"2025-10-28T18:11:46","guid":{"rendered":"https:\/\/torzokom.com\/?post_type=product&#038;p=6969"},"modified":"2025-10-28T19:11:46","modified_gmt":"2025-10-28T18:11:46","slug":"dijabola-coal-45-ht-400-0675g","status":"publish","type":"product","link":"https:\/\/torzokom.com\/ba\/proizvod\/dijabola-coal-45-ht-400-0675g\/","title":{"rendered":"Dijabola Coal 4,5 HT. 400 0,675g"},"content":{"rendered":"<h2>Dijabola Coal 4,5 HT. 400 0,675g<\/h2>\n<p>Novi te\u0161ki diabolosi namijenjeni isklju\u010divo za ga\u0111anje sa zaista sna\u017enim opru\u017enim (spring\u2011operated), PCP i drugim vazdu\u0161nim pu\u0161kama. Pogodni su za srednje i duge distance preko 50 m. Te\u0161ki diabolosi sa \u0161iljastim vrhom, precizni, te\u017eine 0,675 g (10,42 gr) po diabolu \u2014 pogodni za lov.<\/p>","protected":false},"excerpt":{"rendered":"<p>Dijabola Coal 4,5 HT. 400 0,675g Novi te\u0161ki diabolosi namijenjeni isklju\u010divo za ga\u0111anje sa zaista sna\u017enim opru\u017enim (spring\u2011operated), PCP i drugim vazdu\u0161nim pu\u0161kama. Pogodni su za srednje i duge distance preko 50 m. Te\u0161ki diabolosi sa \u0161iljastim vrhom, precizni, te\u017eine 0,675 g (10,42 gr) po diabolu \u2014 pogodni za lov.<\/p>","protected":false},"featured_media":7090,"template":"","meta":[],"product_cat":[61,15],"product_tag":[],"class_list":{"0":"post-6969","1":"product","2":"type-product","3":"status-publish","4":"has-post-thumbnail","6":"product_brand-coal","7":"product_cat-dijabole","8":"product_cat-municija","10":"first","11":"instock","12":"taxable","13":"shipping-taxable","14":"purchasable","15":"product-type-simple"},"_links":{"self":[{"href":"https:\/\/torzokom.com\/ba\/wp-json\/wp\/v2\/product\/6969","targetHints":{"allow":["GET"]}}],"collection":[{"href":"https:\/\/torzokom.com\/ba\/wp-json\/wp\/v2\/product"}],"about":[{"href":"https:\/\/torzokom.com\/ba\/wp-json\/wp\/v2\/types\/product"}],"version-history":[{"count":0,"href":"https:\/\/torzokom.com\/ba\/wp-json\/wp\/v2\/product\/6969\/revisions"}],"wp:featuredmedia":[{"embeddable":true,"href":"https:\/\/torzokom.com\/ba\/wp-json\/wp\/v2\/media\/7090"}],"wp:attachment":[{"href":"https:\/\/torzokom.com\/ba\/wp-json\/wp\/v2\/media?parent=6969"}],"wp:term":[{"taxonomy":"product_cat","embeddable":true,"href":"https:\/\/torzokom.com\/ba\/wp-json\/wp\/v2\/product_cat?post=6969"},{"taxonomy":"product_tag","embeddable":true,"href":"https:\/\/torzokom.com\/ba\/wp-json\/wp\/v2\/product_tag?post=6969"}],"curies":[{"name":"wp","href":"https:\/\/api.w.org\/{rel}","templated":true}]}}