{"id":6974,"date":"2025-10-28T18:34:36","date_gmt":"2025-10-28T17:34:36","guid":{"rendered":"https:\/\/torzokom.com\/?post_type=product&#038;p=6974"},"modified":"2025-10-28T19:19:19","modified_gmt":"2025-10-28T18:19:19","slug":"dijabola-coal-45-pmp-200-037g","status":"publish","type":"product","link":"https:\/\/torzokom.com\/ba\/proizvod\/dijabola-coal-45-pmp-200-037g\/","title":{"rendered":"Dijabola Coal 4,5 PMP 200 0,37g"},"content":{"rendered":"<h2>Dijabola Coal 4,5 PMP 200 0,37g<\/h2>\n<p data-start=\"0\" data-end=\"154\">Pneumatske diabolosi COAL \u2014 dobar izbor za rekreativno ga\u0111anje.\u00a0 Linija PMP diabolosa izuzetno je brza, sna\u017ena i precizna, namijenjena za upotrebu na velikim udaljenostima. Preporu\u010duje se upotreba u sna\u017enim PCP pu\u0161kama i opru\u017enim (spring) pu\u0161kama. Dostupne su u kalibrima 4,4 mm i 5,5 mm.<\/p>","protected":false},"excerpt":{"rendered":"<p>Dijabola Coal 4,5 PMP 200 0,37g Pneumatske diabolosi COAL \u2014 dobar izbor za rekreativno ga\u0111anje.\u00a0 Linija PMP diabolosa izuzetno je brza, sna\u017ena i precizna, namijenjena za upotrebu na velikim udaljenostima. Preporu\u010duje se upotreba u sna\u017enim PCP pu\u0161kama i opru\u017enim (spring) pu\u0161kama. Dostupne su u kalibrima 4,4 mm i 5,5 mm.<\/p>","protected":false},"featured_media":7079,"template":"","meta":[],"product_cat":[61,15],"product_tag":[],"class_list":{"0":"post-6974","1":"product","2":"type-product","3":"status-publish","4":"has-post-thumbnail","6":"product_brand-coal","7":"product_cat-dijabole","8":"product_cat-municija","10":"first","11":"instock","12":"taxable","13":"shipping-taxable","14":"purchasable","15":"product-type-simple"},"_links":{"self":[{"href":"https:\/\/torzokom.com\/ba\/wp-json\/wp\/v2\/product\/6974","targetHints":{"allow":["GET"]}}],"collection":[{"href":"https:\/\/torzokom.com\/ba\/wp-json\/wp\/v2\/product"}],"about":[{"href":"https:\/\/torzokom.com\/ba\/wp-json\/wp\/v2\/types\/product"}],"version-history":[{"count":0,"href":"https:\/\/torzokom.com\/ba\/wp-json\/wp\/v2\/product\/6974\/revisions"}],"wp:featuredmedia":[{"embeddable":true,"href":"https:\/\/torzokom.com\/ba\/wp-json\/wp\/v2\/media\/7079"}],"wp:attachment":[{"href":"https:\/\/torzokom.com\/ba\/wp-json\/wp\/v2\/media?parent=6974"}],"wp:term":[{"taxonomy":"product_cat","embeddable":true,"href":"https:\/\/torzokom.com\/ba\/wp-json\/wp\/v2\/product_cat?post=6974"},{"taxonomy":"product_tag","embeddable":true,"href":"https:\/\/torzokom.com\/ba\/wp-json\/wp\/v2\/product_tag?post=6974"}],"curies":[{"name":"wp","href":"https:\/\/api.w.org\/{rel}","templated":true}]}}