{"id":6977,"date":"2025-10-28T19:21:22","date_gmt":"2025-10-28T18:21:22","guid":{"rendered":"https:\/\/torzokom.com\/?post_type=product&#038;p=6977"},"modified":"2025-10-28T19:21:22","modified_gmt":"2025-10-28T18:21:22","slug":"dijabola-coal-45-pmp-250-041g","status":"publish","type":"product","link":"https:\/\/torzokom.com\/ba\/proizvod\/dijabola-coal-45-pmp-250-041g\/","title":{"rendered":"Dijabola Coal 4,5 PMP 250 0,41g"},"content":{"rendered":"<h2>Dijabola Coal 4,5 PMP 250 0,41g<\/h2>\n<p>Coal Plastic Metal diabolosi su naro\u010dito tvrdi \u0161iljasti projektili od aluminijumske legure sa visokom prodornom energijom. Odsustvo olova u kombinaciji sa plasti\u010dnim omota\u010dem daje malu masu od samo 0,41 g i veoma visoku brzinu projektila, kao i veliku domet \u010dak i iz smanjenog u\u010dinka vazdu\u0161nih pu\u0161aka i pi\u0161tolja. Zbog kompaktne konstrukcije (du\u017eina 6,7 mm) ovi diabolosi su pogodni i za bubanj\u2011magazine. Naravno, izbjegava se i tipi\u010dno zaga\u0111enje cijevi olovom.<\/p>","protected":false},"excerpt":{"rendered":"<p>Dijabola Coal 4,5 PMP 250 0,41g Coal Plastic Metal diabolosi su naro\u010dito tvrdi \u0161iljasti projektili od aluminijumske legure sa visokom prodornom energijom. Odsustvo olova u kombinaciji sa plasti\u010dnim omota\u010dem daje malu masu od samo 0,41 g i veoma visoku brzinu projektila, kao i veliku domet \u010dak i iz smanjenog u\u010dinka vazdu\u0161nih pu\u0161aka i pi\u0161tolja. Zbog [&hellip;]<\/p>\n","protected":false},"featured_media":7101,"template":"","meta":[],"product_cat":[61,15],"product_tag":[],"class_list":{"0":"post-6977","1":"product","2":"type-product","3":"status-publish","4":"has-post-thumbnail","6":"product_brand-coal","7":"product_cat-dijabole","8":"product_cat-municija","10":"first","11":"instock","12":"taxable","13":"shipping-taxable","14":"purchasable","15":"product-type-simple"},"_links":{"self":[{"href":"https:\/\/torzokom.com\/ba\/wp-json\/wp\/v2\/product\/6977","targetHints":{"allow":["GET"]}}],"collection":[{"href":"https:\/\/torzokom.com\/ba\/wp-json\/wp\/v2\/product"}],"about":[{"href":"https:\/\/torzokom.com\/ba\/wp-json\/wp\/v2\/types\/product"}],"version-history":[{"count":0,"href":"https:\/\/torzokom.com\/ba\/wp-json\/wp\/v2\/product\/6977\/revisions"}],"wp:featuredmedia":[{"embeddable":true,"href":"https:\/\/torzokom.com\/ba\/wp-json\/wp\/v2\/media\/7101"}],"wp:attachment":[{"href":"https:\/\/torzokom.com\/ba\/wp-json\/wp\/v2\/media?parent=6977"}],"wp:term":[{"taxonomy":"product_cat","embeddable":true,"href":"https:\/\/torzokom.com\/ba\/wp-json\/wp\/v2\/product_cat?post=6977"},{"taxonomy":"product_tag","embeddable":true,"href":"https:\/\/torzokom.com\/ba\/wp-json\/wp\/v2\/product_tag?post=6977"}],"curies":[{"name":"wp","href":"https:\/\/api.w.org\/{rel}","templated":true}]}}