{"id":6982,"date":"2025-10-28T18:43:47","date_gmt":"2025-10-28T17:43:47","guid":{"rendered":"https:\/\/torzokom.com\/?post_type=product&#038;p=6982"},"modified":"2025-10-28T19:30:31","modified_gmt":"2025-10-28T18:30:31","slug":"dijabola-coal-45-pointed-200-058g","status":"publish","type":"product","link":"https:\/\/torzokom.com\/ba\/proizvod\/dijabola-coal-45-pointed-200-058g\/","title":{"rendered":"Dijabola Coal 4,5 Pointed 200 0,58g"},"content":{"rendered":"<h2>Dijabola Coal 4,5 Pointed 200 0,58g<\/h2>\n<p>Pointed White Pellets marke Coal pogodni su za vazdu\u0161ne pu\u0161ke kalibra 4,5 mm. Visoko su precizni i idealni za hobi ili precizno ga\u0111anje. \u0160iljasti diaboli posti\u017eu velike brzine, pa su tako pogodni i za ve\u0107e udaljenosti do 50 metara.<\/p>","protected":false},"excerpt":{"rendered":"<p>Dijabola Coal 4,5 Pointed 200 0,58g Pointed White Pellets marke Coal pogodni su za vazdu\u0161ne pu\u0161ke kalibra 4,5 mm. Visoko su precizni i idealni za hobi ili precizno ga\u0111anje. \u0160iljasti diaboli posti\u017eu velike brzine, pa su tako pogodni i za ve\u0107e udaljenosti do 50 metara.<\/p>","protected":false},"featured_media":7087,"template":"","meta":[],"product_cat":[61,15],"product_tag":[],"class_list":{"0":"post-6982","1":"product","2":"type-product","3":"status-publish","4":"has-post-thumbnail","6":"product_brand-coal","7":"product_cat-dijabole","8":"product_cat-municija","10":"first","11":"instock","12":"taxable","13":"shipping-taxable","14":"purchasable","15":"product-type-simple"},"_links":{"self":[{"href":"https:\/\/torzokom.com\/ba\/wp-json\/wp\/v2\/product\/6982","targetHints":{"allow":["GET"]}}],"collection":[{"href":"https:\/\/torzokom.com\/ba\/wp-json\/wp\/v2\/product"}],"about":[{"href":"https:\/\/torzokom.com\/ba\/wp-json\/wp\/v2\/types\/product"}],"version-history":[{"count":0,"href":"https:\/\/torzokom.com\/ba\/wp-json\/wp\/v2\/product\/6982\/revisions"}],"wp:featuredmedia":[{"embeddable":true,"href":"https:\/\/torzokom.com\/ba\/wp-json\/wp\/v2\/media\/7087"}],"wp:attachment":[{"href":"https:\/\/torzokom.com\/ba\/wp-json\/wp\/v2\/media?parent=6982"}],"wp:term":[{"taxonomy":"product_cat","embeddable":true,"href":"https:\/\/torzokom.com\/ba\/wp-json\/wp\/v2\/product_cat?post=6982"},{"taxonomy":"product_tag","embeddable":true,"href":"https:\/\/torzokom.com\/ba\/wp-json\/wp\/v2\/product_tag?post=6982"}],"curies":[{"name":"wp","href":"https:\/\/api.w.org\/{rel}","templated":true}]}}