{"id":7139,"date":"2025-10-28T23:20:08","date_gmt":"2025-10-28T22:20:08","guid":{"rendered":"https:\/\/torzokom.com\/?post_type=product&#038;p=7139"},"modified":"2026-03-11T09:56:57","modified_gmt":"2026-03-11T08:56:57","slug":"winchester-sxr2-field-adjustable","status":"publish","type":"product","link":"https:\/\/torzokom.com\/ba\/proizvod\/winchester-sxr2-field-adjustable\/","title":{"rendered":"Winchester SXR2 Field Adjustable"},"content":{"rendered":"<div class=\"otQkpb\" role=\"heading\" aria-level=\"3\" data-animation-nesting=\"\" data-sfc-cp=\"\" data-sfc-cb=\"\" data-complete=\"true\" data-processed=\"true\" data-sae=\"\"><strong>Winchester SXR2 Field Adjustable \u2013 Elegancija i Savr\u0161eno Nalijeganje<span class=\"uJ19be notranslate\" data-wiz-uids=\"RsMY3d_l,RsMY3d_m\" data-sfc-cb=\"\" data-complete=\"true\"><span class=\"vKEkVd\" data-animation-atomic=\"\" data-wiz-attrbind=\"class=RsMY3d_k\/TKHnVd\" data-sae=\"\"><span aria-hidden=\"true\">\u00a0<\/span><\/span><\/span><\/strong><\/div>\n<div role=\"heading\" aria-level=\"3\" data-animation-nesting=\"\" data-sfc-cp=\"\" data-sfc-cb=\"\" data-complete=\"true\" data-processed=\"true\" data-sae=\"\"><\/div>\n<div class=\"Y3BBE\" data-sfc-cp=\"\" data-sfc-cb=\"\" data-hveid=\"CAEIBBAA\" data-complete=\"true\" data-processed=\"true\"><strong class=\"Yjhzub\" data-sfc-cb=\"\" data-complete=\"true\" data-processed=\"true\">Winchester SXR2 Field Adjustable<\/strong>\u00a0je vrhunski poluautomatski karabin s kundakom od birane orahovine. Dizajniran je za lovce koji cijene tradiciju i vrhunsku preciznost.<span class=\"uJ19be notranslate\" data-wiz-uids=\"RsMY3d_q,RsMY3d_r\" data-sfc-cb=\"\" data-complete=\"true\" data-processed=\"true\"><span class=\"vKEkVd\" data-animation-atomic=\"\" data-wiz-attrbind=\"class=RsMY3d_p\/TKHnVd\" data-sae=\"\"><span aria-hidden=\"true\">\u00a0<\/span><\/span><\/span><\/div>\n<div class=\"Y3BBE\" data-sfc-cp=\"\" data-sfc-cb=\"\" data-hveid=\"CAEIBRAA\" data-complete=\"true\" data-processed=\"true\">Glavna odlika ovog modela je\u00a0<strong class=\"Yjhzub\" data-sfc-cb=\"\" data-complete=\"true\" data-processed=\"true\">podesivi kundak (Adjustable)<\/strong>. On omogu\u0107uje savr\u0161eno poravnanje oka s opti\u010dkim ciljnikom u nekoliko sekundi.<\/div>\n<div data-sfc-cp=\"\" data-sfc-cb=\"\" data-hveid=\"CAEIBRAA\" data-complete=\"true\" data-processed=\"true\"><\/div>\n<div class=\"Y3BBE\" data-sfc-cp=\"\" data-sfc-cb=\"\" data-hveid=\"CAEIBhAA\" data-complete=\"true\" data-processed=\"true\">Opremljen je preciznom\u00a0<strong class=\"Yjhzub\" data-sfc-cb=\"\" data-complete=\"true\" data-processed=\"true\">FN Herstal cijevi<\/strong> du\u017eine 53 cm. Hladno kovani \u010delik osigurava iznimnu grupu pogodaka i dugovje\u010dnost oru\u017eja.<\/div>\n<div class=\"Y3BBE\" data-sfc-cp=\"\" data-sfc-cb=\"\" data-hveid=\"CAEIBxAA\" data-complete=\"true\" data-processed=\"true\">Sustav posudbe plinova jam\u010di besprijekoran rad.\u00a0<strong class=\"Yjhzub\" data-sfc-cb=\"\" data-complete=\"true\" data-processed=\"true\">Rotacijski zatvara\u010d<\/strong> sa 7 zubaca pru\u017ea maksimalnu sigurnost pri ispaljivanju sna\u017enih kalibara.<\/div>\n<div data-sfc-cp=\"\" data-sfc-cb=\"\" data-hveid=\"CAEIBxAA\" data-complete=\"true\" data-processed=\"true\"><\/div>\n<div class=\"Y3BBE\" data-sfc-cp=\"\" data-sfc-cb=\"\" data-hveid=\"CAEICBAA\" data-complete=\"true\" data-processed=\"true\"><strong class=\"Yjhzub\" data-sfc-cb=\"\" data-complete=\"true\" data-processed=\"true\">Inflex II sustav<\/strong> potiljka kundaka drasti\u010dno smanjuje trzaj. Energija se usmjerava prema dolje, \u0161to omogu\u0107uje munjevit drugi hitac u pogonu.<\/div>\n<div class=\"Y3BBE\" data-sfc-cp=\"\" data-sfc-cb=\"\" data-hveid=\"CAEICRAA\" data-complete=\"true\" data-processed=\"true\">Pu\u0161ka posjeduje ultra-vidljive\u00a0<strong class=\"Yjhzub\" data-sfc-cb=\"\" data-complete=\"true\" data-processed=\"true\">fiber-optic<\/strong> ni\u0161ane. Battue \u0161ina omogu\u0107uje instinktivno pucanje na kratkim udaljenostima u gusti\u0161u.<\/div>\n<div data-sfc-cp=\"\" data-sfc-cb=\"\" data-hveid=\"CAEICRAA\" data-complete=\"true\" data-processed=\"true\"><\/div>\n<div class=\"Y3BBE\" data-sfc-cp=\"\" data-sfc-cb=\"\" data-hveid=\"CAEIChAA\" data-complete=\"true\" data-processed=\"true\">Ku\u0107i\u0161te je tvorni\u010dki izbu\u0161eno za monta\u017eu\u00a0<strong class=\"Yjhzub\" data-sfc-cb=\"\" data-complete=\"true\" data-processed=\"true\">Picatinny \u0161ine<\/strong>. Idealan je izbor za kalibre\u00a0<strong class=\"Yjhzub\" data-sfc-cb=\"\" data-complete=\"true\" data-processed=\"true\">.30-06<\/strong>,\u00a0<strong class=\"Yjhzub\" data-sfc-cb=\"\" data-complete=\"true\" data-processed=\"true\">.308 Win<\/strong><\/div>\n<div class=\"Y3BBE\" data-sfc-cp=\"\" data-sfc-cb=\"\" data-hveid=\"CAEICxAA\" data-complete=\"true\" data-processed=\"true\">Ovaj model spaja estetiku klasi\u010dnog lova\u010dkog oru\u017eja i modernu ergonomiju.\u00a0<strong class=\"Yjhzub\" data-sfc-cb=\"\" data-complete=\"true\" data-processed=\"true\">Winchester SXR2 Field Adjustable<\/strong>\u00a0je sinonim za pouzdanost na terenu.<span class=\"uJ19be notranslate\" data-wiz-uids=\"RsMY3d_1s,RsMY3d_1t\" data-sfc-cb=\"\" data-complete=\"true\" data-processed=\"true\"><span class=\"vKEkVd\" data-animation-atomic=\"\" data-wiz-attrbind=\"class=RsMY3d_1r\/TKHnVd\" data-sae=\"\"><span aria-hidden=\"true\">\u00a0<\/span><\/span><\/span><\/div>","protected":false},"excerpt":{"rendered":"<div class=\"Y3BBE\" data-sfc-cp=\"\" data-sfc-cb=\"\" data-hveid=\"CAEIBBAA\" data-complete=\"true\" data-processed=\"true\"><strong class=\"Yjhzub\" data-sfc-cb=\"\" data-complete=\"true\" data-processed=\"true\">Winchester SXR2 Field Adjustable<\/strong>\u00a0je vrhunski\u00a0<strong class=\"Yjhzub\" data-sfc-cb=\"\" data-complete=\"true\" data-processed=\"true\">poluautomatski lova\u010dki karabin<\/strong>\u00a0s kundakom od birane orahovine. Ovaj model karakterizira\u00a0<strong class=\"Yjhzub\" data-sfc-cb=\"\" data-complete=\"true\" data-processed=\"true\">podesivi kundak<\/strong> koji omogu\u0107uje savr\u0161eno poravnanje oka s optikom u svakom trenutku.<\/div>\n<div data-sfc-cp=\"\" data-sfc-cb=\"\" data-hveid=\"CAEIBBAA\" data-complete=\"true\" data-processed=\"true\"><\/div>\n<div class=\"Y3BBE\" data-sfc-cp=\"\" data-sfc-cb=\"\" data-hveid=\"CAEIBRAA\" data-complete=\"true\" data-processed=\"true\">Opremljen je preciznom\u00a0<strong class=\"Yjhzub\" data-sfc-cb=\"\" data-complete=\"true\" data-processed=\"true\">FN Herstal cijevi<\/strong>\u00a0od 53 cm za maksimalnu pouzdanost i preciznost. Uz dokazani sustav posudbe plinova i\u00a0<strong class=\"Yjhzub\" data-sfc-cb=\"\" data-complete=\"true\" data-processed=\"true\">Inflex II<\/strong> tehnologiju ubla\u017eavanja trzaja, ovaj karabin osigurava nevjerojatnu brzinu drugog hitca.<\/div>\n<div data-sfc-cp=\"\" data-sfc-cb=\"\" data-hveid=\"CAEIBRAA\" data-complete=\"true\" data-processed=\"true\"><\/div>\n<div class=\"Y3BBE\" data-sfc-cp=\"\" data-sfc-cb=\"\" data-hveid=\"CAEIBhAA\" data-complete=\"true\" data-processed=\"true\" aria-owns=\"action-menu-parent-container\">Idealan je izbor za lovce koji tra\u017ee spoj klasi\u010dne estetike i moderne ergonomije u kalibrima poput\u00a0<strong class=\"Yjhzub\" data-sfc-cb=\"\" data-complete=\"true\" data-processed=\"true\">.30-06<\/strong>\u00a0ili\u00a0<strong class=\"Yjhzub\" data-sfc-cb=\"\" data-complete=\"true\" data-processed=\"true\">.308 Win<\/strong>.<\/div>","protected":false},"featured_media":8340,"template":"","meta":[],"product_cat":[46,199],"product_tag":[],"class_list":{"0":"post-7139","1":"product","2":"type-product","3":"status-publish","4":"has-post-thumbnail","6":"product_brand-winchester","7":"product_cat-oruzje","8":"product_cat-lovacki-karabini","9":"pa_kalibar-30-06-spr","10":"pa_kalibar-300-win-mag","11":"pa_kalibar-308-win","12":"pa_kalibar-93x62","14":"first","15":"instock","16":"sale","17":"taxable","18":"shipping-taxable","19":"purchasable","20":"product-type-variable"},"_links":{"self":[{"href":"https:\/\/torzokom.com\/ba\/wp-json\/wp\/v2\/product\/7139","targetHints":{"allow":["GET"]}}],"collection":[{"href":"https:\/\/torzokom.com\/ba\/wp-json\/wp\/v2\/product"}],"about":[{"href":"https:\/\/torzokom.com\/ba\/wp-json\/wp\/v2\/types\/product"}],"version-history":[{"count":0,"href":"https:\/\/torzokom.com\/ba\/wp-json\/wp\/v2\/product\/7139\/revisions"}],"wp:featuredmedia":[{"embeddable":true,"href":"https:\/\/torzokom.com\/ba\/wp-json\/wp\/v2\/media\/8340"}],"wp:attachment":[{"href":"https:\/\/torzokom.com\/ba\/wp-json\/wp\/v2\/media?parent=7139"}],"wp:term":[{"taxonomy":"product_cat","embeddable":true,"href":"https:\/\/torzokom.com\/ba\/wp-json\/wp\/v2\/product_cat?post=7139"},{"taxonomy":"product_tag","embeddable":true,"href":"https:\/\/torzokom.com\/ba\/wp-json\/wp\/v2\/product_tag?post=7139"}],"curies":[{"name":"wp","href":"https:\/\/api.w.org\/{rel}","templated":true}]}}