{"id":8182,"date":"2025-11-08T13:32:41","date_gmt":"2025-11-08T12:32:41","guid":{"rendered":"https:\/\/torzokom.com\/?post_type=product&#038;p=8182"},"modified":"2025-11-11T08:38:00","modified_gmt":"2025-11-11T07:38:00","slug":"mauser-18-extreme","status":"publish","type":"product","link":"https:\/\/torzokom.com\/ba\/proizvod\/mauser-18-extreme\/","title":{"rendered":"MAUSER 18 Extreme"},"content":{"rendered":"<h2>MAUSER 18 Extreme<\/h2>\n<p>MAUSER 18 Extreme\u00a0 za sve vremenske uslove iz serije Mauser 18 za najte\u017ee i najekstremnije primjene! Njen ultra robusni polimerni kundak u boji prirodnog kamena u kombinaciji s premazom od volframovog cerakote materijala na potpuno u\u017eljebljenoj cijevi i sanduku \u010dini ovu MAUSER pu\u0161ku s repetiraju\u0107im zatvara\u010dem ne samo apsolutno privla\u010dnom za poglede, ve\u0107 i prakti\u010dnim, robusnim alatom kada stvari postanu te\u0161ke. Bilo da se radi o lovu u planinama ili u gustoj grmlju: Mauser 18 Extreme briljira tamo gdje druge pu\u0161ke moraju napustiti svoju zonu udobnosti.<\/p>","protected":false},"excerpt":{"rendered":"<p>MAUSER 18 Extreme MAUSER 18 Extreme\u00a0 za sve vremenske uslove iz serije Mauser 18 za najte\u017ee i najekstremnije primjene! Njen ultra robusni polimerni kundak u boji prirodnog kamena u kombinaciji s premazom od volframovog cerakote materijala na potpuno u\u017eljebljenoj cijevi i sanduku \u010dini ovu MAUSER pu\u0161ku s repetiraju\u0107im zatvara\u010dem ne samo apsolutno privla\u010dnom za poglede, [&hellip;]<\/p>\n","protected":false},"featured_media":8332,"template":"","meta":[],"product_cat":[46,199],"product_tag":[],"class_list":{"0":"post-8182","1":"product","2":"type-product","3":"status-publish","4":"has-post-thumbnail","6":"product_brand-mauser","7":"product_cat-oruzje","8":"product_cat-lovacki-karabini","9":"pa_boja-siva","10":"pa_kalibar-30-06-spr","11":"pa_kalibar-308-win","12":"pa_kalibar-6-5-creedmoor","13":"pa_kalibar-8x57js","15":"first","16":"instock","17":"taxable","18":"shipping-taxable","19":"purchasable","20":"product-type-variable"},"_links":{"self":[{"href":"https:\/\/torzokom.com\/ba\/wp-json\/wp\/v2\/product\/8182","targetHints":{"allow":["GET"]}}],"collection":[{"href":"https:\/\/torzokom.com\/ba\/wp-json\/wp\/v2\/product"}],"about":[{"href":"https:\/\/torzokom.com\/ba\/wp-json\/wp\/v2\/types\/product"}],"version-history":[{"count":0,"href":"https:\/\/torzokom.com\/ba\/wp-json\/wp\/v2\/product\/8182\/revisions"}],"wp:featuredmedia":[{"embeddable":true,"href":"https:\/\/torzokom.com\/ba\/wp-json\/wp\/v2\/media\/8332"}],"wp:attachment":[{"href":"https:\/\/torzokom.com\/ba\/wp-json\/wp\/v2\/media?parent=8182"}],"wp:term":[{"taxonomy":"product_cat","embeddable":true,"href":"https:\/\/torzokom.com\/ba\/wp-json\/wp\/v2\/product_cat?post=8182"},{"taxonomy":"product_tag","embeddable":true,"href":"https:\/\/torzokom.com\/ba\/wp-json\/wp\/v2\/product_tag?post=8182"}],"curies":[{"name":"wp","href":"https:\/\/api.w.org\/{rel}","templated":true}]}}