{"id":8195,"date":"2025-11-08T13:32:33","date_gmt":"2025-11-08T12:32:33","guid":{"rendered":"https:\/\/torzokom.com\/?post_type=product&#038;p=8195"},"modified":"2025-11-11T08:37:21","modified_gmt":"2025-11-11T07:37:21","slug":"mauser-18-fenris-2","status":"publish","type":"product","link":"https:\/\/torzokom.com\/ba\/proizvod\/mauser-18-fenris-2\/","title":{"rendered":"MAUSER 18 Fenris"},"content":{"rendered":"<h2>MAUSER 18 Fenris<\/h2>\n<p>Beskompromisan, sna\u017ean, robustan: Novi MAUSER 18 Fenris dobio je ime po vuku Fenriru iz nordijske mitologije.<\/p>\n<p>Ergonomski GRS kundak s kundakom koji se mo\u017ee podesiti po visini pritiskom na dugme i podesivim trzajem po du\u017eini mogu se prilagoditi bilo kojoj situaciji u roku od nekoliko sekundi. Bilo da se radi o aktivnom lovu ili na streli\u0161tu: Ovaj \u201epredator\u201c stavlja lovce koji se fokusiraju na prakti\u010dnu primjenu i pucanje na plijen kako na kratkim tako i na velikim udaljenostima.<\/p>","protected":false},"excerpt":{"rendered":"<p>MAUSER 18 Fenris Beskompromisan, sna\u017ean, robustan: Novi MAUSER 18 Fenris dobio je ime po vuku Fenriru iz nordijske mitologije. Ergonomski GRS kundak s kundakom koji se mo\u017ee podesiti po visini pritiskom na dugme i podesivim trzajem po du\u017eini mogu se prilagoditi bilo kojoj situaciji u roku od nekoliko sekundi. Bilo da se radi o aktivnom [&hellip;]<\/p>\n","protected":false},"featured_media":8337,"template":"","meta":[],"product_cat":[46,199],"product_tag":[],"class_list":{"0":"post-8195","1":"product","2":"type-product","3":"status-publish","4":"has-post-thumbnail","6":"product_brand-mauser","7":"product_cat-oruzje","8":"product_cat-lovacki-karabini","9":"pa_kalibar-223-rem","10":"pa_kalibar-243-win","11":"pa_kalibar-270-win","12":"pa_kalibar-30-06-spr","13":"pa_kalibar-300-win-mag","14":"pa_kalibar-308-win","15":"pa_kalibar-65-prc","16":"pa_kalibar-6-5-creedmoor","17":"pa_kalibar-7mm-rem-mag","18":"pa_kalibar-8x57js","20":"first","21":"instock","22":"taxable","23":"shipping-taxable","24":"purchasable","25":"product-type-variable"},"_links":{"self":[{"href":"https:\/\/torzokom.com\/ba\/wp-json\/wp\/v2\/product\/8195","targetHints":{"allow":["GET"]}}],"collection":[{"href":"https:\/\/torzokom.com\/ba\/wp-json\/wp\/v2\/product"}],"about":[{"href":"https:\/\/torzokom.com\/ba\/wp-json\/wp\/v2\/types\/product"}],"version-history":[{"count":0,"href":"https:\/\/torzokom.com\/ba\/wp-json\/wp\/v2\/product\/8195\/revisions"}],"wp:featuredmedia":[{"embeddable":true,"href":"https:\/\/torzokom.com\/ba\/wp-json\/wp\/v2\/media\/8337"}],"wp:attachment":[{"href":"https:\/\/torzokom.com\/ba\/wp-json\/wp\/v2\/media?parent=8195"}],"wp:term":[{"taxonomy":"product_cat","embeddable":true,"href":"https:\/\/torzokom.com\/ba\/wp-json\/wp\/v2\/product_cat?post=8195"},{"taxonomy":"product_tag","embeddable":true,"href":"https:\/\/torzokom.com\/ba\/wp-json\/wp\/v2\/product_tag?post=8195"}],"curies":[{"name":"wp","href":"https:\/\/api.w.org\/{rel}","templated":true}]}}