{"id":8263,"date":"2025-11-07T14:03:29","date_gmt":"2025-11-07T13:03:29","guid":{"rendered":"https:\/\/torzokom.com\/?post_type=product&#038;p=8263"},"modified":"2025-11-11T08:40:01","modified_gmt":"2025-11-11T07:40:01","slug":"mauser-18-pure-max","status":"publish","type":"product","link":"https:\/\/torzokom.com\/ba\/proizvod\/mauser-18-pure-max\/","title":{"rendered":"MAUSER 18 Pure Max"},"content":{"rendered":"<h2>MAUSER 18 Pure Max<\/h2>\n<p>Maksimalna ergonomija po atraktivnoj cijeni: \u010cvrsti laminatni kundak s velikim otvorom za palac i udubljenjem za dlan s obje strane garantira pouzdan hvat.<\/p>\n<p>Sa svojim laminiranim drvenim kundakom, MAUSER 18 Pure Max je izuzetno \u010dvrst, prkosi svim vremenskim uslovima i ne savija se, ne kida se niti bubri. Napravljen za te\u0161ku upotrebu na bilo kojoj temperaturi i vremenu. Jednostavan za odr\u017eavanje i vizuelno atraktivan.<\/p>","protected":false},"excerpt":{"rendered":"<p>MAUSER 18 Pure Max Maksimalna ergonomija po atraktivnoj cijeni: \u010cvrsti laminatni kundak s velikim otvorom za palac i udubljenjem za dlan s obje strane garantira pouzdan hvat. Sa svojim laminiranim drvenim kundakom, MAUSER 18 Pure Max je izuzetno \u010dvrst, prkosi svim vremenskim uslovima i ne savija se, ne kida se niti bubri. Napravljen za te\u0161ku [&hellip;]<\/p>\n","protected":false},"featured_media":8330,"template":"","meta":[],"product_cat":[46,199],"product_tag":[],"class_list":{"0":"post-8263","1":"product","2":"type-product","3":"status-publish","4":"has-post-thumbnail","6":"product_brand-mauser","7":"product_cat-oruzje","8":"product_cat-lovacki-karabini","9":"pa_kalibar-223-rem","10":"pa_kalibar-243-win","11":"pa_kalibar-270-win","12":"pa_kalibar-30-06-spr","13":"pa_kalibar-300-win-mag","14":"pa_kalibar-308-win","15":"pa_kalibar-65-prc","16":"pa_kalibar-6-5-creedmoor","17":"pa_kalibar-6-5x55","18":"pa_kalibar-7mm-rem-mag","19":"pa_kalibar-85x55-blaser","20":"pa_kalibar-8x57js","21":"pa_kalibar-93x62","23":"first","24":"instock","25":"taxable","26":"shipping-taxable","27":"purchasable","28":"product-type-variable"},"_links":{"self":[{"href":"https:\/\/torzokom.com\/ba\/wp-json\/wp\/v2\/product\/8263","targetHints":{"allow":["GET"]}}],"collection":[{"href":"https:\/\/torzokom.com\/ba\/wp-json\/wp\/v2\/product"}],"about":[{"href":"https:\/\/torzokom.com\/ba\/wp-json\/wp\/v2\/types\/product"}],"version-history":[{"count":0,"href":"https:\/\/torzokom.com\/ba\/wp-json\/wp\/v2\/product\/8263\/revisions"}],"wp:featuredmedia":[{"embeddable":true,"href":"https:\/\/torzokom.com\/ba\/wp-json\/wp\/v2\/media\/8330"}],"wp:attachment":[{"href":"https:\/\/torzokom.com\/ba\/wp-json\/wp\/v2\/media?parent=8263"}],"wp:term":[{"taxonomy":"product_cat","embeddable":true,"href":"https:\/\/torzokom.com\/ba\/wp-json\/wp\/v2\/product_cat?post=8263"},{"taxonomy":"product_tag","embeddable":true,"href":"https:\/\/torzokom.com\/ba\/wp-json\/wp\/v2\/product_tag?post=8263"}],"curies":[{"name":"wp","href":"https:\/\/api.w.org\/{rel}","templated":true}]}}