{"id":8426,"date":"2025-11-11T16:57:44","date_gmt":"2025-11-11T15:57:44","guid":{"rendered":"https:\/\/torzokom.com\/?post_type=product&#038;p=8426"},"modified":"2026-02-19T10:07:28","modified_gmt":"2026-02-19T09:07:28","slug":"browning-a-bolt3-compo-battue-thrs","status":"publish","type":"product","link":"https:\/\/torzokom.com\/ba\/proizvod\/browning-a-bolt3-compo-battue-thrs\/","title":{"rendered":"Browning A-BOLT3+ COMPO BATTUE Thr, S"},"content":{"rendered":"<p>Browning A-Bolt 3+ Composite Battue Threaded je moderan lova\u010dki karabin sa obrtno-\u010depnim zatvara\u010dem, dizajniran prvenstveno za lov pogonom (battue) zbog svojih kompaktnih dimenzija i brzog ciljanja.<\/p>\n<p>Ovaj model predstavlja unaprije\u0111enu verziju popularne AB3 serije, kombinuju\u0107i Browningovu preciznost sa robusnim sinteti\u010dkim kundakom i karakteristikama prilago\u0111enim zahtjevnim terenima.<\/p>\n<p>Ova pu\u0161ka je odli\u010dan izbor za lovce koji tra\u017ee pouzdan, lagan i precizan radni alat za lov<\/p>","protected":false},"excerpt":{"rendered":"<p>Browning A-Bolt 3+ Composite Battue Threaded je moderan lova\u010dki karabin sa obrtno-\u010depnim zatvara\u010dem, dizajniran prvenstveno za lov pogonom (battue) zbog svojih kompaktnih dimenzija i brzog ciljanja. Ovaj model predstavlja unaprije\u0111enu verziju popularne AB3 serije, kombinuju\u0107i Browningovu preciznost sa robusnim sinteti\u010dkim kundakom i karakteristikama prilago\u0111enim zahtjevnim terenima. Ova pu\u0161ka je odli\u010dan izbor za lovce koji tra\u017ee [&hellip;]<\/p>\n","protected":false},"featured_media":9720,"template":"","meta":[],"product_cat":[46,199],"product_tag":[],"class_list":{"0":"post-8426","1":"product","2":"type-product","3":"status-publish","4":"has-post-thumbnail","6":"product_brand-browning","7":"product_cat-oruzje","8":"product_cat-lovacki-karabini","9":"pa_kalibar-30-06-spr","10":"pa_kalibar-300-win-mag","11":"pa_kalibar-308-win","12":"pa_kalibar-93x62","14":"first","15":"instock","16":"taxable","17":"shipping-taxable","18":"purchasable","19":"product-type-variable"},"_links":{"self":[{"href":"https:\/\/torzokom.com\/ba\/wp-json\/wp\/v2\/product\/8426","targetHints":{"allow":["GET"]}}],"collection":[{"href":"https:\/\/torzokom.com\/ba\/wp-json\/wp\/v2\/product"}],"about":[{"href":"https:\/\/torzokom.com\/ba\/wp-json\/wp\/v2\/types\/product"}],"version-history":[{"count":0,"href":"https:\/\/torzokom.com\/ba\/wp-json\/wp\/v2\/product\/8426\/revisions"}],"wp:featuredmedia":[{"embeddable":true,"href":"https:\/\/torzokom.com\/ba\/wp-json\/wp\/v2\/media\/9720"}],"wp:attachment":[{"href":"https:\/\/torzokom.com\/ba\/wp-json\/wp\/v2\/media?parent=8426"}],"wp:term":[{"taxonomy":"product_cat","embeddable":true,"href":"https:\/\/torzokom.com\/ba\/wp-json\/wp\/v2\/product_cat?post=8426"},{"taxonomy":"product_tag","embeddable":true,"href":"https:\/\/torzokom.com\/ba\/wp-json\/wp\/v2\/product_tag?post=8426"}],"curies":[{"name":"wp","href":"https:\/\/api.w.org\/{rel}","templated":true}]}}