{"id":8431,"date":"2025-11-11T16:59:45","date_gmt":"2025-11-11T15:59:45","guid":{"rendered":"https:\/\/torzokom.com\/?post_type=product&#038;p=8431"},"modified":"2026-02-19T11:13:14","modified_gmt":"2026-02-19T10:13:14","slug":"browning-a-bolt-3-compo-od-green-thrsmns","status":"publish","type":"product","link":"https:\/\/torzokom.com\/ba\/proizvod\/browning-a-bolt-3-compo-od-green-thrsmns\/","title":{"rendered":"Browning A-BOLT 3+ COMPO OD GREEN Thr, SM, NS"},"content":{"rendered":"<div class=\"Y3BBE\" data-sfc-cp=\"\" data-hveid=\"CAEIAhAA\" data-complete=\"true\" data-processed=\"true\"><strong class=\"Yjhzub\" data-complete=\"true\">Browning A-Bolt 3+ Composite OD Green<\/strong>\u00a0je moderna lova\u010dka pu\u0161ka sa obrtno-\u010depnim zatvara\u010dem, dizajnirana da pru\u017ei vrhunsku preciznost i izdr\u017eljivost po pristupa\u010dnoj ceni.<\/div>\n<div data-sfc-cp=\"\" data-hveid=\"CAEIAhAA\" data-complete=\"true\" data-processed=\"true\">Ova specifi\u010dna konfiguracija podrazumeva navoj na ustima cevi (<strong class=\"Yjhzub\" data-complete=\"true\">Thr<\/strong>), namenjena je za srednju divlja\u010d (<strong class=\"Yjhzub\" data-complete=\"true\">SM<\/strong>\u00a0&#8211; Small\/Medium) i dolazi bez mehani\u010dkih ni\u0161ana (<strong class=\"Yjhzub\" data-complete=\"true\">NS<\/strong>\u00a0&#8211; No Sights).<\/div>\n<div class=\"Fsg96\" data-sfc-cp=\"\" data-complete=\"true\" data-processed=\"true\"><\/div>","protected":false},"excerpt":{"rendered":"<ul class=\"KsbFXc U6u95\" data-complete=\"true\" data-processed=\"true\">\n<li data-hveid=\"CAEIBxAA\" data-complete=\"true\" data-sae=\"\"><span class=\"T286Pc\" data-sfc-cp=\"\" data-complete=\"true\"><strong class=\"Yjhzub\" data-complete=\"true\">Zamenljivi delovi:<\/strong>\u00a0Mo\u017eete lako zameniti obrazinu (cheekpiece), prednji deo podkundaka i kuglu ru\u010dice zatvara\u010da kako biste prilagodili izgled ili ergonomiju.<\/span><\/li>\n<li data-hveid=\"CAEIBxAB\" data-complete=\"true\" data-sae=\"\"><span class=\"T286Pc\" data-sfc-cp=\"\" data-complete=\"true\"><strong class=\"Yjhzub\" data-complete=\"true\">Inflex I amortizer:<\/strong>\u00a0Poseban gumeni potiljak koji energiju trzaja usmerava nadole, \u010dime se smanjuje odsko\u010dna energija i \u0161titi lice strelca.<\/span><\/li>\n<li data-hveid=\"CAEIBxAC\" data-complete=\"true\" data-sae=\"\"><span class=\"T286Pc\" data-sfc-cp=\"\" data-complete=\"true\" aria-owns=\"action-menu-parent-container\"><strong class=\"Yjhzub\" data-complete=\"true\">Okida\u010d:<\/strong>\u00a0Fabri\u010dki pode\u0161en na \u010dist i kratak hod, \u0161to je karakteristi\u010dno za Browning pu\u0161ke i direktno doprinosi preciznosti.<\/span><\/li>\n<\/ul>","protected":false},"featured_media":8488,"template":"","meta":[],"product_cat":[46,199],"product_tag":[],"class_list":{"0":"post-8431","1":"product","2":"type-product","3":"status-publish","4":"has-post-thumbnail","6":"product_brand-browning","7":"product_cat-oruzje","8":"product_cat-lovacki-karabini","9":"pa_kalibar-243-win","10":"pa_kalibar-30-06-spr","11":"pa_kalibar-300-win-mag","12":"pa_kalibar-308-win","13":"pa_kalibar-93x62","15":"first","16":"instock","17":"taxable","18":"shipping-taxable","19":"purchasable","20":"product-type-variable"},"_links":{"self":[{"href":"https:\/\/torzokom.com\/ba\/wp-json\/wp\/v2\/product\/8431","targetHints":{"allow":["GET"]}}],"collection":[{"href":"https:\/\/torzokom.com\/ba\/wp-json\/wp\/v2\/product"}],"about":[{"href":"https:\/\/torzokom.com\/ba\/wp-json\/wp\/v2\/types\/product"}],"version-history":[{"count":0,"href":"https:\/\/torzokom.com\/ba\/wp-json\/wp\/v2\/product\/8431\/revisions"}],"wp:featuredmedia":[{"embeddable":true,"href":"https:\/\/torzokom.com\/ba\/wp-json\/wp\/v2\/media\/8488"}],"wp:attachment":[{"href":"https:\/\/torzokom.com\/ba\/wp-json\/wp\/v2\/media?parent=8431"}],"wp:term":[{"taxonomy":"product_cat","embeddable":true,"href":"https:\/\/torzokom.com\/ba\/wp-json\/wp\/v2\/product_cat?post=8431"},{"taxonomy":"product_tag","embeddable":true,"href":"https:\/\/torzokom.com\/ba\/wp-json\/wp\/v2\/product_tag?post=8431"}],"curies":[{"name":"wp","href":"https:\/\/api.w.org\/{rel}","templated":true}]}}