{"id":8672,"date":"2025-11-18T09:43:45","date_gmt":"2025-11-18T08:43:45","guid":{"rendered":"https:\/\/torzokom.com\/?post_type=product&#038;p=8672"},"modified":"2025-11-18T09:43:45","modified_gmt":"2025-11-18T08:43:45","slug":"sauer-remnik-carbon","status":"publish","type":"product","link":"https:\/\/torzokom.com\/ba\/proizvod\/sauer-remnik-carbon\/","title":{"rendered":"Sauer Remnik Carbon"},"content":{"rendered":"<p>Opremljen udobnim, neklizaju\u0107im neoprenskim materijalom s unutarnje strane i elegantnim karbonskim izgledom izvana. Sauer karbonski remen za pu\u0161ku kombinira stil, udobnost i robusnost. Pogodan je za lovce svih gra\u0111a zahvaljuju\u0107i podesivoj du\u017eini.<\/p>","protected":false},"excerpt":{"rendered":"<p>Opremljen udobnim, neklizaju\u0107im neoprenskim materijalom s unutarnje strane i elegantnim karbonskim izgledom izvana. Sauer karbonski remen za pu\u0161ku kombinira stil, udobnost i robusnost. Pogodan je za lovce svih gra\u0111a zahvaljuju\u0107i podesivoj du\u017eini.<\/p>","protected":false},"featured_media":8695,"template":"","meta":[],"product_cat":[83,206],"product_tag":[],"class_list":{"0":"post-8672","1":"product","2":"type-product","3":"status-publish","4":"has-post-thumbnail","6":"product_brand-sauer","7":"product_cat-dodatna-oprema","8":"product_cat-remnici-za-puske","10":"first","11":"instock","12":"taxable","13":"shipping-taxable","14":"purchasable","15":"product-type-simple"},"_links":{"self":[{"href":"https:\/\/torzokom.com\/ba\/wp-json\/wp\/v2\/product\/8672","targetHints":{"allow":["GET"]}}],"collection":[{"href":"https:\/\/torzokom.com\/ba\/wp-json\/wp\/v2\/product"}],"about":[{"href":"https:\/\/torzokom.com\/ba\/wp-json\/wp\/v2\/types\/product"}],"version-history":[{"count":0,"href":"https:\/\/torzokom.com\/ba\/wp-json\/wp\/v2\/product\/8672\/revisions"}],"wp:featuredmedia":[{"embeddable":true,"href":"https:\/\/torzokom.com\/ba\/wp-json\/wp\/v2\/media\/8695"}],"wp:attachment":[{"href":"https:\/\/torzokom.com\/ba\/wp-json\/wp\/v2\/media?parent=8672"}],"wp:term":[{"taxonomy":"product_cat","embeddable":true,"href":"https:\/\/torzokom.com\/ba\/wp-json\/wp\/v2\/product_cat?post=8672"},{"taxonomy":"product_tag","embeddable":true,"href":"https:\/\/torzokom.com\/ba\/wp-json\/wp\/v2\/product_tag?post=8672"}],"curies":[{"name":"wp","href":"https:\/\/api.w.org\/{rel}","templated":true}]}}