{"id":8819,"date":"2025-12-10T13:15:50","date_gmt":"2025-12-10T12:15:50","guid":{"rendered":"https:\/\/torzokom.com\/?post_type=product&#038;p=8819"},"modified":"2025-12-10T15:52:51","modified_gmt":"2025-12-10T14:52:51","slug":"ekol-firat-compact-black-9mm-pak-signalni-pistolj","status":"publish","type":"product","link":"https:\/\/torzokom.com\/ba\/proizvod\/ekol-firat-compact-black-9mm-pak-signalni-pistolj\/","title":{"rendered":"EKOL Firat Compact Black 9mm PAK signalni pi\u0161tolj"},"content":{"rendered":"<p>Ekol Firat Compact Black 9mm Pak Signalni Pistolj<\/p>\n<p>Pla\u0161ljivac koristi municiju punjenu malodimnim barutom 9mm Pak i u sanzer staje 17+1 metaka. Te\u017eina i veli\u010dina stra\u0161ljivaca je ista kao i prava beretta 92 FS Compact po kojoj je ovaj stra\u0161ljivac i napravljen. Stra\u0161ljivac dolazi upakovan u plasti\u010dni kofer i uz njega dolazi nastavak za ispaljivanje svetle\u0107ih raketica.<\/p>","protected":false},"excerpt":{"rendered":"<p>Ekol Firat Compact Black 9mm Pak Signalni Pistolj Pla\u0161ljivac koristi municiju punjenu malodimnim barutom 9mm Pak i u sanzer staje 17+1 metaka. Te\u017eina i veli\u010dina stra\u0161ljivaca je ista kao i prava beretta 92 FS Compact po kojoj je ovaj stra\u0161ljivac i napravljen. Stra\u0161ljivac dolazi upakovan u plasti\u010dni kofer i uz njega dolazi nastavak za ispaljivanje [&hellip;]<\/p>\n","protected":false},"featured_media":9134,"template":"","meta":[],"product_cat":[15],"product_tag":[],"class_list":{"0":"post-8819","1":"product","2":"type-product","3":"status-publish","4":"has-post-thumbnail","6":"product_brand-ekol","7":"product_cat-municija","9":"first","10":"instock","11":"taxable","12":"shipping-taxable","13":"purchasable","14":"product-type-simple"},"_links":{"self":[{"href":"https:\/\/torzokom.com\/ba\/wp-json\/wp\/v2\/product\/8819","targetHints":{"allow":["GET"]}}],"collection":[{"href":"https:\/\/torzokom.com\/ba\/wp-json\/wp\/v2\/product"}],"about":[{"href":"https:\/\/torzokom.com\/ba\/wp-json\/wp\/v2\/types\/product"}],"version-history":[{"count":0,"href":"https:\/\/torzokom.com\/ba\/wp-json\/wp\/v2\/product\/8819\/revisions"}],"wp:featuredmedia":[{"embeddable":true,"href":"https:\/\/torzokom.com\/ba\/wp-json\/wp\/v2\/media\/9134"}],"wp:attachment":[{"href":"https:\/\/torzokom.com\/ba\/wp-json\/wp\/v2\/media?parent=8819"}],"wp:term":[{"taxonomy":"product_cat","embeddable":true,"href":"https:\/\/torzokom.com\/ba\/wp-json\/wp\/v2\/product_cat?post=8819"},{"taxonomy":"product_tag","embeddable":true,"href":"https:\/\/torzokom.com\/ba\/wp-json\/wp\/v2\/product_tag?post=8819"}],"curies":[{"name":"wp","href":"https:\/\/api.w.org\/{rel}","templated":true}]}}