{"id":8834,"date":"2025-12-10T11:58:56","date_gmt":"2025-12-10T10:58:56","guid":{"rendered":"https:\/\/torzokom.com\/?post_type=product&#038;p=8834"},"modified":"2025-12-10T11:58:56","modified_gmt":"2025-12-10T10:58:56","slug":"signalni-pistolj-ekol-firat-magnum-fume-9mm-pak","status":"publish","type":"product","link":"https:\/\/torzokom.com\/ba\/proizvod\/signalni-pistolj-ekol-firat-magnum-fume-9mm-pak\/","title":{"rendered":"Signalni pi\u0161tolj Ekol Firat Magnum Fume 9mm Pak"},"content":{"rendered":"<h2>Ekol Firat Magnum Fume 9mm Pak Signalni Pistolj<\/h2>\n<p>Pla\u0161ljivac koristi municiju punjenu malodimnim barutom 9mm Pak i u sanzer staje 17+1 metaka.<br \/>\nTe\u017eina i veli\u010dina stra\u0161ljivaca je ista kao i prava Beretta 92 FS\u00a0 po kojoj je ovaj stra\u0161ljivac i napravljen. Stra\u0161ljivac dolazi upakovan u plasti\u010dni kofer i uz njega dolazi nastavak za ispaljivanje svetle\u0107ih raketica.<\/p>","protected":false},"excerpt":{"rendered":"<p>Ekol Firat Magnum Fume 9mm Pak Signalni Pistolj Pla\u0161ljivac koristi municiju punjenu malodimnim barutom 9mm Pak i u sanzer staje 17+1 metaka. Te\u017eina i veli\u010dina stra\u0161ljivaca je ista kao i prava Beretta 92 FS\u00a0 po kojoj je ovaj stra\u0161ljivac i napravljen. Stra\u0161ljivac dolazi upakovan u plasti\u010dni kofer i uz njega dolazi nastavak za ispaljivanje svetle\u0107ih [&hellip;]<\/p>\n","protected":false},"featured_media":5495,"template":"","meta":[],"product_cat":[46,179],"product_tag":[],"class_list":{"0":"post-8834","1":"product","2":"type-product","3":"status-publish","4":"has-post-thumbnail","6":"product_brand-ekol","7":"product_cat-oruzje","8":"product_cat-signalni-startni-pistolji","10":"first","11":"instock","12":"taxable","13":"shipping-taxable","14":"purchasable","15":"product-type-simple"},"_links":{"self":[{"href":"https:\/\/torzokom.com\/ba\/wp-json\/wp\/v2\/product\/8834","targetHints":{"allow":["GET"]}}],"collection":[{"href":"https:\/\/torzokom.com\/ba\/wp-json\/wp\/v2\/product"}],"about":[{"href":"https:\/\/torzokom.com\/ba\/wp-json\/wp\/v2\/types\/product"}],"version-history":[{"count":0,"href":"https:\/\/torzokom.com\/ba\/wp-json\/wp\/v2\/product\/8834\/revisions"}],"wp:featuredmedia":[{"embeddable":true,"href":"https:\/\/torzokom.com\/ba\/wp-json\/wp\/v2\/media\/5495"}],"wp:attachment":[{"href":"https:\/\/torzokom.com\/ba\/wp-json\/wp\/v2\/media?parent=8834"}],"wp:term":[{"taxonomy":"product_cat","embeddable":true,"href":"https:\/\/torzokom.com\/ba\/wp-json\/wp\/v2\/product_cat?post=8834"},{"taxonomy":"product_tag","embeddable":true,"href":"https:\/\/torzokom.com\/ba\/wp-json\/wp\/v2\/product_tag?post=8834"}],"curies":[{"name":"wp","href":"https:\/\/api.w.org\/{rel}","templated":true}]}}