{"id":8867,"date":"2025-12-10T13:13:23","date_gmt":"2025-12-10T12:13:23","guid":{"rendered":"https:\/\/torzokom.com\/?post_type=product&#038;p=8867"},"modified":"2026-02-10T22:14:43","modified_gmt":"2026-02-10T21:14:43","slug":"vazdusni-pistolj-ekol-co2-es-p92b-blowback","status":"publish","type":"product","link":"https:\/\/torzokom.com\/ba\/proizvod\/vazdusni-pistolj-ekol-co2-es-p92b-blowback\/","title":{"rendered":"Vazdu\u0161ni pi\u0161tolj Ekol CO2-ES P92B Blowback"},"content":{"rendered":"<p>Ekol ES P92B Black, inspirisan legendarnom Berettom 92, je moderni poluautomatski zra\u010dni pi\u0161tolj s pomi\u010dnim zatvara\u010dem &#8211; jedan od najmo\u0107nijih modela na tr\u017ei\u0161tu, koji dosti\u017ee brzinu do 140 m\/s. Zahvaljuju\u0107i Blowback sistemu, svako povla\u010denje okida\u010da generira realisti\u010dan trzaj zatvara\u010da, pobolj\u0161avaju\u0107i iskustvo pucanja. Savr\u0161en za dinami\u010dno sportsko ga\u0111anje i takti\u010dku obuku.<\/p>\n<p>Okvir &#8211; izra\u0111en od kaljenog, laganog polimera s integriranom Picatinny \u0161inom za dodatke (MIL-STD 1913). Kombinacija polimernog okvira i potpuno metalnog zatvara\u010da daje pi\u0161tolju vrlo realisti\u010dan izgled, gotovo nerazlu\u010div od pravog vatrenog oru\u017eja. Ima velikodu\u0161no dimenzioniranu integriranu za\u0161titu okida\u010da za udobno pucanje s dvije ruke. Plo\u010de za hvatanje izra\u0111ene su od izdr\u017eljivog crnog ABS-a s teksturiranom povr\u0161inom, \u0161to osigurava stabilno i sigurno dr\u017eanje.\u00a0Ni\u0161ani &#8211; polimerna konstrukcija s fiksnim prednjim ni\u0161anom i podesivim zadnjim ni\u0161anom. Bijele kontrastne ta\u010dke pobolj\u0161avaju preciznost ni\u0161anjenja u uvjetima slabog osvjetljenja.\u00a0Mehanizam okidanja &#8211; pi\u0161tolj ima sistem okidanja Single Action (SA) s poluautomatskim radom. To zna\u010di da se, ba\u0161 kao i kod pravog vatrenog oru\u017eja, udara\u010d mora ru\u010dno napeti prije prvog pucnja &#8211; bilo direktnim povla\u010denjem unazad ili povla\u010denjem zatvara\u010da. Za sljede\u0107e pucnjeve, udara\u010d se automatski napenje cikli\u010dkim zatvara\u010dem.\u00a0\u010ca\u0161ica &#8211; metalna konstrukcija s kapacitetom od 16 \u010deli\u010dnih kuglica kalibra 4,5 mm. Te\u017eina municije je ravnomjerno raspore\u0111ena du\u017e cijele du\u017eine \u010da\u0161ice. Trebaju se koristiti samo \u010deli\u010dne kuglice.<\/p>\n<p>Napajanje &#8211; napaja se pomo\u0107u 12g CO\u2082 patrone smje\u0161tene u \u010da\u0161ici unutar rukohvata pi\u0161tolja. Jedna CO2 kapsula osigurava pribli\u017eno 50-60 efektivnih hitaca.<\/p>\n<p>Set uklju\u010duje:<\/p>\n<ul>\n<li>pi\u0161tolj Ekol ES P92 B<\/li>\n<li>namjenski petougaoni klju\u010d za CO\u2082 patrone<\/li>\n<li>odvija\u010d za pode\u0161avanje zadnjeg ni\u0161ana<\/li>\n<li>prenosivu plasti\u010dnu kutiju<\/li>\n<li>uputstvo za upotrebu<\/li>\n<\/ul>\n<p>&nbsp;<\/p>\n<p>&nbsp;<\/p>\n<p>&nbsp;<\/p>","protected":false},"excerpt":{"rendered":"<p>Ekol ES P92B Black, inspirisan legendarnom Berettom 92, je moderni poluautomatski zra\u010dni pi\u0161tolj s pomi\u010dnim zatvara\u010dem &#8211; jedan od najmo\u0107nijih modela na tr\u017ei\u0161tu, koji dosti\u017ee brzinu do 140 m\/s. Zahvaljuju\u0107i Blowback sistemu, svako povla\u010denje okida\u010da generira realisti\u010dan trzaj zatvara\u010da, pobolj\u0161avaju\u0107i iskustvo pucanja. Savr\u0161en za dinami\u010dno sportsko ga\u0111anje i takti\u010dku obuku. Okvir &#8211; izra\u0111en od kaljenog, [&hellip;]<\/p>\n","protected":false},"featured_media":9129,"template":"","meta":[],"product_cat":[181],"product_tag":[],"class_list":{"0":"post-8867","1":"product","2":"type-product","3":"status-publish","4":"has-post-thumbnail","6":"product_brand-ekol","7":"product_cat-vazdusne-puske-pistolji","8":"pa_boja-black","9":"pa_boja-siva","11":"first","12":"instock","13":"taxable","14":"shipping-taxable","15":"purchasable","16":"product-type-variable"},"_links":{"self":[{"href":"https:\/\/torzokom.com\/ba\/wp-json\/wp\/v2\/product\/8867","targetHints":{"allow":["GET"]}}],"collection":[{"href":"https:\/\/torzokom.com\/ba\/wp-json\/wp\/v2\/product"}],"about":[{"href":"https:\/\/torzokom.com\/ba\/wp-json\/wp\/v2\/types\/product"}],"version-history":[{"count":0,"href":"https:\/\/torzokom.com\/ba\/wp-json\/wp\/v2\/product\/8867\/revisions"}],"wp:featuredmedia":[{"embeddable":true,"href":"https:\/\/torzokom.com\/ba\/wp-json\/wp\/v2\/media\/9129"}],"wp:attachment":[{"href":"https:\/\/torzokom.com\/ba\/wp-json\/wp\/v2\/media?parent=8867"}],"wp:term":[{"taxonomy":"product_cat","embeddable":true,"href":"https:\/\/torzokom.com\/ba\/wp-json\/wp\/v2\/product_cat?post=8867"},{"taxonomy":"product_tag","embeddable":true,"href":"https:\/\/torzokom.com\/ba\/wp-json\/wp\/v2\/product_tag?post=8867"}],"curies":[{"name":"wp","href":"https:\/\/api.w.org\/{rel}","templated":true}]}}