{"id":8873,"date":"2025-12-10T13:10:45","date_gmt":"2025-12-10T12:10:45","guid":{"rendered":"https:\/\/torzokom.com\/?post_type=product&#038;p=8873"},"modified":"2025-12-10T13:13:49","modified_gmt":"2025-12-10T12:13:49","slug":"vazdusni-pistolj-ekol-co2-es-p92","status":"publish","type":"product","link":"https:\/\/torzokom.com\/ba\/proizvod\/vazdusni-pistolj-ekol-co2-es-p92\/","title":{"rendered":"Vazdu\u0161ni pi\u0161tolj Ekol CO2-ES P92"},"content":{"rendered":"<p>Zra\u010dni pi\u0161tolj ES P92 izvana kopira jednu od modifikacija porodice Beretta 92.\u00a0Pi\u0161tolj koristi boce s CO2 od 12 grama kao izvor energije. Mehanizam okidanja je dvostrukog djelovanja: repetir se mo\u017ee napeti ru\u010dno ili pritiskom na okida\u010d; kada se okida\u010d pritisne, repetir se automatski napenje. Nema povratnog udara.<br \/>\nPi\u0161tolj ima Picatinny plo\u010du za pri\u010dvr\u0161\u0107ivanje laserskog ni\u0161ana, baterijske lampe itd. Ni\u0161ani \u2013 nepodesivi zadnji i prednji ni\u0161an . Kapacitet okvira je 14 metaka, okvir je povezan s prostorom za bocu s CO2. Radi sigurnosti, pi\u0161tolj ima osigura\u010d.<\/p>","protected":false},"excerpt":{"rendered":"<p>Zra\u010dni pi\u0161tolj ES P92 izvana kopira jednu od modifikacija porodice Beretta 92.\u00a0Pi\u0161tolj koristi boce s CO2 od 12 grama kao izvor energije. Mehanizam okidanja je dvostrukog djelovanja: repetir se mo\u017ee napeti ru\u010dno ili pritiskom na okida\u010d; kada se okida\u010d pritisne, repetir se automatski napenje. Nema povratnog udara. Pi\u0161tolj ima Picatinny plo\u010du za pri\u010dvr\u0161\u0107ivanje laserskog ni\u0161ana, [&hellip;]<\/p>\n","protected":false},"featured_media":9127,"template":"","meta":[],"product_cat":[181],"product_tag":[],"class_list":{"0":"post-8873","1":"product","2":"type-product","3":"status-publish","4":"has-post-thumbnail","6":"product_brand-ekol","7":"product_cat-vazdusne-puske-pistolji","8":"pa_boja-black","9":"pa_boja-siva","11":"first","12":"instock","13":"taxable","14":"shipping-taxable","15":"purchasable","16":"product-type-variable"},"_links":{"self":[{"href":"https:\/\/torzokom.com\/ba\/wp-json\/wp\/v2\/product\/8873","targetHints":{"allow":["GET"]}}],"collection":[{"href":"https:\/\/torzokom.com\/ba\/wp-json\/wp\/v2\/product"}],"about":[{"href":"https:\/\/torzokom.com\/ba\/wp-json\/wp\/v2\/types\/product"}],"version-history":[{"count":0,"href":"https:\/\/torzokom.com\/ba\/wp-json\/wp\/v2\/product\/8873\/revisions"}],"wp:featuredmedia":[{"embeddable":true,"href":"https:\/\/torzokom.com\/ba\/wp-json\/wp\/v2\/media\/9127"}],"wp:attachment":[{"href":"https:\/\/torzokom.com\/ba\/wp-json\/wp\/v2\/media?parent=8873"}],"wp:term":[{"taxonomy":"product_cat","embeddable":true,"href":"https:\/\/torzokom.com\/ba\/wp-json\/wp\/v2\/product_cat?post=8873"},{"taxonomy":"product_tag","embeddable":true,"href":"https:\/\/torzokom.com\/ba\/wp-json\/wp\/v2\/product_tag?post=8873"}],"curies":[{"name":"wp","href":"https:\/\/api.w.org\/{rel}","templated":true}]}}