{"id":8878,"date":"2025-12-10T13:08:32","date_gmt":"2025-12-10T12:08:32","guid":{"rendered":"https:\/\/torzokom.com\/?post_type=product&#038;p=8878"},"modified":"2025-12-10T13:08:32","modified_gmt":"2025-12-10T12:08:32","slug":"vazdusni-pistolj-ekol-fowler-4-5mm","status":"publish","type":"product","link":"https:\/\/torzokom.com\/ba\/proizvod\/vazdusni-pistolj-ekol-fowler-4-5mm\/","title":{"rendered":"Vazdu\u0161ni pi\u0161tolj Ekol Fowler 4.5mm"},"content":{"rendered":"<p>VAZDU\u0160NI PI\u0160TOLJ EKOL<a href=\"https:\/\/www.blank-pistol.com\/urun\/fowler\/\" target=\"_blank\" rel=\"noopener\">\u00a0FOWLER<\/a>\u00a0je najnoviji model koji osvaja tr\u017ei\u0161te vazdu\u0161nih pi\u0161tolja sa\u00a0<strong>prelomljivom cevi.<\/strong>\u00a0Njegova teksturirana rukohvatna plo\u010da i kuc\u0301i\u0161te cevi obezbe\u0111uju sigurno i udobno rukovanje u svim uslovima.Opremljen je opti\u010dkim vlaknima, i Pikatini \u0161inom od 22 mm za monta\u017eu optike.Lagan, fino obra\u0111en i idealan za rekreativno ga\u0111anje, savr\u0161en je izbor za po\u010detnike koji ulaze u svet ga\u0111anja.<\/p>\n<p>VAZDU\u0160NI<a href=\"https:\/\/www.urbandart.rs\/kategorije-proizvoda\/vazdusno-oruzje\/vazdusni-pistolji\/\" target=\"_blank\" rel=\"noopener\">\u00a0PI\u0160TOLJ<\/a>\u00a0EKOL FOWLER ima ergonomski oblikovan rukohvat, napravljen od mat zavr\u0161ne obrade, visoko izdr\u017eljivog polimera otpornog na mehani\u010dka o\u0161tec\u0301enja,kao i anatomski oblikovane \u017elebove za prste za \u010dvrst, kontrolisan hvat tokom ga\u0111anja.Njegov robustan i jednostavan dizajn obezbe\u0111uje visoku pouzdanost.TruGlo \u2013 opti\u010dki ni\u0161ani sa kontrastnim vlaknima u boji omoguc\u0301avaju precizno ni\u0161anjenje \u010dak i u uslovima slabog osvetljenja.Zeleni metal-polimerski zadnji ni\u0161an je potpuno podesiv po vertikali i visini.Ovaj model nudi o\u0161tro iskustvo pucanja sa kompatibilno\u0161\u0107u sa 4,5 mm dijabolama i \u010deli\u010dnim BB kuglicama<\/p>\n<p>. Iako nudi jednostavnu instalaciju i upotrebu zahvaljuju\u0107i mehanizmu za sklapanje, njegov moderan dizajn ne ugro\u017eava estetiku.TruGlo \u2013 opti\u010dki ni\u0161ani sa kontrastnim vlaknima u boji omoguc\u0301avaju precizno ni\u0161anjenje \u010dak i u uslovima slabog osvetljenja. Zatvoreni prednji ni\u0161an i zeleni metal-polimerski zadnji ni\u0161an su potpuno podesivi po vertikali i visini.<\/p>\n<p><strong>Nakon kupovineVAZDU\u0160NI PI\u0160TOLJ EKOL FOWLER ne prijavljuje se MUP-u<\/strong>\u00a0. Pri kupovini pi\u0161tolja potrebna vam je li\u010dna karta. Ovaj model vazdu\u0161nog pi\u0161tolja je jednostavan za odrzavanje. Koliko \u010desto i\u00a0 detaljno zavisi od koriscenja pi\u0161tolja i okru\u017eenja u kom se koristi. Unutrasnjost cevi se \u010disti posle nekih 100 ispaljenih\u00a0<a href=\"https:\/\/www.urbandart.rs\/kategorija-proizvoda\/ostalo\/dijabole-kuglice\/\" target=\"_blank\" rel=\"noopener\">dijabola<\/a>. Za \u010di\u0161\u0107enje mo\u017eete koristiti pribor za \u010di\u0161\u0107enje i ulje za \u010di\u0161\u0107enje\u00a0<a href=\"https:\/\/www.urbandart.rs\/?s=ballistol&amp;post_type=product&amp;product_cat=0\" target=\"_blank\" rel=\"noopener\">Ballistol.<\/a><\/p>","protected":false},"excerpt":{"rendered":"<p>VAZDU\u0160NI PI\u0160TOLJ EKOL\u00a0FOWLER\u00a0je najnoviji model koji osvaja tr\u017ei\u0161te vazdu\u0161nih pi\u0161tolja sa\u00a0prelomljivom cevi.\u00a0Njegova teksturirana rukohvatna plo\u010da i kuc\u0301i\u0161te cevi obezbe\u0111uju sigurno i udobno rukovanje u svim uslovima.Opremljen je opti\u010dkim vlaknima, i Pikatini \u0161inom od 22 mm za monta\u017eu optike.Lagan, fino obra\u0111en i idealan za rekreativno ga\u0111anje, savr\u0161en je izbor za po\u010detnike koji ulaze u svet ga\u0111anja. [&hellip;]<\/p>\n","protected":false},"featured_media":9124,"template":"","meta":[],"product_cat":[181],"product_tag":[],"class_list":{"0":"post-8878","1":"product","2":"type-product","3":"status-publish","4":"has-post-thumbnail","6":"product_brand-ekol","7":"product_cat-vazdusne-puske-pistolji","9":"first","10":"instock","11":"taxable","12":"shipping-taxable","13":"purchasable","14":"product-type-simple"},"_links":{"self":[{"href":"https:\/\/torzokom.com\/ba\/wp-json\/wp\/v2\/product\/8878","targetHints":{"allow":["GET"]}}],"collection":[{"href":"https:\/\/torzokom.com\/ba\/wp-json\/wp\/v2\/product"}],"about":[{"href":"https:\/\/torzokom.com\/ba\/wp-json\/wp\/v2\/types\/product"}],"version-history":[{"count":0,"href":"https:\/\/torzokom.com\/ba\/wp-json\/wp\/v2\/product\/8878\/revisions"}],"wp:featuredmedia":[{"embeddable":true,"href":"https:\/\/torzokom.com\/ba\/wp-json\/wp\/v2\/media\/9124"}],"wp:attachment":[{"href":"https:\/\/torzokom.com\/ba\/wp-json\/wp\/v2\/media?parent=8878"}],"wp:term":[{"taxonomy":"product_cat","embeddable":true,"href":"https:\/\/torzokom.com\/ba\/wp-json\/wp\/v2\/product_cat?post=8878"},{"taxonomy":"product_tag","embeddable":true,"href":"https:\/\/torzokom.com\/ba\/wp-json\/wp\/v2\/product_tag?post=8878"}],"curies":[{"name":"wp","href":"https:\/\/api.w.org\/{rel}","templated":true}]}}