{"id":8884,"date":"2025-12-10T13:07:16","date_gmt":"2025-12-10T12:07:16","guid":{"rendered":"https:\/\/torzokom.com\/?post_type=product&#038;p=8884"},"modified":"2026-02-10T22:15:11","modified_gmt":"2026-02-10T21:15:11","slug":"vazdusna-puska-ekol-ultimate-4-5mm","status":"publish","type":"product","link":"https:\/\/torzokom.com\/ba\/proizvod\/vazdusna-puska-ekol-ultimate-4-5mm\/","title":{"rendered":"Vazdu\u0161na pu\u0161ka Ekol Ultimate 4.5mm"},"content":{"rendered":"<p>Ekol vazdu\u0161ne pu\u0161ke sada I sa novim gas ram klipom grs, kori\u0161\u0107enjem pneumatskog zatvorenog sistema punjenog azotom umesto klasi\u010dne opruge pove\u0107avaju preciznost smanjenjem vibracija pri opaljenju, I uz\u00a0 smanjenje buke I trzaja pove\u0107avaju trajnost pu\u0161ke.<\/p>","protected":false},"excerpt":{"rendered":"<p>Ekol vazdu\u0161ne pu\u0161ke sada I sa novim gas ram klipom grs, kori\u0161\u0107enjem pneumatskog zatvorenog sistema punjenog azotom umesto klasi\u010dne opruge pove\u0107avaju preciznost smanjenjem vibracija pri opaljenju, I uz\u00a0 smanjenje buke I trzaja pove\u0107avaju trajnost pu\u0161ke.<\/p>","protected":false},"featured_media":9122,"template":"","meta":[],"product_cat":[181],"product_tag":[],"class_list":{"0":"post-8884","1":"product","2":"type-product","3":"status-publish","4":"has-post-thumbnail","6":"product_brand-ekol","7":"product_cat-vazdusne-puske-pistolji","9":"first","10":"instock","11":"taxable","12":"shipping-taxable","13":"purchasable","14":"product-type-simple"},"_links":{"self":[{"href":"https:\/\/torzokom.com\/ba\/wp-json\/wp\/v2\/product\/8884","targetHints":{"allow":["GET"]}}],"collection":[{"href":"https:\/\/torzokom.com\/ba\/wp-json\/wp\/v2\/product"}],"about":[{"href":"https:\/\/torzokom.com\/ba\/wp-json\/wp\/v2\/types\/product"}],"version-history":[{"count":0,"href":"https:\/\/torzokom.com\/ba\/wp-json\/wp\/v2\/product\/8884\/revisions"}],"wp:featuredmedia":[{"embeddable":true,"href":"https:\/\/torzokom.com\/ba\/wp-json\/wp\/v2\/media\/9122"}],"wp:attachment":[{"href":"https:\/\/torzokom.com\/ba\/wp-json\/wp\/v2\/media?parent=8884"}],"wp:term":[{"taxonomy":"product_cat","embeddable":true,"href":"https:\/\/torzokom.com\/ba\/wp-json\/wp\/v2\/product_cat?post=8884"},{"taxonomy":"product_tag","embeddable":true,"href":"https:\/\/torzokom.com\/ba\/wp-json\/wp\/v2\/product_tag?post=8884"}],"curies":[{"name":"wp","href":"https:\/\/api.w.org\/{rel}","templated":true}]}}