{"id":8942,"date":"2025-12-10T10:19:57","date_gmt":"2025-12-10T09:19:57","guid":{"rendered":"https:\/\/torzokom.com\/?post_type=product&#038;p=8942"},"modified":"2026-03-09T10:22:40","modified_gmt":"2026-03-09T09:22:40","slug":"pistoljski-metak-b-nine-kalibar-9mm-luger","status":"publish","type":"product","link":"https:\/\/torzokom.com\/ba\/proizvod\/pistoljski-metak-b-nine-kalibar-9mm-luger\/","title":{"rendered":"Pi\u0161toljski metak B NINE kalibar: 9mm Luger 140 GR FMJ"},"content":{"rendered":"<p>Metak\u00a0<strong class=\"Yjhzub\" data-sfc-cb=\"\" data-complete=\"true\" data-processed=\"true\">B NINE 9mm Luger 140 GR FMJ<\/strong>\u00a0je visokokvalitetna municija \u010de\u0161kog proizvo\u0111a\u010da\u00a0<strong class=\"Yjhzub\" data-sfc-cb=\"\" data-complete=\"true\" data-processed=\"true\">Best Bullets Group<\/strong>, razvijena u saradnji sa IPSC i PCC strijelcima za sportsku upotrebu i trening.<\/p>\n<p>Ova municija se izdvaja od masovne proizvodnje zbog stro\u017eih procesa kontrole kvaliteta i sporijeg tempa izrade kako bi se eliminisale nepravilnosti.<\/p>\n<p><strong class=\"Yjhzub\" data-sfc-cb=\"\" data-complete=\"true\">B NINE 9mm Luger 140 GR FMJ<\/strong> nudi savr\u0161en balans izme\u0111u brzine i kontrole trzaja. Zahvaljuju\u0107i te\u017eini zrna od 140 greina, ovaj metak spada u podzvu\u010dnu (subsonic) kategoriju, \u0161to ga \u010dini idealnim za strijelce koji\u00a0 \u017eele mek\u0161i osje\u0107aj pri okidanju.<\/p>","protected":false},"excerpt":{"rendered":"<ul class=\"KsbFXc U6u95\" data-sfc-cb=\"\" data-complete=\"true\" data-processed=\"true\">\n<li class=\"dF3vjf\" data-sfc-cb=\"\" data-hveid=\"CAEIChAA\" data-complete=\"true\" data-sae=\"\"><span class=\"T286Pc\" data-sfc-cp=\"\" data-sfc-cb=\"\" data-complete=\"true\"><strong class=\"Yjhzub\" data-sfc-cb=\"\" data-complete=\"true\">Subsonic performanse<\/strong>: Zbog brzine ispod 340 m\/s, ovaj metak je prirodno ti\u0161i i proizvodi manji trzaj, \u0161to smanjuje zamor strijelca tokom dugih treninga.<\/span><\/li>\n<li class=\"dF3vjf\" data-sfc-cb=\"\" data-hveid=\"CAEIChAB\" data-complete=\"true\" data-sae=\"\"><span class=\"T286Pc\" data-sfc-cp=\"\" data-sfc-cb=\"\" data-complete=\"true\"><strong class=\"Yjhzub\" data-sfc-cb=\"\" data-complete=\"true\">Visoka preciznost<\/strong>: Geometrija zrna garantuje visok balisti\u010dki koeficijent i ravnu putanju leta na kratkim i srednjim distancama.<\/span><\/li>\n<li class=\"dF3vjf\" data-sfc-cb=\"\" data-hveid=\"CAEIChAC\" data-complete=\"true\" data-sae=\"\"><span class=\"T286Pc\" data-sfc-cp=\"\" data-sfc-cb=\"\" data-complete=\"true\" aria-owns=\"action-menu-parent-container\"><strong class=\"Yjhzub\" data-sfc-cb=\"\" data-complete=\"true\">Minimalno prljanje<\/strong>: FMJ dizajn i kvalitetni materijali osiguravaju da nema olovanja cijevi (barrel leading), \u010duvaju\u0107i \u017eivotni vijek va\u0161eg oru\u017eja.<\/span><\/li>\n<\/ul>","protected":false},"featured_media":9028,"template":"","meta":[],"product_cat":[15,178],"product_tag":[],"class_list":{"0":"post-8942","1":"product","2":"type-product","3":"status-publish","4":"has-post-thumbnail","6":"product_brand-best-bullets-group-s-r-o","7":"product_cat-municija","8":"product_cat-pistoljska-municija","10":"first","11":"instock","12":"taxable","13":"shipping-taxable","14":"purchasable","15":"product-type-simple"},"_links":{"self":[{"href":"https:\/\/torzokom.com\/ba\/wp-json\/wp\/v2\/product\/8942","targetHints":{"allow":["GET"]}}],"collection":[{"href":"https:\/\/torzokom.com\/ba\/wp-json\/wp\/v2\/product"}],"about":[{"href":"https:\/\/torzokom.com\/ba\/wp-json\/wp\/v2\/types\/product"}],"version-history":[{"count":0,"href":"https:\/\/torzokom.com\/ba\/wp-json\/wp\/v2\/product\/8942\/revisions"}],"wp:featuredmedia":[{"embeddable":true,"href":"https:\/\/torzokom.com\/ba\/wp-json\/wp\/v2\/media\/9028"}],"wp:attachment":[{"href":"https:\/\/torzokom.com\/ba\/wp-json\/wp\/v2\/media?parent=8942"}],"wp:term":[{"taxonomy":"product_cat","embeddable":true,"href":"https:\/\/torzokom.com\/ba\/wp-json\/wp\/v2\/product_cat?post=8942"},{"taxonomy":"product_tag","embeddable":true,"href":"https:\/\/torzokom.com\/ba\/wp-json\/wp\/v2\/product_tag?post=8942"}],"curies":[{"name":"wp","href":"https:\/\/api.w.org\/{rel}","templated":true}]}}