{"id":8952,"date":"2025-12-10T08:57:39","date_gmt":"2025-12-10T07:57:39","guid":{"rendered":"https:\/\/torzokom.com\/?post_type=product&#038;p=8952"},"modified":"2026-03-09T15:24:52","modified_gmt":"2026-03-09T14:24:52","slug":"g-i-s-ar-15-kalibar-223-rem-145","status":"publish","type":"product","link":"https:\/\/torzokom.com\/ba\/proizvod\/g-i-s-ar-15-kalibar-223-rem-145\/","title":{"rendered":"G.I.S. AR-15 KALIBAR .223 REM 14,5&#8243; Sportska pu\u0161ka"},"content":{"rendered":"<div class=\"otQkpb\" role=\"heading\" aria-level=\"3\" data-animation-nesting=\"\" data-sfc-cp=\"\" data-sfc-cb=\"\" data-complete=\"true\" data-processed=\"true\" data-sae=\"\">G.I.S. AR-15 .223 REM 14,5&#8243; \u2013 Kompaktna snaga i vrhunska upravljivost<\/div>\n<div class=\"Y3BBE\" data-sfc-cp=\"\" data-sfc-cb=\"\" data-hveid=\"CAEIAxAA\" data-complete=\"true\" data-processed=\"true\"><strong class=\"Yjhzub\" data-sfc-cb=\"\" data-complete=\"true\" data-processed=\"true\">G.I.S. AR-15<\/strong>\u00a0sa cijevi od\u00a0<strong class=\"Yjhzub\" data-sfc-cb=\"\" data-complete=\"true\" data-processed=\"true\">14,5 in\u010da<\/strong>\u00a0(36,8 cm) predstavlja &#8220;zlatnu sredinu&#8221; u svijetu sportskih pu\u0161aka. Proizvedena od strane renomiranog \u010de\u0161kog proizvo\u0111a\u010da\u00a0<strong class=\"Yjhzub\" data-sfc-cb=\"\" data-complete=\"true\" data-processed=\"true\">Global Import Service (G.I.S.)<\/strong>, ova pu\u0161ka je dizajnirana za strijelce koji tra\u017ee maksimalnu pokretljivost bez zna\u010dajnog gubitka na preciznosti i dometu.<\/div>\n<div class=\"Fsg96\" data-sfc-cp=\"\" data-sfc-cb=\"\" data-complete=\"true\" data-processed=\"true\"><\/div>\n<div class=\"AdPoic\" role=\"heading\" aria-level=\"3\" data-animation-nesting=\"\" data-sfc-cp=\"\" data-sfc-cb=\"\" data-complete=\"true\" data-processed=\"true\" data-sae=\"\">Za\u0161to odabrati model od 14,5 in\u010da?<\/div>\n<div class=\"Y3BBE\" data-sfc-cp=\"\" data-sfc-cb=\"\" data-hveid=\"CAEIBBAA\" data-complete=\"true\" data-processed=\"true\">Ova du\u017eina cijevi je standard za moderne takti\u010dke karabine \u0161irom svijeta. Kra\u0107a cijev \u010dini pu\u0161ku znatno lak\u0161om za rukovanje u sku\u010denim prostorima i omogu\u0107ava br\u017ee &#8220;\u010di\u0161\u0107enje&#8221; meta u dinami\u010dnim disciplinama poput\u00a0<strong class=\"Yjhzub\" data-sfc-cb=\"\" data-complete=\"true\" data-processed=\"true\">IPSC-a ili IDPA-e<\/strong>, dok i dalje zadr\u017eava izvrsnu grupaciju pogodaka na srednjim distancama.<\/div>\n<div class=\"Fsg96\" data-sfc-cp=\"\" data-sfc-cb=\"\" data-complete=\"true\" data-processed=\"true\"><\/div>\n<div class=\"AdPoic\" role=\"heading\" aria-level=\"3\" data-animation-nesting=\"\" data-sfc-cp=\"\" data-sfc-cb=\"\" data-complete=\"true\" data-processed=\"true\" data-sae=\"\">Klju\u010dne karakteristike:<\/div>\n<ul class=\"KsbFXc U6u95\" data-sfc-cb=\"\" data-complete=\"true\" data-processed=\"true\">\n<li class=\"dF3vjf\" data-sfc-cb=\"\" data-hveid=\"CAEIBRAA\" data-complete=\"true\" data-sae=\"\"><span class=\"T286Pc\" data-sfc-cp=\"\" data-sfc-cb=\"\" data-complete=\"true\"><strong class=\"Yjhzub\" data-sfc-cb=\"\" data-complete=\"true\">Optimizirana du\u017eina cijevi (14,5&#8243;)<\/strong>: Idealna za brze tranzicije izme\u0111u meta i lak\u0161i transport, uz zadr\u017eavanje visoke izlazne brzine zrna .223 Rem.<\/span><\/li>\n<li class=\"dF3vjf\" data-sfc-cb=\"\" data-hveid=\"CAEIBRAB\" data-complete=\"true\" data-sae=\"\"><span class=\"T286Pc\" data-sfc-cp=\"\" data-sfc-cb=\"\" data-complete=\"true\"><strong class=\"Yjhzub\" data-sfc-cb=\"\" data-complete=\"true\">Vrhunska ergonomija<\/strong>: Lagana konstrukcija i balans te\u017eine omogu\u0107avaju dugotrajno kori\u0161tenje bez zamora strijelca.<\/span><\/li>\n<li class=\"dF3vjf\" data-sfc-cb=\"\" data-hveid=\"CAEIBRAC\" data-complete=\"true\" data-sae=\"\"><span class=\"T286Pc\" data-sfc-cp=\"\" data-sfc-cb=\"\" data-complete=\"true\"><strong class=\"Yjhzub\" data-sfc-cb=\"\" data-complete=\"true\">Full Modular sustav<\/strong>: Opremljena modernim\u00a0<strong class=\"Yjhzub\" data-sfc-cb=\"\" data-complete=\"true\">M-LOK rukohvatom<\/strong>\u00a0i\u00a0<strong class=\"Yjhzub\" data-sfc-cb=\"\" data-complete=\"true\">Picatinny \u0161inom<\/strong>\u00a0na gornjem prijemniku, spremna za trenutnu monta\u017eu kolimatorskih (Red Dot) ni\u0161ana, lampi ili laserskih obilje\u017eiva\u010da.<\/span><\/li>\n<li class=\"dF3vjf\" data-sfc-cb=\"\" data-hveid=\"CAEIBRAD\" data-complete=\"true\" data-sae=\"\"><span class=\"T286Pc\" data-sfc-cp=\"\" data-sfc-cb=\"\" data-complete=\"true\" aria-owns=\"action-menu-parent-container\"><span class=\"T286Pc\" data-sfc-cp=\"\" data-sfc-cb=\"\" data-complete=\"true\" aria-owns=\"action-menu-parent-container\"><strong class=\"Yjhzub\" data-sfc-cb=\"\" data-complete=\"true\">Kvaliteta materijala<\/strong>: Prijemnici su izra\u0111eni od visokokvalitetnog aluminija\u00a0<strong class=\"Yjhzub\" data-sfc-cb=\"\" data-complete=\"true\">7075-T6<\/strong>, \u0161to garantuje otpornost na habanje i dugovje\u010dnost pod visokim pritiscima.<\/span><\/span>\n<div class=\"Y3BBE\" data-sfc-cp=\"\" data-sfc-cb=\"\" data-hveid=\"CAEIBBAA\" data-complete=\"true\" data-processed=\"true\"><\/div>\n<div class=\"Fsg96\" data-sfc-cp=\"\" data-sfc-cb=\"\" data-complete=\"true\" data-processed=\"true\"><strong class=\"Yjhzub\" data-sfc-cb=\"\" data-complete=\"true\" data-processed=\"true\">G.I.S. AR-15 KALIBAR .223 REM 14,5&#8243; sportska pu\u0161ka<\/strong>\u00a0idealno je rje\u0161enje za strijelce koji daju prioritet agilnosti i brzini rukovanja. Zahvaljuju\u0107i ne\u0161to kra\u0107oj cijevi, ova karabinska varijanta omogu\u0107ava ekstremno brze tranzicije izme\u0111u meta, \u0161to je klju\u010dna prednost u dinami\u010dnim disciplinama poput IPSC-a. Unato\u010d kompaktnijim dimenzijama, zadr\u017eava vrhunsku preciznost i pouzdanost karakteristi\u010dnu za G.I.S. proizvodnju.<\/div>\n<\/li>\n<li data-sfc-cb=\"\" data-hveid=\"CAEIBRAD\" data-complete=\"true\" data-sae=\"\"><strong class=\"Yjhzub\" data-sfc-cb=\"\" data-complete=\"true\" data-processed=\"true\">G.I.S. AR-15 KALIBAR .223 REM 14,5&#8243;\u00a0 sportska pu\u0161ka<\/strong>\u00a0pru\u017ea besprijekorne performanse i modularnost za svakog sportskog strijelca. Izra\u0111ena od kovanog aluminija 7075-T6 s modernim M-LOK rukohvatom, ova pu\u0161ka je spremna za sve izazove na streli\u0161tu \u2013 od takti\u010dkih vje\u017ebi do preciznih natjecanja.<\/li>\n<\/ul>","protected":false},"excerpt":{"rendered":"<div class=\"Y3BBE\" data-sfc-cp=\"\" data-sfc-cb=\"\" data-hveid=\"CAEIAxAA\" data-complete=\"true\" data-processed=\"true\"><strong class=\"Yjhzub\" data-sfc-cb=\"\" data-complete=\"true\" data-processed=\"true\">G.I.S. AR-15 .223 REM 14,5&#8243; \u2013 Kompaktna preciznost za maksimalnu agilnost.<\/strong><\/div>\n<div class=\"Y3BBE\" data-sfc-cp=\"\" data-sfc-cb=\"\" data-hveid=\"CAEIBBAA\" data-complete=\"true\" data-processed=\"true\">Ovaj model sa cijevi od\u00a0<strong class=\"Yjhzub\" data-sfc-cb=\"\" data-complete=\"true\" data-processed=\"true\">14,5 in\u010da<\/strong>\u00a0predstavlja idealan izbor za strijelce koji tra\u017ee laganu i upravljivu pu\u0161ku bez kompromisa u performansama. Savr\u0161ena za\u00a0<strong class=\"Yjhzub\" data-sfc-cb=\"\" data-complete=\"true\" data-processed=\"true\">IPSC natjecanja<\/strong> i dinami\u010dne treninge, nudi vrhunsku \u010de\u0161ku kvalitetu izrade na provjerenoj AR-15 platformi.<\/div>\n<ul class=\"KsbFXc U6u95\" data-sfc-cb=\"\" data-processed=\"true\" data-complete=\"true\">\n<li class=\"dF3vjf\" data-sfc-cb=\"\" data-hveid=\"CAEIBRAA\" data-complete=\"true\" data-sae=\"\"><span class=\"T286Pc\" data-sfc-cp=\"\" data-sfc-cb=\"\" data-complete=\"true\"><strong class=\"Yjhzub\" data-sfc-cb=\"\" data-complete=\"true\">Kalibar:<\/strong>\u00a0.223 Remington<\/span><\/li>\n<li class=\"dF3vjf\" data-sfc-cb=\"\" data-hveid=\"CAEIBRAB\" data-complete=\"true\" data-sae=\"\"><span class=\"T286Pc\" data-sfc-cp=\"\" data-sfc-cb=\"\" data-complete=\"true\"><strong class=\"Yjhzub\" data-sfc-cb=\"\" data-complete=\"true\">Cijev:<\/strong>\u00a014,5&#8243; (36,8 cm) \u2013 idealna za brze tranzicije i rad u pokretu<\/span><\/li>\n<li class=\"dF3vjf\" data-sfc-cb=\"\" data-hveid=\"CAEIBRAC\" data-sae=\"\" data-complete=\"true\"><span class=\"T286Pc\" data-sfc-cp=\"\" data-sfc-cb=\"\" data-complete=\"true\"><strong class=\"Yjhzub\" data-sfc-cb=\"\" data-complete=\"true\">Rukohvat:<\/strong>\u00a0Moderni M-LOK sistem za laku monta\u017eu opreme<\/span><\/li>\n<li class=\"dF3vjf\" data-sfc-cb=\"\" data-hveid=\"CAEIBRAD\" data-complete=\"true\" data-processed=\"true\" data-sae=\"\"><span class=\"T286Pc\" data-sfc-cp=\"\" data-sfc-cb=\"\" data-complete=\"true\"><strong class=\"Yjhzub\" data-sfc-cb=\"\" data-complete=\"true\">Konstrukcija:<\/strong>\u00a0Kovani aluminij 7075-T6 s tvrdom anodizacijom<\/span><\/li>\n<li class=\"dF3vjf\" data-sfc-cb=\"\" data-hveid=\"CAEIBRAE\" data-complete=\"true\" data-processed=\"true\" data-sae=\"\"><span class=\"T286Pc\" data-sfc-cp=\"\" data-sfc-cb=\"\" data-complete=\"true\"><strong class=\"Yjhzub\" data-sfc-cb=\"\" data-complete=\"true\">Namjena:<\/strong> Dinami\u010dno sportsko strelja\u0161tvo i takti\u010dka obuka<\/span><\/li>\n<\/ul>\n<div class=\"Y3BBE\" data-sfc-cp=\"\" data-sfc-cb=\"\" data-hveid=\"CAEIBhAA\" data-complete=\"true\" data-processed=\"true\"><strong class=\"Yjhzub\" data-sfc-cb=\"\" data-complete=\"true\" data-processed=\"true\">Vrhunska upravljivost u kompaktnom formatu.<\/strong><\/div>\n<div class=\"Fsg96\" data-sfc-cp=\"\" data-sfc-cb=\"\" data-complete=\"true\" data-processed=\"true\"><\/div>\n<hr class=\"j3tEEe\" data-sfc-pl=\"|[]\" data-sfc-cb=\"\" data-complete=\"true\" data-processed=\"true\" data-sae=\"\" \/>","protected":false},"featured_media":9043,"template":"","meta":[],"product_cat":[114,46],"product_tag":[],"class_list":{"0":"post-8952","1":"product","2":"type-product","3":"status-publish","4":"has-post-thumbnail","6":"product_brand-global-import-service-s-r-o","7":"product_cat-sportsko-oruzje","8":"product_cat-oruzje","10":"first","11":"instock","12":"taxable","13":"shipping-taxable","14":"purchasable","15":"product-type-simple"},"_links":{"self":[{"href":"https:\/\/torzokom.com\/ba\/wp-json\/wp\/v2\/product\/8952","targetHints":{"allow":["GET"]}}],"collection":[{"href":"https:\/\/torzokom.com\/ba\/wp-json\/wp\/v2\/product"}],"about":[{"href":"https:\/\/torzokom.com\/ba\/wp-json\/wp\/v2\/types\/product"}],"version-history":[{"count":0,"href":"https:\/\/torzokom.com\/ba\/wp-json\/wp\/v2\/product\/8952\/revisions"}],"wp:featuredmedia":[{"embeddable":true,"href":"https:\/\/torzokom.com\/ba\/wp-json\/wp\/v2\/media\/9043"}],"wp:attachment":[{"href":"https:\/\/torzokom.com\/ba\/wp-json\/wp\/v2\/media?parent=8952"}],"wp:term":[{"taxonomy":"product_cat","embeddable":true,"href":"https:\/\/torzokom.com\/ba\/wp-json\/wp\/v2\/product_cat?post=8952"},{"taxonomy":"product_tag","embeddable":true,"href":"https:\/\/torzokom.com\/ba\/wp-json\/wp\/v2\/product_tag?post=8952"}],"curies":[{"name":"wp","href":"https:\/\/api.w.org\/{rel}","templated":true}]}}