{"id":8957,"date":"2025-12-10T08:54:00","date_gmt":"2025-12-10T07:54:00","guid":{"rendered":"https:\/\/torzokom.com\/?post_type=product&#038;p=8957"},"modified":"2026-03-06T11:10:23","modified_gmt":"2026-03-06T10:10:23","slug":"jk-b24-kalibar-22lr-mt-sportska-puska","status":"publish","type":"product","link":"https:\/\/torzokom.com\/ba\/proizvod\/jk-b24-kalibar-22lr-mt-sportska-puska\/","title":{"rendered":"JK B24 kalibar .22LR MT Sportska pu\u0161ka"},"content":{"rendered":"<p><strong class=\"Yjhzub\" data-sfc-cb=\"\" data-complete=\"true\" data-processed=\"true\">JK B24 MT<\/strong>\u00a0je moderna malokalibarska pu\u0161ka \u010de\u0161kog proizvo\u0111a\u010da\u00a0<strong class=\"Yjhzub\" data-sfc-cb=\"\" data-complete=\"true\" data-processed=\"true\">JK N\u00e1stroje<\/strong>, dizajnirana za strijelce koji tra\u017ee maksimalnu preciznost, brzinu i pouzdanost. Ovaj model sa &#8220;Straight-Pull&#8221; mehanizmom (pravolinijskim zatvara\u010dem) postavlja nove standarde u klasi .22 LR, nude\u0107i performanse premium sportskih pu\u0161aka po pristupa\u010dnoj cijeni.<\/p>\n<ul class=\"KsbFXc U6u95\" data-sfc-cb=\"\" data-complete=\"true\" data-processed=\"true\">\n<li class=\"dF3vjf\" data-sfc-cb=\"\" data-hveid=\"CAEIBhAA\" data-complete=\"true\" data-sae=\"\"><span class=\"T286Pc\" data-sfc-cp=\"\" data-sfc-cb=\"\" data-complete=\"true\"><strong class=\"Yjhzub\" data-sfc-cb=\"\" data-complete=\"true\">Sistem:<\/strong>\u00a0Ultra-brzi pravolinijski zatvara\u010d za dinami\u010dno pucanje.<\/span><\/li>\n<li class=\"dF3vjf\" data-sfc-cb=\"\" data-hveid=\"CAEIBhAB\" data-complete=\"true\" data-sae=\"\"><span class=\"T286Pc\" data-sfc-cp=\"\" data-sfc-cb=\"\" data-complete=\"true\"><strong class=\"Yjhzub\" data-sfc-cb=\"\" data-complete=\"true\">Cijev:<\/strong>\u00a0Precizna hladno kovana cijev sa\u00a0<strong class=\"Yjhzub\" data-sfc-cb=\"\" data-complete=\"true\">M15x1 navojem<\/strong>\u00a0za prigu\u0161iva\u010d.<\/span><\/li>\n<li class=\"dF3vjf\" data-sfc-cb=\"\" data-hveid=\"CAEIBhAC\" data-complete=\"true\" data-sae=\"\"><span class=\"T286Pc\" data-sfc-cp=\"\" data-sfc-cb=\"\" data-complete=\"true\"><strong class=\"Yjhzub\" data-sfc-cb=\"\" data-complete=\"true\">Prilagodljivost:<\/strong>\u00a0Potpuno podesiva te\u017eina i hod obara\u010da prema \u017eeljama strijelca.<\/span><\/li>\n<li class=\"dF3vjf\" data-sfc-cb=\"\" data-hveid=\"CAEIBhAD\" data-complete=\"true\" data-sae=\"\"><span class=\"T286Pc\" data-sfc-cp=\"\" data-sfc-cb=\"\" data-complete=\"true\"><strong class=\"Yjhzub\" data-sfc-cb=\"\" data-complete=\"true\">Kapacitet:<\/strong>\u00a0Metalni odvojivi okvir od\u00a0<strong class=\"Yjhzub\" data-sfc-cb=\"\" data-complete=\"true\">5 metaka<\/strong>.<\/span><\/li>\n<li class=\"dF3vjf\" data-sfc-cb=\"\" data-hveid=\"CAEIBhAE\" data-complete=\"true\" data-sae=\"\"><span class=\"T286Pc\" data-sfc-cp=\"\" data-sfc-cb=\"\" data-complete=\"true\"><strong class=\"Yjhzub\" data-sfc-cb=\"\" data-complete=\"true\">Monta\u017ea:<\/strong> Integrisana 11mm \u0161ina za opti\u010dke ni\u0161ane.<\/span><\/li>\n<\/ul>","protected":false},"excerpt":{"rendered":"<h1><\/h1>","protected":false},"featured_media":9931,"template":"","meta":[],"product_cat":[114,46],"product_tag":[],"class_list":{"0":"post-8957","1":"product","2":"type-product","3":"status-publish","4":"has-post-thumbnail","6":"product_brand-jkn-jk-nastroje-s-r-o","7":"product_cat-sportsko-oruzje","8":"product_cat-oruzje","10":"first","11":"instock","12":"taxable","13":"shipping-taxable","14":"purchasable","15":"product-type-simple"},"_links":{"self":[{"href":"https:\/\/torzokom.com\/ba\/wp-json\/wp\/v2\/product\/8957","targetHints":{"allow":["GET"]}}],"collection":[{"href":"https:\/\/torzokom.com\/ba\/wp-json\/wp\/v2\/product"}],"about":[{"href":"https:\/\/torzokom.com\/ba\/wp-json\/wp\/v2\/types\/product"}],"version-history":[{"count":0,"href":"https:\/\/torzokom.com\/ba\/wp-json\/wp\/v2\/product\/8957\/revisions"}],"wp:featuredmedia":[{"embeddable":true,"href":"https:\/\/torzokom.com\/ba\/wp-json\/wp\/v2\/media\/9931"}],"wp:attachment":[{"href":"https:\/\/torzokom.com\/ba\/wp-json\/wp\/v2\/media?parent=8957"}],"wp:term":[{"taxonomy":"product_cat","embeddable":true,"href":"https:\/\/torzokom.com\/ba\/wp-json\/wp\/v2\/product_cat?post=8957"},{"taxonomy":"product_tag","embeddable":true,"href":"https:\/\/torzokom.com\/ba\/wp-json\/wp\/v2\/product_tag?post=8957"}],"curies":[{"name":"wp","href":"https:\/\/api.w.org\/{rel}","templated":true}]}}