{"id":9400,"date":"2025-12-16T11:48:45","date_gmt":"2025-12-16T10:48:45","guid":{"rendered":"https:\/\/torzokom.com\/?post_type=product&#038;p=9400"},"modified":"2026-02-16T10:38:45","modified_gmt":"2026-02-16T09:38:45","slug":"nocpix-vista-h35r-termalni-monokular","status":"publish","type":"product","link":"https:\/\/torzokom.com\/ba\/proizvod\/nocpix-vista-h35r-termalni-monokular\/","title":{"rendered":"Nocpix Vista H35R Termalni Monokular"},"content":{"rendered":"<h2>Nocpix Vista H35R Termalni Monokular<\/h2>\n<p>Vistin sistem Vision+, sa AMOLED ekranom od 2560\u00d72560 i pre\u010dnikom izlazne zenice od 8 mm, nudi impresivno iskustvo posmatranja. Opremljen vrhunskim senzorom i integrisanim LRF, Vista pru\u017ea vrhunske performanse u industriji. Njegov dizajn prilago\u0111en korisniku i pobolj\u0161ano re\u0161enje za baterije \u010dine ga idealnim saputnikom za prevazila\u017eenje izazova na otvorenom.\u00a0AMOLED 1,03 in\u010da, 2560\u00d72560 kru\u017eni ekran optimizuje prostornu efikasnost, pru\u017eaju\u0107i \u017eivopisne vizuelne efekte. Sa pre\u010dnikom izlazne zenice od 8 mm i re\u017eimom Pure Vision, Vista obezbe\u0111uje udobno i impresivno iskustvo gledanja.\u00a0Na\u0161 samorazvijeni NETD \u226415mk 640\u00d7512@12mm senzor garantuje visok kvalitet slike i stabilne performanse. Siluete \u017eivotinja, anatomija i osobenosti pona\u0161anja postaju lako prepoznatljive.<\/p>","protected":false},"excerpt":{"rendered":"<p>Nocpix Vista H35R Termalni Monokular Vistin sistem Vision+, sa AMOLED ekranom od 2560\u00d72560 i pre\u010dnikom izlazne zenice od 8 mm, nudi impresivno iskustvo posmatranja. Opremljen vrhunskim senzorom i integrisanim LRF, Vista pru\u017ea vrhunske performanse u industriji. Njegov dizajn prilago\u0111en korisniku i pobolj\u0161ano re\u0161enje za baterije \u010dine ga idealnim saputnikom za prevazila\u017eenje izazova na otvorenom.\u00a0AMOLED 1,03 [&hellip;]<\/p>\n","protected":false},"featured_media":9457,"template":"","meta":[],"product_cat":[109,177],"product_tag":[],"class_list":{"0":"post-9400","1":"product","2":"type-product","3":"status-publish","4":"has-post-thumbnail","6":"product_brand-nocpix","7":"product_cat-monokulari","8":"product_cat-termalni-uredjaji","10":"first","11":"instock","12":"sale","13":"taxable","14":"shipping-taxable","15":"purchasable","16":"product-type-simple"},"_links":{"self":[{"href":"https:\/\/torzokom.com\/ba\/wp-json\/wp\/v2\/product\/9400","targetHints":{"allow":["GET"]}}],"collection":[{"href":"https:\/\/torzokom.com\/ba\/wp-json\/wp\/v2\/product"}],"about":[{"href":"https:\/\/torzokom.com\/ba\/wp-json\/wp\/v2\/types\/product"}],"version-history":[{"count":0,"href":"https:\/\/torzokom.com\/ba\/wp-json\/wp\/v2\/product\/9400\/revisions"}],"wp:featuredmedia":[{"embeddable":true,"href":"https:\/\/torzokom.com\/ba\/wp-json\/wp\/v2\/media\/9457"}],"wp:attachment":[{"href":"https:\/\/torzokom.com\/ba\/wp-json\/wp\/v2\/media?parent=9400"}],"wp:term":[{"taxonomy":"product_cat","embeddable":true,"href":"https:\/\/torzokom.com\/ba\/wp-json\/wp\/v2\/product_cat?post=9400"},{"taxonomy":"product_tag","embeddable":true,"href":"https:\/\/torzokom.com\/ba\/wp-json\/wp\/v2\/product_tag?post=9400"}],"curies":[{"name":"wp","href":"https:\/\/api.w.org\/{rel}","templated":true}]}}