{"id":9631,"date":"2026-02-12T10:49:34","date_gmt":"2026-02-12T09:49:34","guid":{"rendered":"https:\/\/torzokom.com\/?post_type=product&#038;p=9631"},"modified":"2026-02-16T09:48:53","modified_gmt":"2026-02-16T08:48:53","slug":"aimpoint-kacket-narandzasti","status":"publish","type":"product","link":"https:\/\/torzokom.com\/ba\/proizvod\/aimpoint-kacket-narandzasti\/","title":{"rendered":"Aimpoint ka\u010dket narand\u017easti"},"content":{"rendered":"<h2>Aimpoint ka\u010dket narand\u017easti<\/h2>\n<p>Narand\u017easta lova\u010dka kapa s kamufla\u017enim uzorkom iz Aimpointa.<br \/>\nKapa je izra\u0111ena od izdr\u017eljivog tkanog materijala s 3D izvezenim Aimpoint\u00ae logotipom. Dostupna je u jednoj veli\u010dini s podesivim pristajanjem za dodatnu udobnost.<\/p>","protected":false},"excerpt":{"rendered":"<p>Aimpoint ka\u010dket narand\u017easti Narand\u017easta lova\u010dka kapa s kamufla\u017enim uzorkom iz Aimpointa. Kapa je izra\u0111ena od izdr\u017eljivog tkanog materijala s 3D izvezenim Aimpoint\u00ae logotipom. Dostupna je u jednoj veli\u010dini s podesivim pristajanjem za dodatnu udobnost.<\/p>","protected":false},"featured_media":9632,"template":"","meta":[],"product_cat":[104],"product_tag":[],"class_list":{"0":"post-9631","1":"product","2":"type-product","3":"status-publish","4":"has-post-thumbnail","6":"product_brand-aimpoint","7":"product_cat-kape-i-kacketi","9":"first","10":"instock","11":"taxable","12":"shipping-taxable","13":"purchasable","14":"product-type-simple"},"_links":{"self":[{"href":"https:\/\/torzokom.com\/ba\/wp-json\/wp\/v2\/product\/9631","targetHints":{"allow":["GET"]}}],"collection":[{"href":"https:\/\/torzokom.com\/ba\/wp-json\/wp\/v2\/product"}],"about":[{"href":"https:\/\/torzokom.com\/ba\/wp-json\/wp\/v2\/types\/product"}],"version-history":[{"count":0,"href":"https:\/\/torzokom.com\/ba\/wp-json\/wp\/v2\/product\/9631\/revisions"}],"wp:featuredmedia":[{"embeddable":true,"href":"https:\/\/torzokom.com\/ba\/wp-json\/wp\/v2\/media\/9632"}],"wp:attachment":[{"href":"https:\/\/torzokom.com\/ba\/wp-json\/wp\/v2\/media?parent=9631"}],"wp:term":[{"taxonomy":"product_cat","embeddable":true,"href":"https:\/\/torzokom.com\/ba\/wp-json\/wp\/v2\/product_cat?post=9631"},{"taxonomy":"product_tag","embeddable":true,"href":"https:\/\/torzokom.com\/ba\/wp-json\/wp\/v2\/product_tag?post=9631"}],"curies":[{"name":"wp","href":"https:\/\/api.w.org\/{rel}","templated":true}]}}