{"id":9634,"date":"2026-02-12T10:53:09","date_gmt":"2026-02-12T09:53:09","guid":{"rendered":"https:\/\/torzokom.com\/?post_type=product&#038;p=9634"},"modified":"2026-03-11T12:50:25","modified_gmt":"2026-03-11T11:50:25","slug":"mauser-lovacki-noz-80415054","status":"publish","type":"product","link":"https:\/\/torzokom.com\/ba\/proizvod\/mauser-lovacki-noz-80415054\/","title":{"rendered":"Mauser lova\u010dki no\u017e 80415054"},"content":{"rendered":"<h2>Mauser lova\u010dki no\u017e 80415054<\/h2>\n<p>MAUSER lova\u010dki no\u017e je ultimativni no\u017e za svakoga \u2013 klasi\u010dni svestrani no\u017e.<br \/>\nO\u0161trica od nehr\u0111aju\u0107eg \u010delika 440A duga je 9,6 cm i \u0161iroka 3,7 mm. Lako se o\u0161tri, ima dobru zadr\u017eavanje o\u0161trine i otporna je na koroziju.<br \/>\nLovni no\u017e ima ukupnu du\u017einu od 21,7 cm. Plasti\u010dno drvo s klasi\u010dnim tamnozelenim MAUSER dizajnom osigurava udoban, pouzdan hvat bez klizanja. MAUSER logo u dr\u0161ci je jo\u0161 jedna upe\u010datljiva zna\u010dajka. No\u017e se mo\u017ee pohraniti u providnoj plasti\u010dnoj korici sa kop\u010dom za pojas.<br \/>\nUvijek pri ruci i fleksibilan \u2013 svestrani no\u017e \u2013 lova\u010dki no\u017e MAUSER!<\/p>","protected":false},"excerpt":{"rendered":"<div class=\"Y3BBE\" data-sfc-cp=\"\" data-sfc-cb=\"\" data-hveid=\"CAEIAxAA\" data-complete=\"true\" data-processed=\"true\"><strong class=\"Yjhzub\" data-sfc-cb=\"\" data-complete=\"true\" data-processed=\"true\">Mauser lova\u010dki no\u017e 80415054<\/strong> je vrhunski alat za profesionalne lovce, dizajniran da pru\u017ei maksimalnu preciznost i izdr\u017eljivost na terenu. Izra\u0111en od visokokvalitetnog \u010delika otpornog na koroziju, ovaj no\u017e garantuje dugotrajnu o\u0161trinu se\u010diva. Ergonomska dr\u0161ka osigurava siguran hvat u svim uslovima, \u010dine\u0107i ga nezaobilaznim delom va\u0161e lova\u010dke opreme.<\/div>","protected":false},"featured_media":9636,"template":"","meta":[],"product_cat":[47,83],"product_tag":[],"class_list":{"0":"post-9634","1":"product","2":"type-product","3":"status-publish","4":"has-post-thumbnail","6":"product_brand-mauser","7":"product_cat-nozevi","8":"product_cat-dodatna-oprema","10":"first","11":"instock","12":"taxable","13":"shipping-taxable","14":"purchasable","15":"product-type-simple"},"_links":{"self":[{"href":"https:\/\/torzokom.com\/ba\/wp-json\/wp\/v2\/product\/9634","targetHints":{"allow":["GET"]}}],"collection":[{"href":"https:\/\/torzokom.com\/ba\/wp-json\/wp\/v2\/product"}],"about":[{"href":"https:\/\/torzokom.com\/ba\/wp-json\/wp\/v2\/types\/product"}],"version-history":[{"count":0,"href":"https:\/\/torzokom.com\/ba\/wp-json\/wp\/v2\/product\/9634\/revisions"}],"wp:featuredmedia":[{"embeddable":true,"href":"https:\/\/torzokom.com\/ba\/wp-json\/wp\/v2\/media\/9636"}],"wp:attachment":[{"href":"https:\/\/torzokom.com\/ba\/wp-json\/wp\/v2\/media?parent=9634"}],"wp:term":[{"taxonomy":"product_cat","embeddable":true,"href":"https:\/\/torzokom.com\/ba\/wp-json\/wp\/v2\/product_cat?post=9634"},{"taxonomy":"product_tag","embeddable":true,"href":"https:\/\/torzokom.com\/ba\/wp-json\/wp\/v2\/product_tag?post=9634"}],"curies":[{"name":"wp","href":"https:\/\/api.w.org\/{rel}","templated":true}]}}