{"id":9816,"date":"2026-03-04T12:53:40","date_gmt":"2026-03-04T11:53:40","guid":{"rendered":"https:\/\/torzokom.com\/?post_type=product&#038;p=9816"},"modified":"2026-03-11T10:17:00","modified_gmt":"2026-03-11T09:17:00","slug":"kofer-za-pusku-1640cisy","status":"publish","type":"product","link":"https:\/\/torzokom.com\/ba\/proizvod\/kofer-za-pusku-1640cisy\/","title":{"rendered":"Kofer za pu\u0161ku 1640CISY 117,5x29x12"},"content":{"rendered":"<ul class=\"KsbFXc U6u95\" data-sfc-cb=\"\" data-complete=\"true\" data-processed=\"true\">\n<li class=\"dF3vjf\" data-sfc-cb=\"\" data-hveid=\"CAEIBRAA\" data-complete=\"true\" data-sae=\"\">\n<div class=\"otQkpb\" role=\"heading\" aria-level=\"3\" data-animation-nesting=\"\" data-sfc-cp=\"\" data-sfc-cb=\"\" data-complete=\"true\" data-processed=\"true\" data-sae=\"\">\n<p>Kofer za pu\u0161ku 1640CISY (117,5x29x12 cm) \u2013 Maksimalna za\u0161tita<\/p>\n<div class=\"otQkpb\" role=\"heading\" aria-level=\"3\" data-animation-nesting=\"\" data-sfc-cp=\"\" data-sfc-cb=\"\" data-complete=\"true\" data-processed=\"true\" data-sae=\"\"><\/div>\n<div data-sfc-cp=\"\" data-sfc-cb=\"\" data-hveid=\"CAEIBBAA\" data-complete=\"true\" data-processed=\"true\"><\/div>\n<div class=\"Y3BBE\" data-sfc-cp=\"\" data-sfc-cb=\"\" data-hveid=\"CAEIBBAA\" data-complete=\"true\" data-processed=\"true\"><strong class=\"Yjhzub\" data-sfc-cb=\"\" data-complete=\"true\" data-processed=\"true\">Kofer za pu\u0161ku 1640CISY<\/strong> je vrhunsko rje\u0161enje za siguran transport i skladi\u0161tenje va\u0161eg oru\u017eja. Dizajniran je za lovce i strijelce koji tra\u017ee beskompromisnu za\u0161titu.<\/div>\n<div class=\"Y3BBE\" data-sfc-cp=\"\" data-sfc-cb=\"\" data-hveid=\"CAEIBRAA\" data-processed=\"true\" data-complete=\"true\">Izra\u0111en je od visokootpornog\u00a0<strong class=\"Yjhzub\" data-sfc-cb=\"\" data-complete=\"true\" data-processed=\"true\">polipropilena<\/strong>, \u0161to ga \u010dini izuzetno \u010dvrstim i laganim. Materijal je otporan na udarce, ogrebotine i ekstremne vremenske uvjete.<\/div>\n<div data-sfc-cp=\"\" data-sfc-cb=\"\" data-hveid=\"CAEIBRAA\" data-processed=\"true\" data-complete=\"true\"><\/div>\n<div class=\"Y3BBE\" data-sfc-cp=\"\" data-sfc-cb=\"\" data-hveid=\"CAEIBhAA\" data-processed=\"true\" data-complete=\"true\">Unutra\u0161njost je oblo\u017eena visokokvalitetnom\u00a0<strong class=\"Yjhzub\" data-sfc-cb=\"\" data-complete=\"true\" data-processed=\"true\">piramidalnom spu\u017evom<\/strong>. Ona fiksira pu\u0161ku i sprje\u010dava bilo kakvo pomicanje ili o\u0161te\u0107enje optike tijekom transporta.<\/div>\n<div data-sfc-cp=\"\" data-sfc-cb=\"\" data-hveid=\"CAEIBhAA\" data-processed=\"true\" data-complete=\"true\"><\/div>\n<div class=\"Y3BBE\" data-sfc-cp=\"\" data-sfc-cb=\"\" data-hveid=\"CAEIBxAA\" data-complete=\"true\" data-processed=\"true\">Dimenzije od\u00a0<strong class=\"Yjhzub\" data-sfc-cb=\"\" data-complete=\"true\" data-processed=\"true\">117,5 x 29 x 12 cm<\/strong> idealne su za ve\u0107inu lova\u010dkih karabina s montiranom optikom. Kofer pru\u017ea dovoljno prostora za siguran smje\u0161taj bez pritiska na ciljnik.<\/div>\n<div data-sfc-cp=\"\" data-sfc-cb=\"\" data-hveid=\"CAEIBxAA\" data-complete=\"true\" data-processed=\"true\"><\/div>\n<div class=\"Y3BBE\" data-sfc-cp=\"\" data-sfc-cb=\"\" data-hveid=\"CAEICBAA\" data-complete=\"true\" data-processed=\"true\">Opremljen je sa\u00a0<strong class=\"Yjhzub\" data-sfc-cb=\"\" data-complete=\"true\" data-processed=\"true\">\u010detiri sna\u017ene kop\u010de<\/strong> koje osiguravaju \u010dvrsto zatvaranje. Sustav \u0161arki je dodatno oja\u010dan kako bi izdr\u017eao dugotrajnu i intenzivnu upotrebu.<\/div>\n<div data-sfc-cp=\"\" data-sfc-cb=\"\" data-hveid=\"CAEICBAA\" data-complete=\"true\" data-processed=\"true\"><\/div>\n<div class=\"Y3BBE\" data-sfc-cp=\"\" data-sfc-cb=\"\" data-hveid=\"CAEICRAA\" data-complete=\"true\" data-processed=\"true\">Na koferu se nalaze i predvi\u0111ena mjesta za monta\u017eu\u00a0<strong class=\"Yjhzub\" data-sfc-cb=\"\" data-complete=\"true\" data-processed=\"true\">lokota (katanca)<\/strong>. To vam omogu\u0107uje dodatnu razinu sigurnosti i uskla\u0111enost sa zakonskim propisima o transportu oru\u017eja.<\/div>\n<div data-sfc-cp=\"\" data-sfc-cb=\"\" data-hveid=\"CAEICRAA\" data-complete=\"true\" data-processed=\"true\"><\/div>\n<div class=\"Y3BBE\" data-sfc-cp=\"\" data-sfc-cb=\"\" data-hveid=\"CAEIChAA\" data-complete=\"true\" data-processed=\"true\">Ergonomska ru\u010dka omogu\u0107uje udobno no\u0161enje, \u010dak i kada je kofer potpuno optere\u0107en. Dizajn je optimiziran za lako slaganje u prtlja\u017enik vozila ili ormar za oru\u017eje.<\/div>\n<div data-sfc-cp=\"\" data-sfc-cb=\"\" data-hveid=\"CAEIChAA\" data-complete=\"true\" data-processed=\"true\"><\/div>\n<div class=\"Y3BBE\" data-sfc-cp=\"\" data-sfc-cb=\"\" data-hveid=\"CAEICxAA\" data-complete=\"true\" data-processed=\"true\"><strong class=\"Yjhzub\" data-sfc-cb=\"\" data-complete=\"true\" data-processed=\"true\">Kofer 1640CISY<\/strong> je investicija koja \u010duva vrijednost va\u0161e opreme. Osigurajte svom oru\u017eju za\u0161titu kakvu zaslu\u017euje uz ovaj profesionalni model.<\/div>\n<div class=\"Fsg96\" data-sfc-cp=\"\" data-sfc-cb=\"\" data-complete=\"true\" data-processed=\"true\"><\/div>\n<hr class=\"j3tEEe\" data-sfc-pl=\"|[]\" data-sfc-cb=\"\" data-complete=\"true\" data-processed=\"true\" data-sae=\"\" \/>\n<div class=\"Fsg96\" data-sfc-cp=\"\" data-sfc-cb=\"\" data-complete=\"true\" data-processed=\"true\"><\/div>\n<\/div>\n<\/li>\n<\/ul>","protected":false},"excerpt":{"rendered":"<div class=\"otQkpb\" role=\"heading\" aria-level=\"3\" data-animation-nesting=\"\" data-sfc-cp=\"\" data-sfc-cb=\"\" data-complete=\"true\" data-processed=\"true\" data-sae=\"\"><strong>Kofer za pu\u0161ku 1640CISY (117,5x29x12 cm)<\/strong><\/div>\n<div role=\"heading\" aria-level=\"3\" data-animation-nesting=\"\" data-sfc-cp=\"\" data-sfc-cb=\"\" data-complete=\"true\" data-processed=\"true\" data-sae=\"\"><\/div>\n<div class=\"Y3BBE\" data-sfc-cp=\"\" data-sfc-cb=\"\" data-hveid=\"CAEIBBAA\" data-complete=\"true\" data-processed=\"true\"><strong class=\"Yjhzub\" data-sfc-cb=\"\" data-complete=\"true\" data-processed=\"true\">Kofer za pu\u0161ku 1640CISY<\/strong> pru\u017ea vrhunsku za\u0161titu za va\u0161e lova\u010dko ili sportsko oru\u017eje. Izra\u0111en je od visokootpornog polipropilena koji apsorbira udarce tijekom transporta.<\/div>\n<div data-sfc-cp=\"\" data-sfc-cb=\"\" data-hveid=\"CAEIBBAA\" data-complete=\"true\" data-processed=\"true\"><\/div>\n<div class=\"Y3BBE\" data-sfc-cp=\"\" data-sfc-cb=\"\" data-hveid=\"CAEIBRAA\" data-complete=\"true\" data-processed=\"true\">Unutra\u0161njost s piramidalnom spu\u017evom sigurno fiksira pu\u0161ku i \u0161titi osjetljivu optiku. Dimenzije od\u00a0<strong class=\"Yjhzub\" data-sfc-cb=\"\" data-complete=\"true\" data-processed=\"true\">117,5 x 29 x 12 cm<\/strong> idealne su za ve\u0107inu karabina s montiranim ciljnikom.<\/div>\n<div data-sfc-cp=\"\" data-sfc-cb=\"\" data-hveid=\"CAEIBRAA\" data-complete=\"true\" data-processed=\"true\"><\/div>\n<div class=\"Y3BBE\" data-sfc-cp=\"\" data-sfc-cb=\"\" data-hveid=\"CAEIBhAA\" data-complete=\"true\" data-processed=\"true\" aria-owns=\"action-menu-parent-container\">Opremljen je sa \u010detiri sna\u017ene kop\u010de i rupama za lokot za maksimalnu sigurnost. Lagana i \u010dvrsta konstrukcija osigurava dugovje\u010dnost u svim lova\u010dkim uvjetima.<\/div>","protected":false},"featured_media":9918,"template":"","meta":[],"product_cat":[83,212],"product_tag":[],"class_list":{"0":"post-9816","1":"product","2":"type-product","3":"status-publish","4":"has-post-thumbnail","6":"product_brand-stil-crin-srl","7":"product_cat-dodatna-oprema","8":"product_cat-futrole-i-koferi","10":"first","11":"instock","12":"taxable","13":"shipping-taxable","14":"purchasable","15":"product-type-simple"},"_links":{"self":[{"href":"https:\/\/torzokom.com\/ba\/wp-json\/wp\/v2\/product\/9816","targetHints":{"allow":["GET"]}}],"collection":[{"href":"https:\/\/torzokom.com\/ba\/wp-json\/wp\/v2\/product"}],"about":[{"href":"https:\/\/torzokom.com\/ba\/wp-json\/wp\/v2\/types\/product"}],"version-history":[{"count":0,"href":"https:\/\/torzokom.com\/ba\/wp-json\/wp\/v2\/product\/9816\/revisions"}],"wp:featuredmedia":[{"embeddable":true,"href":"https:\/\/torzokom.com\/ba\/wp-json\/wp\/v2\/media\/9918"}],"wp:attachment":[{"href":"https:\/\/torzokom.com\/ba\/wp-json\/wp\/v2\/media?parent=9816"}],"wp:term":[{"taxonomy":"product_cat","embeddable":true,"href":"https:\/\/torzokom.com\/ba\/wp-json\/wp\/v2\/product_cat?post=9816"},{"taxonomy":"product_tag","embeddable":true,"href":"https:\/\/torzokom.com\/ba\/wp-json\/wp\/v2\/product_tag?post=9816"}],"curies":[{"name":"wp","href":"https:\/\/api.w.org\/{rel}","templated":true}]}}