{"id":9824,"date":"2026-03-04T12:38:27","date_gmt":"2026-03-04T11:38:27","guid":{"rendered":"https:\/\/torzokom.com\/?post_type=product&#038;p=9824"},"modified":"2026-03-04T13:31:40","modified_gmt":"2026-03-04T12:31:40","slug":"filc-za-ciscenje-oruzja","status":"publish","type":"product","link":"https:\/\/torzokom.com\/ba\/proizvod\/filc-za-ciscenje-oruzja\/","title":{"rendered":"Filc za \u010di\u0161\u0107enje oru\u017eja"},"content":{"rendered":"<p>Filcani \u010depovi (vuneni filcevi) predstavljaju najefikasniji na\u010din za temeljno \u010di\u0161\u0107enje unutra\u0161njosti cijevi va\u0161eg oru\u017eja. Napravljeni od\u00a0<strong class=\"Yjhzub\" data-sfc-cb=\"\" data-complete=\"true\" data-processed=\"true\">100% prirodne, visokokvalitetne vune<\/strong>, ovi \u010depovi su dizajnirani da savr\u0161eno prijanjaju uz \u017eljebove cijevi, uklanjaju\u0107i ostatke baruta, bakra, olova i plastike bez ikakvog rizika od o\u0161te\u0107enja unutra\u0161njosti.<\/p>","protected":false},"excerpt":{"rendered":"<div class=\"otQkpb\" role=\"heading\" aria-level=\"3\" data-animation-nesting=\"\" data-sfc-cp=\"\" data-sfc-cb=\"\" data-complete=\"true\" data-processed=\"true\" data-sae=\"\">Karakteristike proizvoda:<\/div>\n<ul class=\"KsbFXc U6u95\" data-sfc-cb=\"\" data-processed=\"true\" data-complete=\"true\">\n<li class=\"dF3vjf\" data-sfc-cb=\"\" data-hveid=\"CAEIBxAA\" data-complete=\"true\" data-sae=\"\"><span class=\"T286Pc\" data-sfc-cp=\"\" data-sfc-cb=\"\" data-complete=\"true\"><strong class=\"Yjhzub\" data-sfc-cb=\"\" data-complete=\"true\">Materijal:<\/strong>\u00a0Specijalno obra\u0111ena prirodna vuna (filc).<\/span><\/li>\n<li class=\"dF3vjf\" data-sfc-cb=\"\" data-hveid=\"CAEIBxAB\" data-complete=\"true\" data-sae=\"\"><span class=\"T286Pc\" data-sfc-cp=\"\" data-sfc-cb=\"\" data-complete=\"true\"><strong class=\"Yjhzub\" data-sfc-cb=\"\" data-complete=\"true\">Dostupni kalibri:<\/strong>\u00a0Od vazdu\u0161nog oru\u017eja (4.5mm) do sa\u010dmarica i krupnih karabinskih kalibara.<\/span><\/li>\n<li class=\"dF3vjf\" data-sfc-cb=\"\" data-hveid=\"CAEIBxAC\" data-sae=\"\" data-complete=\"true\"><span class=\"T286Pc\" data-sfc-cp=\"\" data-sfc-cb=\"\" data-complete=\"true\"><strong class=\"Yjhzub\" data-sfc-cb=\"\" data-complete=\"true\">Kompatibilnost:<\/strong>\u00a0Idealni za upotrebu sa mjedenim adapterima (dr\u017ea\u010dima filca) na \u0161ipkama za \u010di\u0161\u0107enje.<\/span><\/li>\n<li class=\"dF3vjf\" data-sfc-cb=\"\" data-hveid=\"CAEIBxAD\" data-complete=\"true\" data-processed=\"true\" data-sae=\"\"><span class=\"T286Pc\" data-sfc-cp=\"\" data-sfc-cb=\"\" data-complete=\"true\"><strong class=\"Yjhzub\" data-sfc-cb=\"\" data-complete=\"true\">Ekolo\u0161ki prihvatljivi:<\/strong>\u00a0Biorazgradiv materijal visokog kvaliteta.<\/span><\/li>\n<\/ul>\n<div class=\"Fsg96\" data-sfc-cp=\"\" data-sfc-cb=\"\" data-complete=\"true\" data-processed=\"true\"><\/div>\n<div class=\"otQkpb\" role=\"heading\" aria-level=\"3\" data-animation-nesting=\"\" data-sfc-cp=\"\" data-sfc-cb=\"\" data-complete=\"true\" data-processed=\"true\" data-sae=\"\">Dostupna pakovanja:<\/div>\n<ul class=\"KsbFXc U6u95\" data-sfc-cb=\"\" data-complete=\"true\" data-processed=\"true\">\n<li class=\"dF3vjf\" data-sfc-cb=\"\" data-hveid=\"CAEICBAA\" data-complete=\"true\" data-sae=\"\"><span class=\"T286Pc\" data-sfc-cp=\"\" data-sfc-cb=\"\" data-complete=\"true\">Standardno pakovanje (50 komada) \u2013 Za redovno odr\u017eavanje.<\/span><\/li>\n<\/ul>","protected":false},"featured_media":9920,"template":"","meta":[],"product_cat":[30,51],"product_tag":[],"class_list":{"0":"post-9824","1":"product","2":"type-product","3":"status-publish","4":"has-post-thumbnail","6":"product_brand-stil-crin-srl","7":"product_cat-ciscenje-i-odrzavanje-oruzja","8":"product_cat-ostalo","9":"pa_kalibar-223-rem","10":"pa_kalibar-243-win","11":"pa_kalibar-270-win","12":"pa_kalibar-30-06-spr","13":"pa_kalibar-65-prc","14":"pa_kalibar-8x57js","15":"pa_kalibar-93x62","17":"first","18":"instock","19":"taxable","20":"shipping-taxable","21":"purchasable","22":"product-type-variable"},"_links":{"self":[{"href":"https:\/\/torzokom.com\/ba\/wp-json\/wp\/v2\/product\/9824","targetHints":{"allow":["GET"]}}],"collection":[{"href":"https:\/\/torzokom.com\/ba\/wp-json\/wp\/v2\/product"}],"about":[{"href":"https:\/\/torzokom.com\/ba\/wp-json\/wp\/v2\/types\/product"}],"version-history":[{"count":0,"href":"https:\/\/torzokom.com\/ba\/wp-json\/wp\/v2\/product\/9824\/revisions"}],"wp:featuredmedia":[{"embeddable":true,"href":"https:\/\/torzokom.com\/ba\/wp-json\/wp\/v2\/media\/9920"}],"wp:attachment":[{"href":"https:\/\/torzokom.com\/ba\/wp-json\/wp\/v2\/media?parent=9824"}],"wp:term":[{"taxonomy":"product_cat","embeddable":true,"href":"https:\/\/torzokom.com\/ba\/wp-json\/wp\/v2\/product_cat?post=9824"},{"taxonomy":"product_tag","embeddable":true,"href":"https:\/\/torzokom.com\/ba\/wp-json\/wp\/v2\/product_tag?post=9824"}],"curies":[{"name":"wp","href":"https:\/\/api.w.org\/{rel}","templated":true}]}}